{"id":53586,"date":"2023-12-05T15:57:59","date_gmt":"2023-12-05T14:57:59","guid":{"rendered":"https:\/\/mynfcbusinesscard.com\/product\/biglietto-da-visita-digitale\/"},"modified":"2024-07-01T16:50:38","modified_gmt":"2024-07-01T14:50:38","slug":"carte-de-visite-digitale","status":"publish","type":"product","link":"https:\/\/mynfcbusinesscard.com\/fr\/produit\/carte-de-visite-digitale\/","title":{"rendered":"Carte de visite digitale"},"content":{"rendered":"<h2><strong>Carte de Visite Digitale avec Code QR : vos coordonn\u00e9es en un clic<\/strong><\/h2>\n<p>Notre Carte de Visite Digitale est la solution innovante pour vous pr\u00e9senter ou pr\u00e9senter votre entreprise de mani\u00e8re moderne et respectueuse de l&rsquo;environnement. Plus de papier ou de plastique, plus de d\u00e9chets. D&rsquo;un simple clic, acc\u00e9dez \u00e0 un monde d&rsquo;informations personnalis\u00e9es qui correspondent \u00e0 votre style.<\/p>\n<h3><strong>Principales caract\u00e9ristiques de la Carte de Visite Digitale :<\/strong><\/h3>\n<ul>\n<li>\n<h4><strong><a href=\"https:\/\/fr.wikipedia.org\/wiki\/Code_QR\" target=\"_blank\" rel=\"noopener\">Code QR<\/a> personnalis\u00e9\u00a0:<\/strong><\/h4>\n<\/li>\n<\/ul>\n<p>En plus du lien, vous recevrez un code QR unique. Il suffit de le scanner avec un smartphone et d&rsquo;acc\u00e9der instantan\u00e9ment \u00e0 votre page personnelle, ce qui rend le partage encore plus rapide et plus pratique.<\/p>\n<ul>\n<li>\n<h4><strong>Redirection de lien (redirigez le lien Web que vous souhaitez vers votre billet num\u00e9rique) :<\/strong><\/h4>\n<\/li>\n<\/ul>\n<p>Votre carte de visite digitale peut \u00e9galement \u00eatre utilis\u00e9e pour pointer vers un lien web que vous souhaitez, l&rsquo;activer et le d\u00e9sactiver \u00e0 tout moment pour le lancement d&rsquo;un produit ou d&rsquo;une campagne promotionnelle \u00e0 partir d&rsquo;une landing page ou d&rsquo;une vid\u00e9o etc. etc.<\/p>\n<ul>\n<li>\n<h4><strong>Ins\u00e9rez des photos dans le curseur, int\u00e9grez des liens vers des vid\u00e9os de YouTube et Vimeo :<\/strong><\/h4>\n<\/li>\n<\/ul>\n<p>Connectez-vous avec votre public gr\u00e2ce au multim\u00e9dia. Ajoutez des photos, des vid\u00e9os, des liens vers vos r\u00e9seaux sociaux et bien plus encore pour faire conna\u00eetre vos services de mani\u00e8re innovante gr\u00e2ce au billet num\u00e9rique.<\/p>\n<ul>\n<li>\n<h4><strong>Respectueux de l&rsquo;environnement :<\/strong><\/h4>\n<\/li>\n<\/ul>\n<p>En achetant nos billets num\u00e9riques, vous contribuez au respect des ressources environnementales de cette plan\u00e8te. R\u00e9duisez le gaspillage de papier et d\u00e9montrez votre engagement en faveur du d\u00e9veloppement durable en donnant le bon exemple \u00e0 ceux qui ne veulent toujours pas changer.<\/p>\n<ul>\n<li>\n<h4><strong>Partage facile:<\/strong><\/h4>\n<\/li>\n<\/ul>\n<p>Partagez votre billet num\u00e9rique avec un simple lien par e-mail, SMS, messagerie instantan\u00e9e comme WhatsApp et Telegram, ou sur les r\u00e9seaux sociaux. Vous n&rsquo;avez plus \u00e0 vous soucier de transporter une pile de billets physiques avec vous.<\/p>\n<ul>\n<li>\n<h4><strong>Statistiques d&rsquo;utilisation :<\/strong><\/h4>\n<\/li>\n<\/ul>\n<p>Gr\u00e2ce \u00e0 la Carte de Visite Digitale, vous pouvez avoir les statistiques d&rsquo;utilisation de votre Carte de Visite Digitale. D\u00e9couvrez la performance de votre r\u00e9seau de vente en temps r\u00e9el, mesurez l&rsquo;efficacit\u00e9 de vos promoteurs lors d&rsquo;un salon, d&rsquo;une exposition ou d&rsquo;un \u00e9v\u00e9nement. Suivez le nombre de fois que vous avez \u00e9t\u00e9 enregistr\u00e9 dans le carnet d&rsquo;adresses, le pays, la ville et la langue dans lesquels l&rsquo;interaction a eu lieu.<\/p>\n<ul>\n<li>\n<h4><strong>Obtenir des avis de Google et Trustpilot<\/strong><\/h4>\n<\/li>\n<\/ul>\n<p>Notre Carte de Visite Digitale vous donne la possibilit\u00e9 de recevoir rapidement et facilement les avis de vos clients, le tout \u00e0 partir de votre carte num\u00e9rique en deux clics ! Pour ce faire, c&rsquo;est simple, ins\u00e9rez vos liens Google et Trustpilot dans votre zone d&rsquo;\u00e9dition de tickets num\u00e9riques, enregistrez vos modifications, et le tour est jou\u00e9 ! Bon accueil \u00e0 tous les \ud83d\ude42<\/p>\n<ul>\n<li>\n<h4><strong>Une plateforme de gestion d\u00e9di\u00e9e pour les tickets num\u00e9riques sans utiliser d&rsquo;application :<\/strong><\/h4>\n<\/li>\n<\/ul>\n<p>La plateforme de gestion de votre carte de visite num\u00e9rique est la plus performante du march\u00e9, g\u00e9rez toutes les informations sur votre page personnelle. Ajoutez, modifiez et organisez facilement du contenu pour garder un profil \u00e0 jour et professionnel avec toutes les meilleures fonctionnalit\u00e9s toujours \u00e0 jour pour nos clients.<\/p>\n<h3><strong>Comment fonctionne le billet num\u00e9rique ?<\/strong><\/h3>\n<ul>\n<li>\n<h4><strong>Achat de billets num\u00e9riques et premier acc\u00e8s \u00e0 la plateforme :<\/strong><\/h4>\n<\/li>\n<\/ul>\n<p>En achetant la Carte de Visite Digitale pour 12 \u20ac\/an, vous recevrez un e-mail de confirmation et un deuxi\u00e8me e-mail pour effectuer votre premier acc\u00e8s \u00e0 la plateforme de gestion des billets.<\/p>\n<ul>\n<li>\n<h4><strong>Personnalisez votre Carte de Visite Digitale :<\/strong><\/h4>\n<\/li>\n<\/ul>\n<p>Modifiez et organisez vos informations de contact facilement et intuitivement, sans avoir besoin de connaissances techniques, t\u00e9l\u00e9chargez des images, des pdf, des vid\u00e9os de YouTube et Vimeo de mani\u00e8re intuitive, m\u00eame depuis votre smartphone Android ou votre iPhone.<\/p>\n<ul>\n<li>\n<h4><strong>Partage facile :<\/strong><\/h4>\n<\/li>\n<\/ul>\n<p>Partagez votre Carte de Visite Digitale ou partagez l&rsquo;image du QR-Code personnalis\u00e9 associ\u00e9 \u00e0 votre Carte de Visite Digitale.<\/p>\n<p>La Carte de Visite Digitale est la solution durable pour un monde de plus en plus connect\u00e9. Pr\u00e9sentez-vous de mani\u00e8re dynamique et respectueuse de l&rsquo;environnement. Pour en savoir plus, consultez <a href=\"https:\/\/mynfcbusinesscard.com\/fr\/faq\/\" target=\"_blank\" rel=\"noopener\">la page F.A.Q<\/a>.<\/p>\n","protected":false},"excerpt":{"rendered":"<div class=\"gtx-body\">12,00 \u20ac, cotisation annuelle comprise<\/div>\n","protected":false},"featured_media":53043,"template":"","meta":{"_acf_changed":false,"ocean_post_layout":"full-width","ocean_both_sidebars_style":"","ocean_both_sidebars_content_width":0,"ocean_both_sidebars_sidebars_width":0,"ocean_sidebar":"0","ocean_second_sidebar":"0","ocean_disable_margins":"enable","ocean_add_body_class":"","ocean_shortcode_before_top_bar":"","ocean_shortcode_after_top_bar":"","ocean_shortcode_before_header":"","ocean_shortcode_after_header":"","ocean_has_shortcode":"","ocean_shortcode_after_title":"","ocean_shortcode_before_footer_widgets":"","ocean_shortcode_after_footer_widgets":"","ocean_shortcode_before_footer_bottom":"","ocean_shortcode_after_footer_bottom":"","ocean_display_top_bar":"off","ocean_display_header":"default","ocean_header_style":"","ocean_center_header_left_menu":"0","ocean_custom_header_template":"0","ocean_custom_logo":0,"ocean_custom_retina_logo":0,"ocean_custom_logo_max_width":0,"ocean_custom_logo_tablet_max_width":0,"ocean_custom_logo_mobile_max_width":0,"ocean_custom_logo_max_height":0,"ocean_custom_logo_tablet_max_height":0,"ocean_custom_logo_mobile_max_height":0,"ocean_header_custom_menu":"0","ocean_menu_typo_font_family":"0","ocean_menu_typo_font_subset":"","ocean_menu_typo_font_size":0,"ocean_menu_typo_font_size_tablet":0,"ocean_menu_typo_font_size_mobile":0,"ocean_menu_typo_font_size_unit":"px","ocean_menu_typo_font_weight":"","ocean_menu_typo_font_weight_tablet":"","ocean_menu_typo_font_weight_mobile":"","ocean_menu_typo_transform":"","ocean_menu_typo_transform_tablet":"","ocean_menu_typo_transform_mobile":"","ocean_menu_typo_line_height":0,"ocean_menu_typo_line_height_tablet":0,"ocean_menu_typo_line_height_mobile":0,"ocean_menu_typo_line_height_unit":"","ocean_menu_typo_spacing":0,"ocean_menu_typo_spacing_tablet":0,"ocean_menu_typo_spacing_mobile":0,"ocean_menu_typo_spacing_unit":"","ocean_menu_link_color":"","ocean_menu_link_color_hover":"","ocean_menu_link_color_active":"","ocean_menu_link_background":"","ocean_menu_link_hover_background":"","ocean_menu_link_active_background":"","ocean_menu_social_links_bg":"","ocean_menu_social_hover_links_bg":"","ocean_menu_social_links_color":"","ocean_menu_social_hover_links_color":"","ocean_disable_title":"on","ocean_disable_heading":"default","ocean_post_title":"","ocean_post_subheading":"","ocean_post_title_style":"","ocean_post_title_background_color":"","ocean_post_title_background":0,"ocean_post_title_bg_image_position":"","ocean_post_title_bg_image_attachment":"","ocean_post_title_bg_image_repeat":"","ocean_post_title_bg_image_size":"","ocean_post_title_height":0,"ocean_post_title_bg_overlay":0.5,"ocean_post_title_bg_overlay_color":"","ocean_disable_breadcrumbs":"default","ocean_breadcrumbs_color":"","ocean_breadcrumbs_separator_color":"","ocean_breadcrumbs_links_color":"","ocean_breadcrumbs_links_hover_color":"","ocean_display_footer_widgets":"default","ocean_display_footer_bottom":"default","ocean_custom_footer_template":"0"},"product_brand":[],"product_cat":[321],"product_tag":[222],"class_list":{"0":"post-53586","1":"product","2":"type-product","3":"status-publish","4":"has-post-thumbnail","6":"product_cat-digital-card-fr","7":"product_tag-digital-fr","9":"entry","10":"has-media","12":"first","13":"instock","14":"virtual","15":"taxable","16":"purchasable","17":"product-type-subscription","18":"has-product-nav","19":"col","20":"span_1_of_3","21":"owp-content-center","22":"owp-thumbs-layout-horizontal","23":"owp-btn-normal","24":"owp-tabs-layout-horizontal","25":"has-no-thumbnails"},"acf":[],"_links":{"self":[{"href":"https:\/\/mynfcbusinesscard.com\/fr\/wp-json\/wp\/v2\/product\/53586","targetHints":{"allow":["GET"]}}],"collection":[{"href":"https:\/\/mynfcbusinesscard.com\/fr\/wp-json\/wp\/v2\/product"}],"about":[{"href":"https:\/\/mynfcbusinesscard.com\/fr\/wp-json\/wp\/v2\/types\/product"}],"wp:featuredmedia":[{"embeddable":true,"href":"https:\/\/mynfcbusinesscard.com\/fr\/wp-json\/wp\/v2\/media\/53043"}],"wp:attachment":[{"href":"https:\/\/mynfcbusinesscard.com\/fr\/wp-json\/wp\/v2\/media?parent=53586"}],"wp:term":[{"taxonomy":"product_brand","embeddable":true,"href":"https:\/\/mynfcbusinesscard.com\/fr\/wp-json\/wp\/v2\/product_brand?post=53586"},{"taxonomy":"product_cat","embeddable":true,"href":"https:\/\/mynfcbusinesscard.com\/fr\/wp-json\/wp\/v2\/product_cat?post=53586"},{"taxonomy":"product_tag","embeddable":true,"href":"https:\/\/mynfcbusinesscard.com\/fr\/wp-json\/wp\/v2\/product_tag?post=53586"}],"curies":[{"name":"wp","href":"https:\/\/api.w.org\/{rel}","templated":true}]}}