{"id":49649,"date":"2021-10-18T18:50:38","date_gmt":"2021-10-18T16:50:38","guid":{"rendered":"https:\/\/mynfcbusinesscard.com\/product\/biglietti-da-visita-digitali-nfc-in-metallo\/"},"modified":"2024-07-08T10:42:42","modified_gmt":"2024-07-08T08:42:42","slug":"carte-de-visite-virtuelle-en-metal-nfc","status":"publish","type":"product","link":"https:\/\/mynfcbusinesscard.com\/fr\/produit\/carte-de-visite-virtuelle-en-metal-nfc\/","title":{"rendered":"Carte de Visite Virtuelle en M\u00e9tal NFC"},"content":{"rendered":"<p>Carte de Visite Virtuelle en M\u00e9tal de My NFC Business Card (MNBC) repr\u00e9sentent une avanc\u00e9e significative dans l&rsquo;approche du r\u00e9seautage professionnel et de l&rsquo;environnement. Gr\u00e2ce \u00e0 notre vision innovante et ax\u00e9e sur la durabilit\u00e9, nous mettons \u00e0 disposition une solution intelligente pour optimiser votre r\u00e9seautage et contribuer \u00e0 la protection de notre plan\u00e8te.<\/p>\n<div>\n<h3>Pourquoi choisir notre Carte de Visite Virtuelle en M\u00e9tal \u00e9cologiques?<\/h3>\n<ol>\n<li>\n<h4>Engagement en faveur de l&rsquo;environnement et de la durabilit\u00e9:<\/h4>\n<p>Notre Carte de Visite Virtuelle en M\u00e9tal NFC en acier est un choix \u00e9cologique pour les professionnels et les entreprises qui souhaitent r\u00e9duire leur impact environnemental. Nous abandonnons la vieille pratique d&rsquo;imprimer de grandes quantit\u00e9s de papier pour produire des montagnes inutiles de cartes de visite. Cette approche vise \u00e0 r\u00e9duire le gaspillage des ressources naturelles et \u00e0 att\u00e9nuer la pollution caus\u00e9e par la production de mat\u00e9riaux conventionnels.<\/li>\n<li>\n<h4><strong>R\u00e9duction des d\u00e9chets et de la pollution:<\/strong><\/h4>\n<p>Notre con\u00e7u \u00e9liminent la n\u00e9cessit\u00e9 d&rsquo;imprimer des milliers de cartes de visite papier qui finissent souvent inutilis\u00e9es ou perdues. Avec une seule copie physique et la technologie NFC, vous pouvez partager vos coordonn\u00e9es de mani\u00e8re efficace, sans avoir \u00e0 imprimer de nouvelles cartes en permanence. Cela pr\u00e9serve non seulement les ressources naturelles, mais s&rsquo;attaque \u00e9galement au probl\u00e8me de l&rsquo;\u00e9limination des cartes de visite papier traditionnelles.<\/li>\n<li>\n<h4><strong>Facilit\u00e9 d&rsquo;utilisation et partage rapide:<\/strong><\/h4>\n<p><a href=\"https:\/\/fr.wikipedia.org\/wiki\/Near-field_communication\" target=\"_blank\" rel=\"noopener\">La technologie NFC<\/a> simplifie consid\u00e9rablement le partage de vos coordonn\u00e9es. Il suffit d&rsquo;approcher votre Carte de Visite Virtuelle en M\u00e9tal\u00a0du t\u00e9l\u00e9phone de votre contact pour qu&rsquo;une fen\u00eatre contextuelle apparaisse automatiquement sur son \u00e9cran, lui permettant de sauvegarder vos informations de mani\u00e8re rapide et efficace. Cette solution moderne est consid\u00e9rablement plus pratique et efficace que l&rsquo;\u00e9change traditionnel des cartes de visite papier.<\/li>\n<li>\n<h4><strong>Personnalisation avanc\u00e9e:<\/strong><\/h4>\n<p>Notre Carte de Visite Virtuelle en M\u00e9tal offres de larges possibilit\u00e9s de personnalisation. Nous r\u00e9alisons une gravure laser sur les deux faces des cartes pour cr\u00e9er un design unique. De plus, vous pouvez inclure un Code QR li\u00e9 \u00e0 votre profil en ligne pour augmenter votre pr\u00e9sence num\u00e9rique. Chargez le logo de votre entreprise et cr\u00e9ez une Carte de Visite Virtuelle en M\u00e9tals qui refl\u00e8te pleinement votre identit\u00e9 d&rsquo;entreprise.<\/li>\n<li>\n<h4>R\u00e9sistance et durabilit\u00e9:<\/h4>\n<p>Notre Carte de Visite Virtuelle en M\u00e9tals est con\u00e7u pour r\u00e9sister \u00e0 l&rsquo;usure quotidienne. Avec une \u00e9paisseur d&rsquo;environ 1,5 mm, elles sont id\u00e9ales pour \u00eatre conserv\u00e9es en toute s\u00e9curit\u00e9 dans votre portefeuille ou votre porte-cartes de cr\u00e9dit. La qualit\u00e9 des mat\u00e9riaux garantit que votre carte conserve son int\u00e9grit\u00e9 au fil du temps.<\/li>\n<li>\n<h4>Abonnement \u00e0 la plateforme de gestion:<\/h4>\n<p>Notre service d&rsquo;abonnement garantit que votre Carte de Visite Virtuelle en M\u00e9tal NFC reste toujours fonctionnelle et \u00e0 jour. Avec de nouvelles fonctionnalit\u00e9s en constante \u00e9volution, vous aurez acc\u00e8s \u00e0 un syst\u00e8me de gestion complet pour maintenir vos donn\u00e9es \u00e0 jour et optimiser votre r\u00e9seau professionnel.<\/li>\n<li>\n<h4>Aucune application n\u00e9cessaire:<\/h4>\n<p>Carte de Visite Virtuelle en M\u00e9tal NFC est compatibles avec la technologie NFC pr\u00e9sente sur la plupart des smartphones modernes, sans avoir besoin d&rsquo;installer des applications suppl\u00e9mentaires. Pour les appareils plus anciens, il peut \u00eatre n\u00e9cessaire d&rsquo;activer manuellement la fonction NFC.<\/li>\n<\/ol>\n<p>En conclusion, la Carte de Visite Virtuelle en M\u00e9tal NFC est pas seulement un choix \u00e9cologique, mais aussi une solution pratique et innovante pour le monde des affaires. En combinant technologie de pointe et durabilit\u00e9 environnementale, ces cartes de visite repr\u00e9sentent l&rsquo;avenir du r\u00e9seautage professionnel. Choisissez MNBC pour faire la diff\u00e9rence et contribuer \u00e0 un avenir plus durable, \u00e0 la fois sur le plan commercial et environnemental.<br \/>\n<a href=\"https:\/\/mynfcbusinesscard.com\/fr\/didacticiel-video-my-nfc-business-card\/\">Visitez la section Tutoriel pour en savoir plus.<\/a><\/p>\n<\/div>\n","protected":false},"excerpt":{"rendered":"<p>A partir de 79,00 \u20ac avec cotisation annuelle (12,00 \u20ac) incluse<\/p>\n","protected":false},"featured_media":56406,"template":"","meta":{"_acf_changed":false,"ocean_post_layout":"full-width","ocean_both_sidebars_style":"","ocean_both_sidebars_content_width":0,"ocean_both_sidebars_sidebars_width":0,"ocean_sidebar":"0","ocean_second_sidebar":"0","ocean_disable_margins":"enable","ocean_add_body_class":"","ocean_shortcode_before_top_bar":"","ocean_shortcode_after_top_bar":"","ocean_shortcode_before_header":"","ocean_shortcode_after_header":"","ocean_has_shortcode":"","ocean_shortcode_after_title":"","ocean_shortcode_before_footer_widgets":"","ocean_shortcode_after_footer_widgets":"","ocean_shortcode_before_footer_bottom":"","ocean_shortcode_after_footer_bottom":"","ocean_display_top_bar":"off","ocean_display_header":"default","ocean_header_style":"","ocean_center_header_left_menu":"0","ocean_custom_header_template":"0","ocean_custom_logo":0,"ocean_custom_retina_logo":0,"ocean_custom_logo_max_width":0,"ocean_custom_logo_tablet_max_width":0,"ocean_custom_logo_mobile_max_width":0,"ocean_custom_logo_max_height":0,"ocean_custom_logo_tablet_max_height":0,"ocean_custom_logo_mobile_max_height":0,"ocean_header_custom_menu":"0","ocean_menu_typo_font_family":"0","ocean_menu_typo_font_subset":"","ocean_menu_typo_font_size":0,"ocean_menu_typo_font_size_tablet":0,"ocean_menu_typo_font_size_mobile":0,"ocean_menu_typo_font_size_unit":"px","ocean_menu_typo_font_weight":"","ocean_menu_typo_font_weight_tablet":"","ocean_menu_typo_font_weight_mobile":"","ocean_menu_typo_transform":"","ocean_menu_typo_transform_tablet":"","ocean_menu_typo_transform_mobile":"","ocean_menu_typo_line_height":0,"ocean_menu_typo_line_height_tablet":0,"ocean_menu_typo_line_height_mobile":0,"ocean_menu_typo_line_height_unit":"","ocean_menu_typo_spacing":0,"ocean_menu_typo_spacing_tablet":0,"ocean_menu_typo_spacing_mobile":0,"ocean_menu_typo_spacing_unit":"","ocean_menu_link_color":"","ocean_menu_link_color_hover":"","ocean_menu_link_color_active":"","ocean_menu_link_background":"","ocean_menu_link_hover_background":"","ocean_menu_link_active_background":"","ocean_menu_social_links_bg":"","ocean_menu_social_hover_links_bg":"","ocean_menu_social_links_color":"","ocean_menu_social_hover_links_color":"","ocean_disable_title":"on","ocean_disable_heading":"default","ocean_post_title":"","ocean_post_subheading":"","ocean_post_title_style":"","ocean_post_title_background_color":"","ocean_post_title_background":0,"ocean_post_title_bg_image_position":"","ocean_post_title_bg_image_attachment":"","ocean_post_title_bg_image_repeat":"","ocean_post_title_bg_image_size":"","ocean_post_title_height":0,"ocean_post_title_bg_overlay":0.5,"ocean_post_title_bg_overlay_color":"","ocean_disable_breadcrumbs":"default","ocean_breadcrumbs_color":"","ocean_breadcrumbs_separator_color":"","ocean_breadcrumbs_links_color":"","ocean_breadcrumbs_links_hover_color":"","ocean_display_footer_widgets":"default","ocean_display_footer_bottom":"default","ocean_custom_footer_template":"0"},"product_brand":[],"product_cat":[306,311],"product_tag":[210],"class_list":{"0":"post-49649","1":"product","2":"type-product","3":"status-publish","4":"has-post-thumbnail","6":"product_cat-metal-color-fr","7":"product_cat-metal-engraved-fr","8":"product_tag-acciaio-fr","10":"entry","11":"has-media","13":"first","14":"instock","15":"taxable","16":"shipping-taxable","17":"purchasable","18":"product-type-variable-subscription","19":"has-product-nav","20":"col","21":"span_1_of_3","22":"owp-content-center","23":"owp-thumbs-layout-horizontal","24":"owp-btn-normal","25":"owp-tabs-layout-horizontal"},"acf":[],"_links":{"self":[{"href":"https:\/\/mynfcbusinesscard.com\/fr\/wp-json\/wp\/v2\/product\/49649","targetHints":{"allow":["GET"]}}],"collection":[{"href":"https:\/\/mynfcbusinesscard.com\/fr\/wp-json\/wp\/v2\/product"}],"about":[{"href":"https:\/\/mynfcbusinesscard.com\/fr\/wp-json\/wp\/v2\/types\/product"}],"wp:featuredmedia":[{"embeddable":true,"href":"https:\/\/mynfcbusinesscard.com\/fr\/wp-json\/wp\/v2\/media\/56406"}],"wp:attachment":[{"href":"https:\/\/mynfcbusinesscard.com\/fr\/wp-json\/wp\/v2\/media?parent=49649"}],"wp:term":[{"taxonomy":"product_brand","embeddable":true,"href":"https:\/\/mynfcbusinesscard.com\/fr\/wp-json\/wp\/v2\/product_brand?post=49649"},{"taxonomy":"product_cat","embeddable":true,"href":"https:\/\/mynfcbusinesscard.com\/fr\/wp-json\/wp\/v2\/product_cat?post=49649"},{"taxonomy":"product_tag","embeddable":true,"href":"https:\/\/mynfcbusinesscard.com\/fr\/wp-json\/wp\/v2\/product_tag?post=49649"}],"curies":[{"name":"wp","href":"https:\/\/api.w.org\/{rel}","templated":true}]}}