{"id":49759,"date":"2021-10-05T15:55:24","date_gmt":"2021-10-05T13:55:24","guid":{"rendered":"https:\/\/mynfcbusinesscard.com\/privacy-policy\/"},"modified":"2024-08-30T19:49:48","modified_gmt":"2024-08-30T17:49:48","slug":"politique-de-confidentialite","status":"publish","type":"page","link":"https:\/\/mynfcbusinesscard.com\/fr\/politique-de-confidentialite\/","title":{"rendered":"Politique de confidentialit\u00e9"},"content":{"rendered":"\t\t<div data-elementor-type=\"wp-page\" data-elementor-id=\"49759\" class=\"elementor elementor-49759 elementor-3\" data-elementor-post-type=\"page\">\n\t\t\t\t\t\t<section class=\"has_eae_slider elementor-section elementor-top-section elementor-element elementor-element-a7f0751 elementor-section-boxed elementor-section-height-default elementor-section-height-default\" data-eae-slider=\"74598\" data-id=\"a7f0751\" data-element_type=\"section\" data-e-type=\"section\">\n\t\t\t\t\t\t<div class=\"elementor-container elementor-column-gap-default\">\n\t\t\t\t\t<div class=\"has_eae_slider elementor-column elementor-col-100 elementor-top-column elementor-element elementor-element-d44ef5a\" data-eae-slider=\"30351\" data-id=\"d44ef5a\" data-element_type=\"column\" data-e-type=\"column\">\n\t\t\t<div class=\"elementor-widget-wrap elementor-element-populated\">\n\t\t\t\t\t\t<div class=\"elementor-element elementor-element-4d3c9e7 elementor-widget elementor-widget-heading\" data-id=\"4d3c9e7\" data-element_type=\"widget\" data-e-type=\"widget\" data-widget_type=\"heading.default\">\n\t\t\t\t<div class=\"elementor-widget-container\">\n\t\t\t\t\t<h2 class=\"elementor-heading-title elementor-size-default\">Politique de confidentialit\u00e9<\/h2>\t\t\t\t<\/div>\n\t\t\t\t<\/div>\n\t\t\t\t<div class=\"elementor-element elementor-element-b672f25 elementor-widget-divider--view-line elementor-widget elementor-widget-divider\" data-id=\"b672f25\" data-element_type=\"widget\" data-e-type=\"widget\" data-widget_type=\"divider.default\">\n\t\t\t\t<div class=\"elementor-widget-container\">\n\t\t\t\t\t\t\t<div class=\"elementor-divider\">\n\t\t\t<span class=\"elementor-divider-separator\">\n\t\t\t\t\t\t<\/span>\n\t\t<\/div>\n\t\t\t\t\t\t<\/div>\n\t\t\t\t<\/div>\n\t\t\t\t\t<\/div>\n\t\t<\/div>\n\t\t\t\t\t<\/div>\n\t\t<\/section>\n\t\t\t\t<section class=\"has_eae_slider elementor-section elementor-top-section elementor-element elementor-element-61c72d6c elementor-section-boxed elementor-section-height-default elementor-section-height-default\" data-eae-slider=\"49143\" data-id=\"61c72d6c\" data-element_type=\"section\" data-e-type=\"section\">\n\t\t\t\t\t\t<div class=\"elementor-container elementor-column-gap-default\">\n\t\t\t\t\t<div class=\"has_eae_slider elementor-column elementor-col-100 elementor-top-column elementor-element elementor-element-3bf08f22\" data-eae-slider=\"31818\" data-id=\"3bf08f22\" data-element_type=\"column\" data-e-type=\"column\">\n\t\t\t<div class=\"elementor-widget-wrap elementor-element-populated\">\n\t\t\t\t\t\t<div class=\"elementor-element elementor-element-2ad44364 elementor-widget elementor-widget-text-editor\" data-id=\"2ad44364\" data-element_type=\"widget\" data-e-type=\"widget\" data-widget_type=\"text-editor.default\">\n\t\t\t\t<div class=\"elementor-widget-container\">\n\t\t\t\t\t\t\t\t\t<h2><span>Politique de confidentialit\u00e9 de www.mynfcbusinesscard.com<\/span><\/h2>\n<h3><b style=\"color: #f62da8; font-size: 18px;\"><span>1. Introduction&nbsp;<\/span><\/b><span style=\"font-family: Roboto, sans-serif; font-size: 18px; font-style: normal; font-variant-ligatures: normal; font-variant-caps: normal; font-weight: 700;\">&nbsp;<\/span><span style=\"font-family: Roboto, sans-serif; font-size: 18px; font-style: normal; font-variant-ligatures: normal; font-variant-caps: normal; font-weight: 600;\">Politique de confidentialit\u00e9<\/span><\/h3>\n<div><span>Bienvenue sur www.mynfcbusinesscard.com. Votre vie priv\u00e9e est tr\u00e8s importante pour nous. Cette politique de confidentialit\u00e9 d\u00e9crit comment nous recueillons, utilisons et prot\u00e9geons vos donn\u00e9es personnelles lorsque vous utilisez notre site Web, nos services de commerce \u00e9lectronique bas\u00e9s sur l&rsquo;abonnement et notre plateforme de gestion de cartes de visite num\u00e9riques.<br><br><\/span><\/div>\n<h3><b style=\"color: #f62da8; font-size: 18px;\"><span>2. Marque &#8211;&nbsp;<\/span><\/b><span style=\"font-family: Roboto, sans-serif; font-size: 18px; font-style: normal; font-variant-ligatures: normal; font-variant-caps: normal; font-weight: 700;\">&nbsp;<\/span><span style=\"font-family: Roboto, sans-serif; font-size: 18px; font-style: normal; font-variant-ligatures: normal; font-variant-caps: normal; font-weight: 600;\">Politique de confidentialit\u00e9<\/span><\/h3>\n<div><span>Le propri\u00e9taire exclusif de la marque et d&rsquo;autres signes distinctifs est Sviluppo Progetti SC. Cette page d\u00e9crit la gestion du site Web en ce qui concerne le traitement des donn\u00e9es personnelles des utilisateurs qui le visitent. Ces informations sont \u00e9galement fournies conform\u00e9ment \u00e0 l&rsquo;article 13 du d\u00e9cret l\u00e9gislatif n\u00b0 196\/2003 &#8211; Code de protection des donn\u00e9es personnelles &#8211; \u00e0 ceux qui interagissent avec les services Web du site, accessibles par voie \u00e9lectronique \u00e0 l&rsquo;adresse suivante : https:\/\/mynfcbusinesscard.com\/, correspondant \u00e0 la page d&rsquo;accueil du site officiel de la soci\u00e9t\u00e9 Sviluppo Progetti SC, dont le si\u00e8ge social est situ\u00e9 \u00e0 Viale Tricesimo 246\/B \u2013 33100 Udine UD \u2013 E-mail : support@mynfcbusinesscard.com. Ces informations sont fournies uniquement pour le site https:\/\/mynfcbusinesscard.com et peuvent \u00e9galement \u00eatre consult\u00e9es par les utilisateurs via des liens.<\/span><\/div>\n<div><span>Les informations reposent \u00e9galement sur la recommandation n\u00b0 2\/2001 que les autorit\u00e9s europ\u00e9ennes de protection des donn\u00e9es, r\u00e9unies dans le groupe cr\u00e9\u00e9 en vertu de l&rsquo;article 29 de la directive n\u00b0 95\/46\/CE, ont adopt\u00e9e le 17 mai 2001 pour identifier certaines exigences minimales pour la collecte de donn\u00e9es personnelles en ligne, notamment les m\u00e9thodes, le moment et la nature des informations que les responsables du traitement doivent fournir aux utilisateurs lorsqu&rsquo;ils se connectent \u00e0 des pages Web, quel que soit le but de la connexion. La recommandation et une description sommaire de ses objectifs peuvent \u00eatre trouv\u00e9es sur d&rsquo;autres pages de ce site Web.<\/span><\/div>\n<div><span>Les textes et les photos ne peuvent \u00eatre utilis\u00e9s sans le consentement de la soci\u00e9t\u00e9 Sviluppo Progetti SC.<br><br><\/span><\/div>\n<h3><b style=\"color: #f62da8; font-size: 18px;\"><span>3. Responsable du traitement des donn\u00e9es &#8211;&nbsp;<\/span><\/b><span style=\"font-family: Roboto, sans-serif; font-size: 18px; font-style: normal; font-variant-ligatures: normal; font-variant-caps: normal; font-weight: 700;\">&nbsp;<\/span><span style=\"font-family: Roboto, sans-serif; font-size: 18px; font-style: normal; font-variant-ligatures: normal; font-variant-caps: normal; font-weight: 600;\">Politique de confidentialit\u00e9<\/span><\/h3>\n<div><span>Le responsable du traitement des donn\u00e9es est Sviluppo Progetti SC, dont le si\u00e8ge social est situ\u00e9 \u00e0 Viale Tricesimo 246\/B 33100 Udine (UD), num\u00e9ro de TVA 01326850938, joignable par e-mail \u00e0 support@mynfcbusinesscard.com et par t\u00e9l\u00e9phone au +39 0422 1628689.<\/span><br><br><b style=\"color: rgb(246, 45, 168); font-size: 18px;\">4. Types de donn\u00e9es collect\u00e9es&nbsp;<\/b><\/div><div><b style=\"color: rgb(246, 45, 168); font-size: 18px;\"><br><\/b><\/div>\n<div><span>Nous collectons et traitons les donn\u00e9es personnelles suivantes :<\/span><\/div>\n<ul>\n<li><span>Donn\u00e9es d&rsquo;identification : nom, pr\u00e9nom, adresse e-mail, num\u00e9ro de t\u00e9l\u00e9phone.<\/span><\/li>\n<li><span>Donn\u00e9es de paiement : informations n\u00e9cessaires au paiement, telles que les donn\u00e9es de carte de cr\u00e9dit ou autres informations de paiement.<\/span><\/li>\n<li><span>Donn\u00e9es de navigation : adresse IP, donn\u00e9es de connexion, type de navigateur, pages visit\u00e9es et autres informations de navigation.<\/span><\/li>\n<li><span>Donn\u00e9es d&rsquo;abonnement : informations sur vos abonnements et services utilis\u00e9s.<\/span><\/li>\n<li><span>Donn\u00e9es de carte de visite num\u00e9rique : informations saisies par le client dans la carte de visite num\u00e9rique, telles que le nom, le titre professionnel, l&rsquo;entreprise, les contacts et autres d\u00e9tails fournis. Cela peut \u00e9galement inclure des documents PDF, des images et des liens vers d&rsquo;autres sites Web et plateformes.<\/span><\/li>\n<li><span>Donn\u00e9es du support par chat : transcriptions des conversations de support par chat, y compris les d\u00e9tails fournis lors de l&rsquo;interaction.<\/span><\/li>\n<\/ul>\n<h3><b style=\"color: #f62da8; font-size: 18px;\"><span>5. Finalit\u00e9 du traitement<\/span><\/b><\/h3>\n<div><span>Vos donn\u00e9es personnelles sont collect\u00e9es et trait\u00e9es aux fins suivantes :<\/span><\/div>\n<ul>\n<li><span>Fourniture de services : pour cr\u00e9er et g\u00e9rer votre compte, traiter vos commandes et abonnements, et fournir nos services.<\/span><\/li>\n<li><span>Support client : pour r\u00e9pondre \u00e0 vos demandes et fournir une assistance technique, y compris le support par chat.<\/span><\/li>\n<li><span>Am\u00e9lioration du service : pour am\u00e9liorer nos services et l&rsquo;exp\u00e9rience utilisateur sur notre site Web.<\/span><\/li>\n<li><span>Marketing : pour vous envoyer des communications commerciales et promotionnelles, sous r\u00e9serve de votre consentement.<\/span><\/li>\n<li><span>Conformit\u00e9 l\u00e9gale : pour se conformer aux obligations l\u00e9gales et r\u00e9soudre les litiges.<\/span><\/li>\n<\/ul>\n<h3><b style=\"color: #f62da8; font-size: 18px;\"><span>6. Base juridique du traitement<\/span><\/b><\/h3>\n<div><span>Nous traitons vos donn\u00e9es personnelles sur la base des fondements juridiques suivants :<\/span><\/div>\n<ul>\n<li><span>Ex\u00e9cution d&rsquo;un contrat : le traitement est n\u00e9cessaire \u00e0 l&rsquo;ex\u00e9cution d&rsquo;un contrat auquel vous \u00eates partie.<\/span><\/li>\n<li><span>Consentement : vous avez donn\u00e9 votre consentement au traitement de vos donn\u00e9es pour des finalit\u00e9s sp\u00e9cifiques.<\/span><\/li>\n<li><span>Obligations l\u00e9gales : le traitement est n\u00e9cessaire pour respecter les obligations l\u00e9gales auxquelles nous sommes soumis.<\/span><\/li>\n<li><span>Int\u00e9r\u00eat l\u00e9gitime : le traitement est n\u00e9cessaire aux fins des int\u00e9r\u00eats l\u00e9gitimes que nous poursuivons, sauf si vos droits et libert\u00e9s fondamentaux pr\u00e9valent.<\/span><\/li>\n<\/ul>\n<h3><b style=\"color: #f62da8; font-size: 18px;\"><span>7. Conservation des donn\u00e9es<\/span><\/b><\/h3>\n<div><span>Nous conservons vos donn\u00e9es personnelles uniquement pendant la dur\u00e9e n\u00e9cessaire pour atteindre les finalit\u00e9s pour lesquelles elles ont \u00e9t\u00e9 collect\u00e9es et, en tout \u00e9tat de cause, pas plus longtemps que les d\u00e9lais prescrits par la loi.<\/span><\/div>\n<h3><b style=\"color: #f62da8; font-size: 18px;\"><span>8. Partage des donn\u00e9es<\/span><\/b><\/h3>\n<div><span>Vos donn\u00e9es personnelles peuvent \u00eatre partag\u00e9es avec :<\/span><\/div>\n<ul>\n<li><span>Fournisseurs de services : tiers fournissant des services en notre nom, tels que le traitement des paiements, l&rsquo;h\u00e9bergement de sites Web, le support technique et le support par chat.<\/span><\/li>\n<li><span>Serverplan : h\u00e9bergement web;<\/span><\/li>\n<li><span>Tawk : plugin de chat WP;<\/span><\/li>\n<li><span>Woocommerce : plateforme de paiement e-commerce;<\/span><\/li>\n<li><span>Google Analytics : statistiques de commerce \u00e9lectronique;<\/span><\/li>\n<li><span>Professionnels : comptables et consultants fiscaux;<\/span><\/li>\n<li><span>Autorit\u00e9s comp\u00e9tentes : lorsque cela est requis par la loi ou n\u00e9cessaire pour prot\u00e9ger nos droits.<\/span><\/li>\n<\/ul>\n<h3><b style=\"color: #f62da8; font-size: 18px;\"><span>9. Transfert de donn\u00e9es en dehors de l&rsquo;Union europ\u00e9enne<\/span><\/b><\/h3>\n<div><span>Les donn\u00e9es personnelles ne peuvent \u00eatre transf\u00e9r\u00e9es que vers des pays en dehors de l&rsquo;Union europ\u00e9enne qui garantissent un niveau de protection ad\u00e9quat ou avec des garanties appropri\u00e9es conform\u00e9ment aux lois applicables.<\/span><\/div>\n<h3><b style=\"color: #f62da8; font-size: 18px;\"><span>10. Droits de la personne concern\u00e9e<\/span><\/b><\/h3>\n<div><span>Vous avez le droit :<\/span><\/div>\n<ul>\n<li><span>D&rsquo;acc\u00e9der \u00e0 vos donn\u00e9es personnelles et d&rsquo;en demander une copie.<\/span><\/li>\n<li><span>De demander la rectification de toute inexactitude dans vos donn\u00e9es personnelles.<\/span><\/li>\n<li><span>De demander la suppression de vos donn\u00e9es personnelles dans certaines conditions.<\/span><\/li>\n<li><span>De vous opposer au traitement de vos donn\u00e9es personnelles.<\/span><\/li>\n<li><span>De demander la limitation du traitement dans certaines conditions.<\/span><\/li>\n<li><span>De demander la portabilit\u00e9 de vos donn\u00e9es \u00e0 un autre responsable du traitement.<\/span><\/li>\n<li><span>De retirer votre consentement \u00e0 tout moment, sans affecter la l\u00e9galit\u00e9 du traitement fond\u00e9 sur le consentement avant son retrait.<\/span><\/li>\n<\/ul>\n<div><span>Pour exercer vos droits, vous pouvez nous contacter \u00e0 l&rsquo;adresse e-mail support@mynfcbusinesscard.com.<\/span><\/div>\n<h3><b style=\"color: #f62da8; font-size: 18px;\"><span>11. S\u00e9curit\u00e9 des donn\u00e9es<\/span><\/b><\/h3>\n<div><span>Nous prenons des mesures de s\u00e9curit\u00e9 appropri\u00e9es pour prot\u00e9ger vos donn\u00e9es personnelles contre tout acc\u00e8s, divulgation, modification ou destruction non autoris\u00e9s.<\/span><\/div>\n<h3><b style=\"color: #f62da8; font-size: 18px;\"><span>12. Modifications de la politique de confidentialit\u00e9<\/span><\/b><\/h3>\n<div><span>Nous nous r\u00e9servons le droit de modifier cette politique de confidentialit\u00e9 \u00e0 tout moment. La version mise \u00e0 jour sera publi\u00e9e sur notre site Web, et vous serez inform\u00e9 de toute modification importante.<\/span><\/div>\n<h3><b style=\"color: #f62da8; font-size: 18px;\"><span>13. Informations de contact<\/span><\/b><\/h3>\n<div><span>Si vous avez des questions ou des pr\u00e9occupations concernant cette politique de confidentialit\u00e9 ou le traitement de vos donn\u00e9es personnelles, vous pouvez nous contacter :<\/span><\/div>\n<div><b><span>Sviluppo Progetti SC<\/span><\/b><br>\n<span>Viale Tricesimo 246\/B 33100 Udine (UD)<\/span><br>\n<span>Num\u00e9ro de TVA 01326850938<\/span><br>\n<span>E-mail : support@mynfcbusinesscard.com<\/span><br>\n<span>T\u00e9l\u00e9phone : +39 0422 1628689<\/span><\/div>\t\t\t\t\t\t\t\t<\/div>\n\t\t\t\t<\/div>\n\t\t\t\t\t<\/div>\n\t\t<\/div>\n\t\t\t\t\t<\/div>\n\t\t<\/section>\n\t\t\t\t<\/div>\n\t\t","protected":false},"excerpt":{"rendered":"<p>Politique de confidentialit\u00e9 de www.mynfcbusinesscard.com 1. Introduction&nbsp;&nbsp;Politique de confidentialit\u00e9 Bienvenue sur www.mynfcbusinesscard.com. Votre vie priv\u00e9e est tr\u00e8s importante pour nous. Cette politique de confidentialit\u00e9 d\u00e9crit comment nous recueillons, utilisons et prot\u00e9geons vos donn\u00e9es personnelles lorsque vous utilisez notre site Web, nos services de commerce \u00e9lectronique bas\u00e9s sur l&rsquo;abonnement et notre plateforme de gestion de cartes [&hellip;]<\/p>\n","protected":false},"author":1,"featured_media":0,"parent":0,"menu_order":0,"comment_status":"closed","ping_status":"open","template":"elementor_header_footer","meta":{"_acf_changed":false,"ocean_post_layout":"","ocean_both_sidebars_style":"","ocean_both_sidebars_content_width":0,"ocean_both_sidebars_sidebars_width":0,"ocean_sidebar":"0","ocean_second_sidebar":"0","ocean_disable_margins":"enable","ocean_add_body_class":"","ocean_shortcode_before_top_bar":"","ocean_shortcode_after_top_bar":"","ocean_shortcode_before_header":"","ocean_shortcode_after_header":"","ocean_has_shortcode":"","ocean_shortcode_after_title":"","ocean_shortcode_before_footer_widgets":"","ocean_shortcode_after_footer_widgets":"","ocean_shortcode_before_footer_bottom":"","ocean_shortcode_after_footer_bottom":"","ocean_display_top_bar":"off","ocean_display_header":"default","ocean_header_style":"","ocean_center_header_left_menu":"0","ocean_custom_header_template":"0","ocean_custom_logo":0,"ocean_custom_retina_logo":0,"ocean_custom_logo_max_width":0,"ocean_custom_logo_tablet_max_width":0,"ocean_custom_logo_mobile_max_width":0,"ocean_custom_logo_max_height":0,"ocean_custom_logo_tablet_max_height":0,"ocean_custom_logo_mobile_max_height":0,"ocean_header_custom_menu":"0","ocean_menu_typo_font_family":"0","ocean_menu_typo_font_subset":"","ocean_menu_typo_font_size":0,"ocean_menu_typo_font_size_tablet":0,"ocean_menu_typo_font_size_mobile":0,"ocean_menu_typo_font_size_unit":"px","ocean_menu_typo_font_weight":"","ocean_menu_typo_font_weight_tablet":"","ocean_menu_typo_font_weight_mobile":"","ocean_menu_typo_transform":"","ocean_menu_typo_transform_tablet":"","ocean_menu_typo_transform_mobile":"","ocean_menu_typo_line_height":0,"ocean_menu_typo_line_height_tablet":0,"ocean_menu_typo_line_height_mobile":0,"ocean_menu_typo_line_height_unit":"","ocean_menu_typo_spacing":0,"ocean_menu_typo_spacing_tablet":0,"ocean_menu_typo_spacing_mobile":0,"ocean_menu_typo_spacing_unit":"","ocean_menu_link_color":"","ocean_menu_link_color_hover":"","ocean_menu_link_color_active":"","ocean_menu_link_background":"","ocean_menu_link_hover_background":"","ocean_menu_link_active_background":"","ocean_menu_social_links_bg":"","ocean_menu_social_hover_links_bg":"","ocean_menu_social_links_color":"","ocean_menu_social_hover_links_color":"","ocean_disable_title":"on","ocean_disable_heading":"default","ocean_post_title":"","ocean_post_subheading":"","ocean_post_title_style":"","ocean_post_title_background_color":"","ocean_post_title_background":0,"ocean_post_title_bg_image_position":"","ocean_post_title_bg_image_attachment":"","ocean_post_title_bg_image_repeat":"","ocean_post_title_bg_image_size":"","ocean_post_title_height":0,"ocean_post_title_bg_overlay":0.5,"ocean_post_title_bg_overlay_color":"","ocean_disable_breadcrumbs":"default","ocean_breadcrumbs_color":"","ocean_breadcrumbs_separator_color":"","ocean_breadcrumbs_links_color":"","ocean_breadcrumbs_links_hover_color":"","ocean_display_footer_widgets":"default","ocean_display_footer_bottom":"default","ocean_custom_footer_template":"0","footnotes":""},"class_list":["post-49759","page","type-page","status-publish","hentry","entry","owp-thumbs-layout-horizontal","owp-btn-normal","owp-tabs-layout-horizontal","has-no-thumbnails","has-product-nav"],"acf":[],"_links":{"self":[{"href":"https:\/\/mynfcbusinesscard.com\/fr\/wp-json\/wp\/v2\/pages\/49759","targetHints":{"allow":["GET"]}}],"collection":[{"href":"https:\/\/mynfcbusinesscard.com\/fr\/wp-json\/wp\/v2\/pages"}],"about":[{"href":"https:\/\/mynfcbusinesscard.com\/fr\/wp-json\/wp\/v2\/types\/page"}],"author":[{"embeddable":true,"href":"https:\/\/mynfcbusinesscard.com\/fr\/wp-json\/wp\/v2\/users\/1"}],"replies":[{"embeddable":true,"href":"https:\/\/mynfcbusinesscard.com\/fr\/wp-json\/wp\/v2\/comments?post=49759"}],"version-history":[{"count":14,"href":"https:\/\/mynfcbusinesscard.com\/fr\/wp-json\/wp\/v2\/pages\/49759\/revisions"}],"predecessor-version":[{"id":59481,"href":"https:\/\/mynfcbusinesscard.com\/fr\/wp-json\/wp\/v2\/pages\/49759\/revisions\/59481"}],"wp:attachment":[{"href":"https:\/\/mynfcbusinesscard.com\/fr\/wp-json\/wp\/v2\/media?parent=49759"}],"curies":[{"name":"wp","href":"https:\/\/api.w.org\/{rel}","templated":true}]}}