{"id":49747,"date":"2021-11-05T10:44:49","date_gmt":"2021-11-05T09:44:49","guid":{"rendered":"https:\/\/mynfcbusinesscard.com\/cookie-policy\/"},"modified":"2023-12-22T14:41:56","modified_gmt":"2023-12-22T13:41:56","slug":"politique-en-matiere-de-cookies","status":"publish","type":"page","link":"https:\/\/mynfcbusinesscard.com\/fr\/politique-en-matiere-de-cookies\/","title":{"rendered":"Politique en mati\u00e8re de cookies"},"content":{"rendered":"\t\t<div data-elementor-type=\"wp-page\" data-elementor-id=\"49747\" class=\"elementor elementor-49747 elementor-2101\" data-elementor-post-type=\"page\">\n\t\t\t\t\t\t<section class=\"has_eae_slider elementor-section elementor-top-section elementor-element elementor-element-07d8921 elementor-section-boxed elementor-section-height-default elementor-section-height-default\" data-eae-slider=\"19586\" data-id=\"07d8921\" data-element_type=\"section\" data-e-type=\"section\">\n\t\t\t\t\t\t<div class=\"elementor-container elementor-column-gap-default\">\n\t\t\t\t\t<div class=\"has_eae_slider elementor-column elementor-col-100 elementor-top-column elementor-element elementor-element-87ca312\" data-eae-slider=\"97927\" data-id=\"87ca312\" data-element_type=\"column\" data-e-type=\"column\">\n\t\t\t<div class=\"elementor-widget-wrap elementor-element-populated\">\n\t\t\t\t\t\t<div class=\"elementor-element elementor-element-f943db7 elementor-widget elementor-widget-heading\" data-id=\"f943db7\" data-element_type=\"widget\" data-e-type=\"widget\" data-widget_type=\"heading.default\">\n\t\t\t\t<div class=\"elementor-widget-container\">\n\t\t\t\t\t<h2 class=\"elementor-heading-title elementor-size-default\">Politique en mati\u00e8re de cookies<\/h2>\t\t\t\t<\/div>\n\t\t\t\t<\/div>\n\t\t\t\t<div class=\"elementor-element elementor-element-41e503e elementor-widget-divider--view-line elementor-widget elementor-widget-divider\" data-id=\"41e503e\" data-element_type=\"widget\" data-e-type=\"widget\" data-widget_type=\"divider.default\">\n\t\t\t\t<div class=\"elementor-widget-container\">\n\t\t\t\t\t\t\t<div class=\"elementor-divider\">\n\t\t\t<span class=\"elementor-divider-separator\">\n\t\t\t\t\t\t<\/span>\n\t\t<\/div>\n\t\t\t\t\t\t<\/div>\n\t\t\t\t<\/div>\n\t\t\t\t\t<\/div>\n\t\t<\/div>\n\t\t\t\t\t<\/div>\n\t\t<\/section>\n\t\t\t\t<section class=\"has_eae_slider elementor-section elementor-top-section elementor-element elementor-element-4ebdca8 elementor-section-boxed elementor-section-height-default elementor-section-height-default\" data-eae-slider=\"65293\" data-id=\"4ebdca8\" data-element_type=\"section\" data-e-type=\"section\">\n\t\t\t\t\t\t<div class=\"elementor-container elementor-column-gap-default\">\n\t\t\t\t\t<div class=\"has_eae_slider elementor-column elementor-col-100 elementor-top-column elementor-element elementor-element-5cd6507\" data-eae-slider=\"79828\" data-id=\"5cd6507\" data-element_type=\"column\" data-e-type=\"column\">\n\t\t\t<div class=\"elementor-widget-wrap elementor-element-populated\">\n\t\t\t\t\t\t<div class=\"elementor-element elementor-element-ea84857 elementor-widget elementor-widget-text-editor\" data-id=\"ea84857\" data-element_type=\"widget\" data-e-type=\"widget\" data-widget_type=\"text-editor.default\">\n\t\t\t\t<div class=\"elementor-widget-container\">\n\t\t\t\t\t\t\t\t\t<h3>\u00c0 propos de cette politique en mati\u00e8re de cookies<\/h3>\n<div>\n\nLa pr\u00e9sente politique en mati\u00e8re de cookies explique ce que sont les cookies et comment nous les utilisons, les types de cookies que nous utilisons, les informations que nous recueillons \u00e0 l&rsquo;aide des cookies et la mani\u00e8re dont ces informations sont utilis\u00e9es, ainsi que la mani\u00e8re de contr\u00f4ler vos pr\u00e9f\u00e9rences en mati\u00e8re de cookies. Pour plus d&rsquo;informations sur la mani\u00e8re dont nous utilisons, stockons et prot\u00e9geons vos informations personnelles, veuillez consulter notre politique de confidentialit\u00e9. Vous pouvez modifier ou retirer votre consentement \u00e0 tout moment en consultant la d\u00e9claration relative aux cookies sur notre site web. Pour en savoir plus sur qui nous sommes, comment vous pouvez nous contacter et comment nous traitons les donn\u00e9es personnelles, consultez notre politique de confidentialit\u00e9. Votre consentement s&rsquo;applique aux domaines suivants:<a href=\"https:\/\/mynfcbusinesscard.com\/fr\"> mynfcbusinesscard.com\/fr<\/a>\n<\/div>\n<div><\/div>\n<h3>Que sont les cookies ?<\/h3>\n<div>\n\nLes cookies sont de petits fichiers texte utilis\u00e9s pour stocker de petits \u00e9l\u00e9ments d&rsquo;information. Ils sont stock\u00e9s sur votre appareil lorsque le site web est charg\u00e9 sur votre navigateur. Ces cookies nous aident \u00e0 faire fonctionner le site web correctement, \u00e0 le rendre plus s\u00fbr, \u00e0 offrir une meilleure exp\u00e9rience \u00e0 l&rsquo;utilisateur, \u00e0 comprendre comment le site web fonctionne et \u00e0 analyser ce qui fonctionne et ce qui doit \u00eatre am\u00e9lior\u00e9.\n\n<\/div>\n<h3>Comment utilisons-nous les cookies ?<\/h3>\n<div>\n\nComme la plupart des services en ligne, notre site web utilise des cookies propri\u00e9taires et des cookies de tiers \u00e0 des fins diff\u00e9rentes. Les cookies de premi\u00e8re partie sont essentiellement n\u00e9cessaires au bon fonctionnement du site web et ne recueillent aucune information personnelle identifiable. Les cookies de tiers utilis\u00e9s sur notre site web servent principalement \u00e0 comprendre comment le site web fonctionne, comment vous interagissez avec notre site web, \u00e0 assurer la s\u00e9curit\u00e9 de nos services, \u00e0 vous fournir des publicit\u00e9s pertinentes et, dans l&rsquo;ensemble, \u00e0 vous offrir une meilleure exp\u00e9rience utilisateur et \u00e0 acc\u00e9l\u00e9rer vos interactions futures avec notre site web.\n\n<\/div>\n<h3>Quels types de cookies utilisons-nous ?<\/h3>\n<div>\n\nEssentiels : certains cookies sont essentiels pour b\u00e9n\u00e9ficier de toutes les fonctionnalit\u00e9s de notre site. Ils nous permettent de maintenir les sessions des utilisateurs et de pr\u00e9venir les menaces \u00e0 la s\u00e9curit\u00e9. Ils ne collectent ni ne stockent aucune information personnelle. Par exemple, ces cookies vous permettent de vous connecter \u00e0 votre compte, d&rsquo;ajouter des produits \u00e0 votre panier et de passer \u00e0 la caisse en toute s\u00e9curit\u00e9. Statistiques : ces cookies stockent des informations telles que le nombre de visiteurs sur le site web, le nombre de visiteurs uniques, les pages du site web qui ont \u00e9t\u00e9 visit\u00e9es, l&rsquo;origine de la visite, etc. Ces donn\u00e9es nous aident \u00e0 comprendre et \u00e0 analyser les performances du site web et les points \u00e0 am\u00e9liorer. Marketing : notre site web affiche des publicit\u00e9s. Ces cookies sont utilis\u00e9s pour personnaliser les publicit\u00e9s que nous vous montrons afin qu&rsquo;elles soient significatives pour vous. Ces cookies nous aident \u00e9galement \u00e0 \u00e9valuer l&rsquo;efficacit\u00e9 de ces campagnes publicitaires. Les informations stock\u00e9es dans ces cookies peuvent \u00e9galement \u00eatre utilis\u00e9es par des fournisseurs de publicit\u00e9 tiers pour vous montrer des publicit\u00e9s sur d&rsquo;autres sites web dans votre navigateur. Fonctionnels : il s&rsquo;agit de cookies qui facilitent certaines fonctionnalit\u00e9s non essentielles de notre site web. Ces fonctionnalit\u00e9s comprennent l&rsquo;int\u00e9gration de contenus tels que des vid\u00e9os ou le partage du contenu du site web sur des plateformes de m\u00e9dias sociaux. Pr\u00e9f\u00e9rences : ces cookies nous aident \u00e0 m\u00e9moriser vos param\u00e8tres de navigation et vos pr\u00e9f\u00e9rences, telles que les pr\u00e9f\u00e9rences linguistiques, afin que vous puissiez b\u00e9n\u00e9ficier d&rsquo;une exp\u00e9rience meilleure et plus efficace lors de vos prochaines visites sur le site web. <div class=\"cky-audit-table-element\"><\/div>\n\n<\/div>\n<h3>Comment puis-je contr\u00f4ler mes pr\u00e9f\u00e9rences en mati\u00e8re de cookies ?<\/h3>\n<div>Si vous d\u00e9cidez de modifier vos pr\u00e9f\u00e9rences plus tard au cours de votre session de navigation, vous pouvez cliquer sur l&rsquo;onglet \u00ab\u00a0G\u00e9rer votre consentement\u00a0\u00bb \u00e0 l&rsquo;\u00e9cran. L&rsquo;avis de consentement s&rsquo;affichera \u00e0 nouveau, ce qui vous permettra de modifier vos pr\u00e9f\u00e9rences ou de retirer compl\u00e8tement votre consentement. En outre, les navigateurs proposent des m\u00e9thodes diff\u00e9rentes pour bloquer et supprimer les cookies utilis\u00e9s par les sites web. Vous pouvez modifier les param\u00e8tres de votre navigateur pour bloquer\/supprimer les cookies. Pour en savoir plus sur la gestion et la suppression des cookies, consultez le site wikipedia.org, www.allaboutcookies.org.<\/div>\t\t\t\t\t\t\t\t<\/div>\n\t\t\t\t<\/div>\n\t\t\t\t\t<\/div>\n\t\t<\/div>\n\t\t\t\t\t<\/div>\n\t\t<\/section>\n\t\t\t\t<\/div>\n\t\t","protected":false},"excerpt":{"rendered":"<p>\u00c0 propos de cette politique en mati\u00e8re de cookies La pr\u00e9sente politique en mati\u00e8re de cookies explique ce que sont les cookies et comment nous les utilisons, les types de cookies que nous utilisons, les informations que nous recueillons \u00e0 l&rsquo;aide des cookies et la mani\u00e8re dont ces informations sont utilis\u00e9es, ainsi que la mani\u00e8re [&hellip;]<\/p>\n","protected":false},"author":1,"featured_media":0,"parent":0,"menu_order":0,"comment_status":"closed","ping_status":"closed","template":"elementor_header_footer","meta":{"_acf_changed":false,"ocean_post_layout":"","ocean_both_sidebars_style":"","ocean_both_sidebars_content_width":0,"ocean_both_sidebars_sidebars_width":0,"ocean_sidebar":"0","ocean_second_sidebar":"0","ocean_disable_margins":"enable","ocean_add_body_class":"","ocean_shortcode_before_top_bar":"","ocean_shortcode_after_top_bar":"","ocean_shortcode_before_header":"","ocean_shortcode_after_header":"","ocean_has_shortcode":"","ocean_shortcode_after_title":"","ocean_shortcode_before_footer_widgets":"","ocean_shortcode_after_footer_widgets":"","ocean_shortcode_before_footer_bottom":"","ocean_shortcode_after_footer_bottom":"","ocean_display_top_bar":"off","ocean_display_header":"default","ocean_header_style":"","ocean_center_header_left_menu":"0","ocean_custom_header_template":"0","ocean_custom_logo":0,"ocean_custom_retina_logo":0,"ocean_custom_logo_max_width":0,"ocean_custom_logo_tablet_max_width":0,"ocean_custom_logo_mobile_max_width":0,"ocean_custom_logo_max_height":0,"ocean_custom_logo_tablet_max_height":0,"ocean_custom_logo_mobile_max_height":0,"ocean_header_custom_menu":"0","ocean_menu_typo_font_family":"0","ocean_menu_typo_font_subset":"","ocean_menu_typo_font_size":0,"ocean_menu_typo_font_size_tablet":0,"ocean_menu_typo_font_size_mobile":0,"ocean_menu_typo_font_size_unit":"px","ocean_menu_typo_font_weight":"","ocean_menu_typo_font_weight_tablet":"","ocean_menu_typo_font_weight_mobile":"","ocean_menu_typo_transform":"","ocean_menu_typo_transform_tablet":"","ocean_menu_typo_transform_mobile":"","ocean_menu_typo_line_height":0,"ocean_menu_typo_line_height_tablet":0,"ocean_menu_typo_line_height_mobile":0,"ocean_menu_typo_line_height_unit":"","ocean_menu_typo_spacing":0,"ocean_menu_typo_spacing_tablet":0,"ocean_menu_typo_spacing_mobile":0,"ocean_menu_typo_spacing_unit":"","ocean_menu_link_color":"","ocean_menu_link_color_hover":"","ocean_menu_link_color_active":"","ocean_menu_link_background":"","ocean_menu_link_hover_background":"","ocean_menu_link_active_background":"","ocean_menu_social_links_bg":"","ocean_menu_social_hover_links_bg":"","ocean_menu_social_links_color":"","ocean_menu_social_hover_links_color":"","ocean_disable_title":"on","ocean_disable_heading":"default","ocean_post_title":"","ocean_post_subheading":"","ocean_post_title_style":"","ocean_post_title_background_color":"","ocean_post_title_background":0,"ocean_post_title_bg_image_position":"","ocean_post_title_bg_image_attachment":"","ocean_post_title_bg_image_repeat":"","ocean_post_title_bg_image_size":"","ocean_post_title_height":0,"ocean_post_title_bg_overlay":0.5,"ocean_post_title_bg_overlay_color":"","ocean_disable_breadcrumbs":"default","ocean_breadcrumbs_color":"","ocean_breadcrumbs_separator_color":"","ocean_breadcrumbs_links_color":"","ocean_breadcrumbs_links_hover_color":"","ocean_display_footer_widgets":"off","ocean_display_footer_bottom":"default","ocean_custom_footer_template":"0","footnotes":""},"class_list":["post-49747","page","type-page","status-publish","hentry","entry","owp-thumbs-layout-horizontal","owp-btn-normal","owp-tabs-layout-horizontal","has-no-thumbnails","has-product-nav"],"acf":[],"_links":{"self":[{"href":"https:\/\/mynfcbusinesscard.com\/fr\/wp-json\/wp\/v2\/pages\/49747","targetHints":{"allow":["GET"]}}],"collection":[{"href":"https:\/\/mynfcbusinesscard.com\/fr\/wp-json\/wp\/v2\/pages"}],"about":[{"href":"https:\/\/mynfcbusinesscard.com\/fr\/wp-json\/wp\/v2\/types\/page"}],"author":[{"embeddable":true,"href":"https:\/\/mynfcbusinesscard.com\/fr\/wp-json\/wp\/v2\/users\/1"}],"replies":[{"embeddable":true,"href":"https:\/\/mynfcbusinesscard.com\/fr\/wp-json\/wp\/v2\/comments?post=49747"}],"version-history":[{"count":14,"href":"https:\/\/mynfcbusinesscard.com\/fr\/wp-json\/wp\/v2\/pages\/49747\/revisions"}],"predecessor-version":[{"id":54055,"href":"https:\/\/mynfcbusinesscard.com\/fr\/wp-json\/wp\/v2\/pages\/49747\/revisions\/54055"}],"wp:attachment":[{"href":"https:\/\/mynfcbusinesscard.com\/fr\/wp-json\/wp\/v2\/media?parent=49747"}],"curies":[{"name":"wp","href":"https:\/\/api.w.org\/{rel}","templated":true}]}}