{"id":49736,"date":"2021-10-21T14:48:18","date_gmt":"2021-10-21T12:48:18","guid":{"rendered":"https:\/\/mynfcbusinesscard.com\/rimborso_reso\/"},"modified":"2023-06-16T17:55:32","modified_gmt":"2023-06-16T15:55:32","slug":"politique-de-remboursement-et-dexpedition-de-mnbc","status":"publish","type":"page","link":"https:\/\/mynfcbusinesscard.com\/fr\/politique-de-remboursement-et-dexpedition-de-mnbc\/","title":{"rendered":"POLITIQUE DE REMBOURSEMENT ET D&rsquo;EXP\u00c9DITION DE MNBC"},"content":{"rendered":"\t\t<div data-elementor-type=\"wp-page\" data-elementor-id=\"49736\" class=\"elementor elementor-49736 elementor-101\" data-elementor-post-type=\"page\">\n\t\t\t\t\t\t<section class=\"has_eae_slider elementor-section elementor-top-section elementor-element elementor-element-07d8921 elementor-section-boxed elementor-section-height-default elementor-section-height-default\" data-eae-slider=\"42954\" data-id=\"07d8921\" data-element_type=\"section\" data-e-type=\"section\">\n\t\t\t\t\t\t<div class=\"elementor-container elementor-column-gap-default\">\n\t\t\t\t\t<div class=\"has_eae_slider elementor-column elementor-col-100 elementor-top-column elementor-element elementor-element-87ca312\" data-eae-slider=\"51420\" data-id=\"87ca312\" data-element_type=\"column\" data-e-type=\"column\">\n\t\t\t<div class=\"elementor-widget-wrap elementor-element-populated\">\n\t\t\t\t\t\t<div class=\"elementor-element elementor-element-f943db7 elementor-widget elementor-widget-heading\" data-id=\"f943db7\" data-element_type=\"widget\" data-e-type=\"widget\" data-widget_type=\"heading.default\">\n\t\t\t\t<div class=\"elementor-widget-container\">\n\t\t\t\t\t<h2 class=\"elementor-heading-title elementor-size-default\">POLITIQUE DE REMBOURSEMENT ET D&rsquo;EXP\u00c9DITION DE MNBC<\/h2>\t\t\t\t<\/div>\n\t\t\t\t<\/div>\n\t\t\t\t<div class=\"elementor-element elementor-element-41e503e elementor-widget-divider--view-line elementor-widget elementor-widget-divider\" data-id=\"41e503e\" data-element_type=\"widget\" data-e-type=\"widget\" data-widget_type=\"divider.default\">\n\t\t\t\t<div class=\"elementor-widget-container\">\n\t\t\t\t\t\t\t<div class=\"elementor-divider\">\n\t\t\t<span class=\"elementor-divider-separator\">\n\t\t\t\t\t\t<\/span>\n\t\t<\/div>\n\t\t\t\t\t\t<\/div>\n\t\t\t\t<\/div>\n\t\t\t\t\t<\/div>\n\t\t<\/div>\n\t\t\t\t\t<\/div>\n\t\t<\/section>\n\t\t\t\t<section class=\"has_eae_slider elementor-section elementor-top-section elementor-element elementor-element-32c0571b elementor-section-boxed elementor-section-height-default elementor-section-height-default\" data-eae-slider=\"89091\" data-id=\"32c0571b\" data-element_type=\"section\" data-e-type=\"section\">\n\t\t\t\t\t\t<div class=\"elementor-container elementor-column-gap-default\">\n\t\t\t\t\t<div class=\"has_eae_slider elementor-column elementor-col-100 elementor-top-column elementor-element elementor-element-190a471\" data-eae-slider=\"58429\" data-id=\"190a471\" data-element_type=\"column\" data-e-type=\"column\">\n\t\t\t<div class=\"elementor-widget-wrap elementor-element-populated\">\n\t\t\t\t\t\t<div class=\"elementor-element elementor-element-44c2ebb1 elementor-widget elementor-widget-text-editor\" data-id=\"44c2ebb1\" data-element_type=\"widget\" data-e-type=\"widget\" data-widget_type=\"text-editor.default\">\n\t\t\t\t<div class=\"elementor-widget-container\">\n\t\t\t\t\t\t\t\t\t<p><\/p><h2>POLITIQUE D&rsquo;EXP\u00c9DITION DE REMBOURSEMENT<\/h2><p>Nous voulons que vous ayez une exp\u00e9rience positive \u00e0 chaque fois que vous magasinez avec nous, vous trouverez ici tout ce qui concerne notre politique d&rsquo;exp\u00e9dition de remboursement.<\/p><p>La politique d&rsquo;exp\u00e9dition de remboursement de MNBC ne pourra traiter les remboursements qu&rsquo;apr\u00e8s une confirmation d&rsquo;annulation valide.<\/p><p>Les annulations ne sont consid\u00e9r\u00e9es comme valables qu&rsquo;apr\u00e8s confirmation par MNBC. Un e-mail de confirmation d&rsquo;annulation de commande vous sera envoy\u00e9, apr\u00e8s quoi un remboursement complet sera effectu\u00e9.<\/p><h3>MOD\u00c8LES MNBC PERSONNALIS\u00c9S<\/h3><p>Nos mod\u00e8les MNBC personnalis\u00e9s sont \u00e9ligibles pour un remboursement complet sur la base que MNBC re\u00e7oit une demande d&rsquo;annulation dans les 48 heures suivant l&rsquo;achat. Toute demande d&rsquo;annulation re\u00e7ue apr\u00e8s cette p\u00e9riode n&rsquo;aura pas droit \u00e0 un remboursement, comme indiqu\u00e9 dans la politique d&rsquo;exp\u00e9dition de remboursement.<\/p><p>Dans le cas malheureux o\u00f9 le produit serait d\u00e9fectueux en raison d&rsquo;un dysfonctionnement, nous le v\u00e9rifierons et vous enverrons une nouvelle <a href=\"https:\/\/mynfcbusinesscard.fr\/produits\/\" target=\"_blank\" rel=\"noopener\">carte de visite MNBC<\/a>.<\/p><div><p><\/p><\/div>\t\t\t\t\t\t\t\t<\/div>\n\t\t\t\t<\/div>\n\t\t\t\t<div class=\"elementor-element elementor-element-637e375 elementor-widget elementor-widget-image\" data-id=\"637e375\" data-element_type=\"widget\" data-e-type=\"widget\" data-widget_type=\"image.default\">\n\t\t\t\t<div class=\"elementor-widget-container\">\n\t\t\t\t\t\t\t\t\t\t\t\t\t\t\t<img fetchpriority=\"high\" decoding=\"async\" width=\"1000\" height=\"667\" src=\"https:\/\/mynfcbusinesscard.com\/wp-content\/uploads\/2022\/03\/4.jpg\" class=\"attachment-full size-full wp-image-49018\" alt=\"\" srcset=\"https:\/\/mynfcbusinesscard.com\/wp-content\/uploads\/2022\/03\/4.jpg 1000w, https:\/\/mynfcbusinesscard.com\/wp-content\/uploads\/2022\/03\/4-300x200.jpg 300w, https:\/\/mynfcbusinesscard.com\/wp-content\/uploads\/2022\/03\/4-768x512.jpg 768w, https:\/\/mynfcbusinesscard.com\/wp-content\/uploads\/2022\/03\/4-600x400.jpg 600w\" sizes=\"(max-width: 1000px) 100vw, 1000px\" \/>\t\t\t\t\t\t\t\t\t\t\t\t\t\t\t<\/div>\n\t\t\t\t<\/div>\n\t\t\t\t<div class=\"elementor-element elementor-element-e56481e elementor-widget elementor-widget-text-editor\" data-id=\"e56481e\" data-element_type=\"widget\" data-e-type=\"widget\" data-widget_type=\"text-editor.default\">\n\t\t\t\t<div class=\"elementor-widget-container\">\n\t\t\t\t\t\t\t\t\t<p><\/p><h3>POLITIQUE DE R\u00c9IMPRESSION<\/h3><div><p>Si vous avez re\u00e7u un produit imprim\u00e9 dont vous n&rsquo;\u00eates pas satisfait, veuillez nous en informer par e-mail et fournir des images du produit \u00e0 <a href=\"mailto:support@mynfcbusinnescard.com\">support@mynfcbusinnescard.com<\/a><br \/>Mettez en \u00e9vidence ce qui vous manque, afin que nous puissions vous conseiller et apporter des modifications si n\u00e9cessaire.<\/p><p>\u00c0 l&rsquo;occasion, il peut vous \u00eatre demand\u00e9 de retourner le produit. Veuillez ne le faire que lorsque MNBC l&rsquo;a demand\u00e9.<\/p><p>Pour toute erreur de production ou d&rsquo;exp\u00e9dition (si par exemple vous avez re\u00e7u quelque chose de diff\u00e9rent) ; MNBC fournira une r\u00e9impression sans frais suppl\u00e9mentaires pour vous.<\/p><p>Nous ne pouvons cependant pas \u00eatre tenus responsables des erreurs du client. Assurez-vous de lire tout sur notre politique de remboursement d&rsquo;exp\u00e9dition sur cette page Web.<\/p><h3>MNBC S&rsquo;ENGAGE POUR LA SATISFACTION DE SES CLIENTS<\/h3><p>La satisfaction du client est notre premi\u00e8re priorit\u00e9.<\/p><p>Dans le cas o\u00f9 vous auriez re\u00e7u un produit d\u00e9fectueux, un remplacement vous sera envoy\u00e9 sans frais suppl\u00e9mentaires.<\/p><p>MNBC s&rsquo;engage \u00e0 aller au-del\u00e0 pour s&rsquo;assurer que vous \u00eates satisfait de votre produit.<\/p><p>En cas de probl\u00e8me ou de pr\u00e9occupation concernant votre commande MNBC, n&rsquo;h\u00e9sitez pas \u00e0 envoyer un e-mail \u00e0 support@mynfcbusinesscard.com afin que nous puissions le r\u00e9soudre le plus rapidement possible.<\/p><h3>POLITIQUE D&rsquo;EXP\u00c9DITION<\/h3><p>La livraison est gratuite partout dans le monde. Les d\u00e9lais de livraison varient selon la destination et peuvent aller de 48h ouvr\u00e9es \u00e0 7 jours ouvr\u00e9s maximum pour les zones les plus recul\u00e9es. L&rsquo;\u00e9quipe MNBC pour Sviluppo Progetti SCARL est responsable de votre commande du placement \u00e0 la production et \u00e0 l&#8217;emballage. Une fois que votre commande a \u00e9t\u00e9 livr\u00e9e au transporteur, notre responsabilit\u00e9 cesse, donc lorsque votre envoi arrive, vous devez d\u00e9j\u00e0 v\u00e9rifier le colis de son apparence ext\u00e9rieure, pr\u00e9sente-t-il des bosses ou d&rsquo;autres signes de mauvais transport ?<\/p><p>Dans ce cas, les articles endommag\u00e9s lors de l&rsquo;exp\u00e9dition doivent \u00eatre adress\u00e9s au transporteur lui-m\u00eame.<\/p><p>Si votre commande nous est retourn\u00e9e en raison d&rsquo;une livraison infructueuse, des frais d&rsquo;exp\u00e9dition \u00e9gaux \u00e0 110% des frais d&rsquo;exp\u00e9dition initiaux seront exig\u00e9s.<\/p><p>Veuillez inclure un num\u00e9ro de t\u00e9l\u00e9phone avec votre commande afin que vous puissiez \u00eatre facilement contact\u00e9 en cas de probl\u00e8me avec la livraison.<\/p><p><strong>NUM\u00c9ROS DE SUIVI D&rsquo;EXP\u00c9DITION<\/strong><\/p><p>Comme MNBC cr\u00e9e ses produits \u00e0 la commande, les num\u00e9ros de suivi des exp\u00e9ditions (lorsqu&rsquo;ils sont fournis par le service) ne sont pas disponibles tant que la production n&rsquo;est pas termin\u00e9e. Vous pourrez suivre votre commande une fois la marchandise remise au transporteur qui g\u00e9n\u00e8re le code de suivi. Le service de suivi n&rsquo;est pas toujours fourni dans toutes les zones d&rsquo;exp\u00e9dition.<\/p><p><strong>HEURE DE LIVRAISON<\/strong><\/p><p>Les cartes de visite MNBC sont livr\u00e9es en moyenne dans les 3 \u00e0 10 jours suivant l&rsquo;achat confirm\u00e9, les d\u00e9lais varient en fonction des distances de destination.<\/p><p>Dans le cas o\u00f9 nous ne serions pas en mesure de terminer la production dans les d\u00e9lais sp\u00e9cifi\u00e9s, nous nous contenterons du temps de production suppl\u00e9mentaire avec une m\u00e9thode d&rsquo;exp\u00e9dition plus rapide afin que vous puissiez toujours recevoir votre commande vers la date de livraison estim\u00e9e.<\/p><p>Veuillez noter que nous ne garantissons pas les dates de livraison, la date qui vous est donn\u00e9e n&rsquo;est qu&rsquo;une estimation.<\/p><p>En de rares occasions, lorsque la sortie imprim\u00e9e ne r\u00e9pond pas \u00e0 nos normes de contr\u00f4le de qualit\u00e9, nous n&rsquo;aurons d&rsquo;autre choix que de r\u00e9imprimer votre commande, ce qui entra\u00eenera des retards.<\/p><h3>POLITIQUE DOUANI\u00c8RE POUR LES COMMANDES INTERNATIONALES<\/h3><p>Les politiques douani\u00e8res varient consid\u00e9rablement d&rsquo;un pays \u00e0 l&rsquo;autre. MNBC n&rsquo;a aucun contr\u00f4le sur ces frais, et nous ne pouvons pas non plus pr\u00e9dire le co\u00fbt exact de ces frais.<\/p><p>Par cons\u00e9quent, nous ne sommes pas responsables de vous informer des tarifs sp\u00e9cifiques qui peuvent s&rsquo;appliquer ; Il est de votre responsabilit\u00e9, en tant que client et importateur, de v\u00e9rifier quelles sont les exigences de votre pays pour tous les frais de douane, avant de passer votre commande.<\/p><p>Veuillez \u00e9galement noter que lorsque des proc\u00e9dures de d\u00e9douanement sont n\u00e9cessaires, cela peut entra\u00eener des retards au-del\u00e0 de nos estimations de livraison initiales.<\/p><p><\/p><\/div>\t\t\t\t\t\t\t\t<\/div>\n\t\t\t\t<\/div>\n\t\t\t\t\t<\/div>\n\t\t<\/div>\n\t\t\t\t\t<\/div>\n\t\t<\/section>\n\t\t\t\t<\/div>\n\t\t","protected":false},"excerpt":{"rendered":"<p>POLITIQUE D&rsquo;EXP\u00c9DITION DE REMBOURSEMENT Nous voulons que vous ayez une exp\u00e9rience positive \u00e0 chaque fois que vous magasinez avec nous, vous trouverez ici tout ce qui concerne notre politique d&rsquo;exp\u00e9dition de remboursement. La politique d&rsquo;exp\u00e9dition de remboursement de MNBC ne pourra traiter les remboursements qu&rsquo;apr\u00e8s une confirmation d&rsquo;annulation valide. Les annulations ne sont consid\u00e9r\u00e9es comme [&hellip;]<\/p>\n","protected":false},"author":1,"featured_media":0,"parent":0,"menu_order":0,"comment_status":"closed","ping_status":"closed","template":"elementor_header_footer","meta":{"_acf_changed":false,"ocean_post_layout":"","ocean_both_sidebars_style":"","ocean_both_sidebars_content_width":0,"ocean_both_sidebars_sidebars_width":0,"ocean_sidebar":"0","ocean_second_sidebar":"0","ocean_disable_margins":"enable","ocean_add_body_class":"","ocean_shortcode_before_top_bar":"","ocean_shortcode_after_top_bar":"","ocean_shortcode_before_header":"","ocean_shortcode_after_header":"","ocean_has_shortcode":"","ocean_shortcode_after_title":"","ocean_shortcode_before_footer_widgets":"","ocean_shortcode_after_footer_widgets":"","ocean_shortcode_before_footer_bottom":"","ocean_shortcode_after_footer_bottom":"","ocean_display_top_bar":"off","ocean_display_header":"default","ocean_header_style":"","ocean_center_header_left_menu":"0","ocean_custom_header_template":"0","ocean_custom_logo":0,"ocean_custom_retina_logo":0,"ocean_custom_logo_max_width":0,"ocean_custom_logo_tablet_max_width":0,"ocean_custom_logo_mobile_max_width":0,"ocean_custom_logo_max_height":0,"ocean_custom_logo_tablet_max_height":0,"ocean_custom_logo_mobile_max_height":0,"ocean_header_custom_menu":"0","ocean_menu_typo_font_family":"0","ocean_menu_typo_font_subset":"","ocean_menu_typo_font_size":0,"ocean_menu_typo_font_size_tablet":0,"ocean_menu_typo_font_size_mobile":0,"ocean_menu_typo_font_size_unit":"px","ocean_menu_typo_font_weight":"","ocean_menu_typo_font_weight_tablet":"","ocean_menu_typo_font_weight_mobile":"","ocean_menu_typo_transform":"","ocean_menu_typo_transform_tablet":"","ocean_menu_typo_transform_mobile":"","ocean_menu_typo_line_height":0,"ocean_menu_typo_line_height_tablet":0,"ocean_menu_typo_line_height_mobile":0,"ocean_menu_typo_line_height_unit":"","ocean_menu_typo_spacing":0,"ocean_menu_typo_spacing_tablet":0,"ocean_menu_typo_spacing_mobile":0,"ocean_menu_typo_spacing_unit":"","ocean_menu_link_color":"","ocean_menu_link_color_hover":"","ocean_menu_link_color_active":"","ocean_menu_link_background":"","ocean_menu_link_hover_background":"","ocean_menu_link_active_background":"","ocean_menu_social_links_bg":"","ocean_menu_social_hover_links_bg":"","ocean_menu_social_links_color":"","ocean_menu_social_hover_links_color":"","ocean_disable_title":"on","ocean_disable_heading":"default","ocean_post_title":"","ocean_post_subheading":"","ocean_post_title_style":"","ocean_post_title_background_color":"","ocean_post_title_background":0,"ocean_post_title_bg_image_position":"","ocean_post_title_bg_image_attachment":"","ocean_post_title_bg_image_repeat":"","ocean_post_title_bg_image_size":"","ocean_post_title_height":0,"ocean_post_title_bg_overlay":0.5,"ocean_post_title_bg_overlay_color":"","ocean_disable_breadcrumbs":"default","ocean_breadcrumbs_color":"","ocean_breadcrumbs_separator_color":"","ocean_breadcrumbs_links_color":"","ocean_breadcrumbs_links_hover_color":"","ocean_display_footer_widgets":"off","ocean_display_footer_bottom":"default","ocean_custom_footer_template":"0","footnotes":""},"class_list":["post-49736","page","type-page","status-publish","hentry","entry","owp-thumbs-layout-horizontal","owp-btn-normal","owp-tabs-layout-horizontal","has-no-thumbnails","has-product-nav"],"acf":[],"_links":{"self":[{"href":"https:\/\/mynfcbusinesscard.com\/fr\/wp-json\/wp\/v2\/pages\/49736","targetHints":{"allow":["GET"]}}],"collection":[{"href":"https:\/\/mynfcbusinesscard.com\/fr\/wp-json\/wp\/v2\/pages"}],"about":[{"href":"https:\/\/mynfcbusinesscard.com\/fr\/wp-json\/wp\/v2\/types\/page"}],"author":[{"embeddable":true,"href":"https:\/\/mynfcbusinesscard.com\/fr\/wp-json\/wp\/v2\/users\/1"}],"replies":[{"embeddable":true,"href":"https:\/\/mynfcbusinesscard.com\/fr\/wp-json\/wp\/v2\/comments?post=49736"}],"version-history":[{"count":4,"href":"https:\/\/mynfcbusinesscard.com\/fr\/wp-json\/wp\/v2\/pages\/49736\/revisions"}],"predecessor-version":[{"id":49741,"href":"https:\/\/mynfcbusinesscard.com\/fr\/wp-json\/wp\/v2\/pages\/49736\/revisions\/49741"}],"wp:attachment":[{"href":"https:\/\/mynfcbusinesscard.com\/fr\/wp-json\/wp\/v2\/media?parent=49736"}],"curies":[{"name":"wp","href":"https:\/\/api.w.org\/{rel}","templated":true}]}}