{"id":49564,"date":"2021-11-16T16:01:50","date_gmt":"2021-11-16T15:01:50","guid":{"rendered":"https:\/\/mynfcbusinesscard.com\/chi-siamo\/"},"modified":"2023-06-14T17:45:51","modified_gmt":"2023-06-14T15:45:51","slug":"qui-sommes-nous","status":"publish","type":"page","link":"https:\/\/mynfcbusinesscard.com\/fr\/qui-sommes-nous\/","title":{"rendered":"Qui sommes-nous"},"content":{"rendered":"\t\t<div data-elementor-type=\"wp-page\" data-elementor-id=\"49564\" class=\"elementor elementor-49564 elementor-2608\" data-elementor-post-type=\"page\">\n\t\t\t\t\t\t<section class=\"has_eae_slider elementor-section elementor-top-section elementor-element elementor-element-1cf738b elementor-section-full_width elementor-section-height-min-height elementor-section-height-default elementor-section-items-middle\" data-eae-slider=\"23967\" data-id=\"1cf738b\" data-element_type=\"section\" data-e-type=\"section\" data-settings=\"{&quot;background_background&quot;:&quot;classic&quot;}\">\n\t\t\t\t\t\t<div class=\"elementor-container elementor-column-gap-default\">\n\t\t\t\t\t<div class=\"has_eae_slider elementor-column elementor-col-100 elementor-top-column elementor-element elementor-element-1111858\" data-eae-slider=\"92748\" data-id=\"1111858\" data-element_type=\"column\" data-e-type=\"column\">\n\t\t\t<div class=\"elementor-widget-wrap\">\n\t\t\t\t\t\t\t<\/div>\n\t\t<\/div>\n\t\t\t\t\t<\/div>\n\t\t<\/section>\n\t\t\t\t<section class=\"has_eae_slider elementor-section elementor-top-section elementor-element elementor-element-07d8921 elementor-section-boxed elementor-section-height-default elementor-section-height-default\" data-eae-slider=\"60635\" data-id=\"07d8921\" data-element_type=\"section\" data-e-type=\"section\">\n\t\t\t\t\t\t<div class=\"elementor-container elementor-column-gap-default\">\n\t\t\t\t\t<div class=\"has_eae_slider elementor-column elementor-col-100 elementor-top-column elementor-element elementor-element-87ca312\" data-eae-slider=\"10087\" data-id=\"87ca312\" data-element_type=\"column\" data-e-type=\"column\">\n\t\t\t<div class=\"elementor-widget-wrap elementor-element-populated\">\n\t\t\t\t\t\t<div class=\"elementor-element elementor-element-f943db7 elementor-widget elementor-widget-heading\" data-id=\"f943db7\" data-element_type=\"widget\" data-e-type=\"widget\" data-widget_type=\"heading.default\">\n\t\t\t\t<div class=\"elementor-widget-container\">\n\t\t\t\t\t<h2 class=\"elementor-heading-title elementor-size-default\">Qui sommes-nous<\/h2>\t\t\t\t<\/div>\n\t\t\t\t<\/div>\n\t\t\t\t<div class=\"elementor-element elementor-element-41e503e elementor-widget-divider--view-line elementor-widget elementor-widget-divider\" data-id=\"41e503e\" data-element_type=\"widget\" data-e-type=\"widget\" data-widget_type=\"divider.default\">\n\t\t\t\t<div class=\"elementor-widget-container\">\n\t\t\t\t\t\t\t<div class=\"elementor-divider\">\n\t\t\t<span class=\"elementor-divider-separator\">\n\t\t\t\t\t\t<\/span>\n\t\t<\/div>\n\t\t\t\t\t\t<\/div>\n\t\t\t\t<\/div>\n\t\t\t\t\t<\/div>\n\t\t<\/div>\n\t\t\t\t\t<\/div>\n\t\t<\/section>\n\t\t\t\t<section class=\"has_eae_slider elementor-section elementor-top-section elementor-element elementor-element-4ebdca8 elementor-section-boxed elementor-section-height-default elementor-section-height-default\" data-eae-slider=\"11818\" data-id=\"4ebdca8\" data-element_type=\"section\" data-e-type=\"section\">\n\t\t\t\t\t\t<div class=\"elementor-container elementor-column-gap-default\">\n\t\t\t\t\t<div class=\"has_eae_slider elementor-column elementor-col-100 elementor-top-column elementor-element elementor-element-5cd6507\" data-eae-slider=\"48757\" data-id=\"5cd6507\" data-element_type=\"column\" data-e-type=\"column\">\n\t\t\t<div class=\"elementor-widget-wrap elementor-element-populated\">\n\t\t\t\t\t\t<div class=\"elementor-element elementor-element-38240c3 elementor-widget elementor-widget-text-editor\" data-id=\"38240c3\" data-element_type=\"widget\" data-e-type=\"widget\" data-widget_type=\"text-editor.default\">\n\t\t\t\t<div class=\"elementor-widget-container\">\n\t\t\t\t\t\t\t\t\t<p>My NFC Business Card est une start-up enti\u00e8rement italienne, une r\u00e9alit\u00e9 v\u00e9n\u00e9to-frioulan.<br \/>Le projet est n\u00e9 gr\u00e2ce au soutien de <a href=\"http:\/\/wwww.sviluppoprogetti.com\" target=\"_blank\" rel=\"noopener\">Sviluppo Progetti<\/a> qui a cru au potentiel du projet \u00ab\u00a0My NFC Business card\u00a0\u00bb dans le nouveau panorama offert par le march\u00e9 dit de \u00ab\u00a0Internet of things\u00a0\u00bb.<\/p><h4>Cartes de visite \u00e0 puce dans l&rsquo;Internet Of Things<\/h4><p>Notre \u00e9quipe a d\u00e9cid\u00e9 de d\u00e9velopper la technologie NFC appliqu\u00e9e aux services web afin de donner un produit \u00e0 plus haute valeur ajout\u00e9e que la concurrence, qui a su apporter la qualit\u00e9 reconnue du Made in Italy sur ces nouveaux march\u00e9s qui divisent les services \u00e0 la vente \u00a0\u00bb cartes de visite intelligentes\u00a0\u00bb en ligne.<\/p><p><img fetchpriority=\"high\" decoding=\"async\" src=\"https:\/\/mynfcbusinesscard.com\/wp-content\/uploads\/2021\/11\/5.jpg\" alt=\"chi siamo my nfc business card\" width=\"1000\" height=\"666\" \/><\/p><p>Nos cartes de visite sont n\u00e9es d&rsquo;une analyse minutieuse de ce que le march\u00e9 propose aujourd&rsquo;hui, nous avons test\u00e9 les cartes de visite nfc des principaux concurrents, nous avons compris les faiblesses qui se trouvaient dans les services associ\u00e9s et dans la qualit\u00e9 du produit final. Nos cartes de visite sont dot\u00e9es de puissants tags NFC pour garantir \u00e0 nos clients une v\u00e9ritable exp\u00e9rience \u00ab\u00a0sans contact\u00a0\u00bb gr\u00e2ce \u00e0 nos <a href=\"https:\/\/mynfcbusinesscard.com\/fr\/#ChoisirMyNFCBusinessCard\">cartes de visite personnalis\u00e9es en bambou et acier<\/a> grav\u00e9es au laser.<br \/>Choisissez le mat\u00e9riau que vous pr\u00e9f\u00e9rez, \u00eates-vous une personne plus li\u00e9e au vert ? Le bambou est fait pour vous.<br \/>Vous pr\u00e9f\u00e9rez la pr\u00e9cision et la durabilit\u00e9 de l&rsquo;acier ? Nous avons les meilleures cartes hybrides pour r\u00e9partir vos contacts.<\/p><p>Notre \u00e9quipe est compos\u00e9e de programmeurs, graphistes, webmasters et personnel de marketing, nous sommes une jeune \u00e9quipe qui repr\u00e9sente fi\u00e8rement la culture italienne en essayant de toujours donner la plus haute qualit\u00e9 dans les produits et services offerts.<\/p>\t\t\t\t\t\t\t\t<\/div>\n\t\t\t\t<\/div>\n\t\t\t\t\t<\/div>\n\t\t<\/div>\n\t\t\t\t\t<\/div>\n\t\t<\/section>\n\t\t\t\t<\/div>\n\t\t","protected":false},"excerpt":{"rendered":"<p>My NFC Business Card est une start-up enti\u00e8rement italienne, une r\u00e9alit\u00e9 v\u00e9n\u00e9to-frioulan.Le projet est n\u00e9 gr\u00e2ce au soutien de Sviluppo Progetti qui a cru au potentiel du projet \u00ab\u00a0My NFC Business card\u00a0\u00bb dans le nouveau panorama offert par le march\u00e9 dit de \u00ab\u00a0Internet of things\u00a0\u00bb. Cartes de visite \u00e0 puce dans l&rsquo;Internet Of Things Notre [&hellip;]<\/p>\n","protected":false},"author":1,"featured_media":0,"parent":0,"menu_order":0,"comment_status":"closed","ping_status":"closed","template":"elementor_header_footer","meta":{"_acf_changed":false,"ocean_post_layout":"","ocean_both_sidebars_style":"","ocean_both_sidebars_content_width":0,"ocean_both_sidebars_sidebars_width":0,"ocean_sidebar":"0","ocean_second_sidebar":"0","ocean_disable_margins":"enable","ocean_add_body_class":"","ocean_shortcode_before_top_bar":"","ocean_shortcode_after_top_bar":"","ocean_shortcode_before_header":"","ocean_shortcode_after_header":"","ocean_has_shortcode":"","ocean_shortcode_after_title":"","ocean_shortcode_before_footer_widgets":"","ocean_shortcode_after_footer_widgets":"","ocean_shortcode_before_footer_bottom":"","ocean_shortcode_after_footer_bottom":"","ocean_display_top_bar":"off","ocean_display_header":"default","ocean_header_style":"","ocean_center_header_left_menu":"0","ocean_custom_header_template":"0","ocean_custom_logo":0,"ocean_custom_retina_logo":0,"ocean_custom_logo_max_width":0,"ocean_custom_logo_tablet_max_width":0,"ocean_custom_logo_mobile_max_width":0,"ocean_custom_logo_max_height":0,"ocean_custom_logo_tablet_max_height":0,"ocean_custom_logo_mobile_max_height":0,"ocean_header_custom_menu":"0","ocean_menu_typo_font_family":"0","ocean_menu_typo_font_subset":"","ocean_menu_typo_font_size":0,"ocean_menu_typo_font_size_tablet":0,"ocean_menu_typo_font_size_mobile":0,"ocean_menu_typo_font_size_unit":"px","ocean_menu_typo_font_weight":"","ocean_menu_typo_font_weight_tablet":"","ocean_menu_typo_font_weight_mobile":"","ocean_menu_typo_transform":"","ocean_menu_typo_transform_tablet":"","ocean_menu_typo_transform_mobile":"","ocean_menu_typo_line_height":0,"ocean_menu_typo_line_height_tablet":0,"ocean_menu_typo_line_height_mobile":0,"ocean_menu_typo_line_height_unit":"","ocean_menu_typo_spacing":0,"ocean_menu_typo_spacing_tablet":0,"ocean_menu_typo_spacing_mobile":0,"ocean_menu_typo_spacing_unit":"","ocean_menu_link_color":"","ocean_menu_link_color_hover":"","ocean_menu_link_color_active":"","ocean_menu_link_background":"","ocean_menu_link_hover_background":"","ocean_menu_link_active_background":"","ocean_menu_social_links_bg":"","ocean_menu_social_hover_links_bg":"","ocean_menu_social_links_color":"","ocean_menu_social_hover_links_color":"","ocean_disable_title":"on","ocean_disable_heading":"default","ocean_post_title":"","ocean_post_subheading":"","ocean_post_title_style":"","ocean_post_title_background_color":"","ocean_post_title_background":0,"ocean_post_title_bg_image_position":"","ocean_post_title_bg_image_attachment":"","ocean_post_title_bg_image_repeat":"","ocean_post_title_bg_image_size":"","ocean_post_title_height":0,"ocean_post_title_bg_overlay":0.5,"ocean_post_title_bg_overlay_color":"","ocean_disable_breadcrumbs":"default","ocean_breadcrumbs_color":"","ocean_breadcrumbs_separator_color":"","ocean_breadcrumbs_links_color":"","ocean_breadcrumbs_links_hover_color":"","ocean_display_footer_widgets":"off","ocean_display_footer_bottom":"default","ocean_custom_footer_template":"0","footnotes":""},"class_list":["post-49564","page","type-page","status-publish","hentry","entry","owp-thumbs-layout-horizontal","owp-btn-normal","owp-tabs-layout-horizontal","has-no-thumbnails","has-product-nav"],"acf":[],"_links":{"self":[{"href":"https:\/\/mynfcbusinesscard.com\/fr\/wp-json\/wp\/v2\/pages\/49564","targetHints":{"allow":["GET"]}}],"collection":[{"href":"https:\/\/mynfcbusinesscard.com\/fr\/wp-json\/wp\/v2\/pages"}],"about":[{"href":"https:\/\/mynfcbusinesscard.com\/fr\/wp-json\/wp\/v2\/types\/page"}],"author":[{"embeddable":true,"href":"https:\/\/mynfcbusinesscard.com\/fr\/wp-json\/wp\/v2\/users\/1"}],"replies":[{"embeddable":true,"href":"https:\/\/mynfcbusinesscard.com\/fr\/wp-json\/wp\/v2\/comments?post=49564"}],"version-history":[{"count":4,"href":"https:\/\/mynfcbusinesscard.com\/fr\/wp-json\/wp\/v2\/pages\/49564\/revisions"}],"predecessor-version":[{"id":49568,"href":"https:\/\/mynfcbusinesscard.com\/fr\/wp-json\/wp\/v2\/pages\/49564\/revisions\/49568"}],"wp:attachment":[{"href":"https:\/\/mynfcbusinesscard.com\/fr\/wp-json\/wp\/v2\/media?parent=49564"}],"curies":[{"name":"wp","href":"https:\/\/api.w.org\/{rel}","templated":true}]}}