{"id":55879,"date":"2024-04-11T16:35:26","date_gmt":"2024-04-11T14:35:26","guid":{"rendered":"https:\/\/mynfcbusinesscard.com\/?post_type=product&#038;p=55879"},"modified":"2025-09-18T18:13:52","modified_gmt":"2025-09-18T16:13:52","slug":"tarjeta-digital-en-plastico-blanco-nfc","status":"publish","type":"product","link":"https:\/\/mynfcbusinesscard.com\/es\/producto\/tarjeta-digital-en-plastico-blanco-nfc\/","title":{"rendered":"Tarjeta digital en pl\u00e1stico blanco NFC"},"content":{"rendered":"<p>La tarjeta digital en pl\u00e1stico blanco (PET) NFC representa un gran avance en el enfoque de las redes profesionales y el medio ambiente. Con nuestra perspectiva innovadora y orientada a la sostenibilidad, ofrecemos una soluci\u00f3n inteligente para mejorar la eficiencia de su red y contribuir a la protecci\u00f3n del medio ambiente.<\/p>\n<h2><strong>\u00bfPor qu\u00e9 elegir una Tarjeta digital en pl\u00e1stico blanco NFC?<\/strong><\/h2>\n<ol>\n<li>\n<h3><strong>Compromiso Ecol\u00f3gico y Sostenibilidad:<\/strong><\/h3>\n<\/li>\n<\/ol>\n<p>Nuestra Tarjeta digital en pl\u00e1stico blanco NFC es una opci\u00f3n ecol\u00f3gica para profesionales y empresas que desean reducir su huella de carbono. Utilizamos PET reciclado, un material que contribuye a la reutilizaci\u00f3n de los recursos existentes, reduciendo la necesidad de producir pl\u00e1stico nuevo. Este enfoque tiene como objetivo reducir el desperdicio de recursos naturales y mitigar la contaminaci\u00f3n de la producci\u00f3n de materiales tradicionales.<\/p>\n<ol start=\"2\">\n<li>\n<h3><strong>Cero residuos y reducci\u00f3n de la contaminaci\u00f3n:<\/strong><\/h3>\n<\/li>\n<\/ol>\n<p>Nuestra Tarjeta digital en pl\u00e1stico blanco NFCfabricadas con pl\u00e1stico blanco reciclado (PET) eliminan la necesidad de imprimir miles de tarjetas de papel que a menudo no se utilizan o se pierden. Con una sola copia f\u00edsica y tecnolog\u00eda <a href=\"https:\/\/es.wikipedia.org\/wiki\/Comunicaci%C3%B3n_de_campo_cercano\" target=\"_blank\" rel=\"noopener\"><strong>NFC<\/strong><\/a>, puede compartir sus datos de contacto de manera eficiente, sin tener que imprimir constantemente nuevos boletos. Esto no solo conserva los recursos naturales, sino que tambi\u00e9n ayuda a mitigar el problema de deshacerse de los billetes de papel tradicionales.<\/p>\n<ol start=\"3\">\n<li>\n<h3><strong>Facilidad de uso y uso compartido r\u00e1pido<\/strong><\/h3>\n<\/li>\n<\/ol>\n<p>La tecnolog\u00eda NFC hace que sea mucho m\u00e1s f\u00e1cil compartir sus datos de contacto. Simplemente acerque su tarjeta de presentaci\u00f3n al tel\u00e9fono de su contacto y aparecer\u00e1 autom\u00e1ticamente una ventana emergente en su pantalla, lo que le permitir\u00e1 guardar sus datos de manera r\u00e1pida y efectiva. Esta moderna soluci\u00f3n es mucho m\u00e1s c\u00f3moda y eficiente que el tradicional intercambio de tarjetas de visita en papel.<\/p>\n<ol start=\"4\">\n<li>\n<h3><strong>Personalizaci\u00f3n avanzada:<\/strong><\/h3>\n<\/li>\n<\/ol>\n<p>Nuestra Tarjeta digital en pl\u00e1stico blanco NFC ofrece una amplia posibilidad de personalizaci\u00f3n. La tecnolog\u00eda de impresi\u00f3n de inyecci\u00f3n de tinta UV a todo color de alta calidad le permite crear un dise\u00f1o \u00fanico, mientras que la inclusi\u00f3n de un c\u00f3digo QR vinculado a su perfil en l\u00ednea amplifica su presencia digital. Cargue el logotipo de su empresa y cree una tarjeta de visita digital NFC de pl\u00e1stico blanco reciclado que refleje completamente su identidad corporativa.<\/p>\n<ol start=\"5\">\n<li>\n<h3><strong>Robustez y durabilidad:<\/strong><\/h3>\n<\/li>\n<\/ol>\n<p>La Tarjeta digital en pl\u00e1stico blanco reciclado (PET) NFC es dise\u00f1ada para soportar el desgaste diario. Con una buena flexibilidad, es ideal para guardarlos de forma segura en la cartera o en el tarjetero de cr\u00e9dito. La calidad de los materiales garantiza que su tarjeta de visita digital mantenga su integridad a lo largo del tiempo.<\/p>\n<ol start=\"6\">\n<li>\n<h3><strong>Suscripci\u00f3n a la plataforma de gesti\u00f3n:<\/strong><\/h3>\n<\/li>\n<\/ol>\n<p>Nuestro servicio de suscripci\u00f3n garantiza que su tarjeta de visita digital en pl\u00e1stico blanco (PET) siga siendo funcional y est\u00e9 a la vanguardia en todo momento. Con nuevas funciones en constante desarrollo, tendr\u00e1s acceso a un sistema de gesti\u00f3n integral para mantener tus datos actualizados y optimizar tu red profesional.<\/p>\n<ol start=\"7\">\n<li>\n<h3><strong>En la aplicaci\u00f3n. Obligatorio:<\/strong><\/h3>\n<\/li>\n<\/ol>\n<p>Nuestra Tarjeta digital en pl\u00e1stico blanco NFC es compatible con la tecnolog\u00eda NFC que se encuentra en casi todos los tel\u00e9fonos inteligentes modernos, sin necesidad de instalar aplicaciones adicionales. En el caso de los dispositivos m\u00e1s antiguos, como el iPhone 7, es posible que tengas que activar NFC manualmente.<\/p>\n<p>En resumen, la Tarjeta digital en pl\u00e1stico blanco reciclado NFC\u00a0 no solo es una opci\u00f3n ecol\u00f3gica, sino tambi\u00e9n una soluci\u00f3n pr\u00e1ctica y moderna para el mundo empresarial. Combinando tecnolog\u00eda avanzada y sostenibilidad medioambiental, estas tarjetas de visita representan el futuro de las redes profesionales. Elige MNBC para marcar la diferencia y contribuir a un futuro m\u00e1s sostenible, tanto en el contexto empresarial como medioambiental, \u00bfquieres saber m\u00e1s? Vaya a la secci\u00f3n de <a href=\"https:\/\/mynfcbusinesscard.com\/es\/faq\/\" target=\"_blank\" rel=\"noopener\">preguntas frecuentes<\/a>.<\/p>\n","protected":false},"excerpt":{"rendered":"<p>Comienzan desde 39,00\u20ac con cuota de un a\u00f1o (12,00\u20ac) incluida<\/p>\n","protected":false},"featured_media":56468,"template":"","meta":{"_acf_changed":false,"ocean_post_layout":"full-width","ocean_both_sidebars_style":"","ocean_both_sidebars_content_width":0,"ocean_both_sidebars_sidebars_width":0,"ocean_sidebar":"0","ocean_second_sidebar":"0","ocean_disable_margins":"enable","ocean_add_body_class":"","ocean_shortcode_before_top_bar":"","ocean_shortcode_after_top_bar":"","ocean_shortcode_before_header":"","ocean_shortcode_after_header":"","ocean_has_shortcode":"","ocean_shortcode_after_title":"","ocean_shortcode_before_footer_widgets":"","ocean_shortcode_after_footer_widgets":"","ocean_shortcode_before_footer_bottom":"","ocean_shortcode_after_footer_bottom":"","ocean_display_top_bar":"off","ocean_display_header":"default","ocean_header_style":"","ocean_center_header_left_menu":"0","ocean_custom_header_template":"0","ocean_custom_logo":0,"ocean_custom_retina_logo":0,"ocean_custom_logo_max_width":0,"ocean_custom_logo_tablet_max_width":0,"ocean_custom_logo_mobile_max_width":0,"ocean_custom_logo_max_height":0,"ocean_custom_logo_tablet_max_height":0,"ocean_custom_logo_mobile_max_height":0,"ocean_header_custom_menu":"0","ocean_menu_typo_font_family":"0","ocean_menu_typo_font_subset":"","ocean_menu_typo_font_size":0,"ocean_menu_typo_font_size_tablet":0,"ocean_menu_typo_font_size_mobile":0,"ocean_menu_typo_font_size_unit":"px","ocean_menu_typo_font_weight":"","ocean_menu_typo_font_weight_tablet":"","ocean_menu_typo_font_weight_mobile":"","ocean_menu_typo_transform":"","ocean_menu_typo_transform_tablet":"","ocean_menu_typo_transform_mobile":"","ocean_menu_typo_line_height":0,"ocean_menu_typo_line_height_tablet":0,"ocean_menu_typo_line_height_mobile":0,"ocean_menu_typo_line_height_unit":"","ocean_menu_typo_spacing":0,"ocean_menu_typo_spacing_tablet":0,"ocean_menu_typo_spacing_mobile":0,"ocean_menu_typo_spacing_unit":"","ocean_menu_link_color":"","ocean_menu_link_color_hover":"","ocean_menu_link_color_active":"","ocean_menu_link_background":"","ocean_menu_link_hover_background":"","ocean_menu_link_active_background":"","ocean_menu_social_links_bg":"","ocean_menu_social_hover_links_bg":"","ocean_menu_social_links_color":"","ocean_menu_social_hover_links_color":"","ocean_disable_title":"on","ocean_disable_heading":"default","ocean_post_title":"","ocean_post_subheading":"","ocean_post_title_style":"","ocean_post_title_background_color":"","ocean_post_title_background":0,"ocean_post_title_bg_image_position":"","ocean_post_title_bg_image_attachment":"","ocean_post_title_bg_image_repeat":"","ocean_post_title_bg_image_size":"","ocean_post_title_height":0,"ocean_post_title_bg_overlay":0.5,"ocean_post_title_bg_overlay_color":"","ocean_disable_breadcrumbs":"default","ocean_breadcrumbs_color":"","ocean_breadcrumbs_separator_color":"","ocean_breadcrumbs_links_color":"","ocean_breadcrumbs_links_hover_color":"","ocean_display_footer_widgets":"default","ocean_display_footer_bottom":"default","ocean_custom_footer_template":"0"},"product_brand":[],"product_cat":[245],"product_tag":[],"class_list":{"0":"post-55879","1":"product","2":"type-product","3":"status-publish","4":"has-post-thumbnail","6":"product_cat-pet-white-es","8":"entry","9":"has-media","11":"first","12":"instock","13":"taxable","14":"shipping-taxable","15":"purchasable","16":"product-type-variable-subscription","17":"has-product-nav","18":"col","19":"span_1_of_3","20":"owp-content-center","21":"owp-thumbs-layout-horizontal","22":"owp-btn-normal","23":"owp-tabs-layout-horizontal"},"acf":[],"_links":{"self":[{"href":"https:\/\/mynfcbusinesscard.com\/es\/wp-json\/wp\/v2\/product\/55879","targetHints":{"allow":["GET"]}}],"collection":[{"href":"https:\/\/mynfcbusinesscard.com\/es\/wp-json\/wp\/v2\/product"}],"about":[{"href":"https:\/\/mynfcbusinesscard.com\/es\/wp-json\/wp\/v2\/types\/product"}],"wp:featuredmedia":[{"embeddable":true,"href":"https:\/\/mynfcbusinesscard.com\/es\/wp-json\/wp\/v2\/media\/56468"}],"wp:attachment":[{"href":"https:\/\/mynfcbusinesscard.com\/es\/wp-json\/wp\/v2\/media?parent=55879"}],"wp:term":[{"taxonomy":"product_brand","embeddable":true,"href":"https:\/\/mynfcbusinesscard.com\/es\/wp-json\/wp\/v2\/product_brand?post=55879"},{"taxonomy":"product_cat","embeddable":true,"href":"https:\/\/mynfcbusinesscard.com\/es\/wp-json\/wp\/v2\/product_cat?post=55879"},{"taxonomy":"product_tag","embeddable":true,"href":"https:\/\/mynfcbusinesscard.com\/es\/wp-json\/wp\/v2\/product_tag?post=55879"}],"curies":[{"name":"wp","href":"https:\/\/api.w.org\/{rel}","templated":true}]}}