{"id":8426,"date":"2021-10-21T14:48:18","date_gmt":"2021-10-21T12:48:18","guid":{"rendered":"https:\/\/mynfcbusinesscard.com\/rimborso_reso\/"},"modified":"2023-07-04T11:12:04","modified_gmt":"2023-07-04T09:12:04","slug":"politica-de-reembolso-y-envio-de-mnbc","status":"publish","type":"page","link":"https:\/\/mynfcbusinesscard.com\/es\/politica-de-reembolso-y-envio-de-mnbc\/","title":{"rendered":"Pol\u00edtica de reembolso y env\u00edo de MNBC"},"content":{"rendered":"\t\t<div data-elementor-type=\"wp-page\" data-elementor-id=\"8426\" class=\"elementor elementor-8426 elementor-101\" data-elementor-post-type=\"page\">\n\t\t\t\t\t\t<section class=\"has_eae_slider elementor-section elementor-top-section elementor-element elementor-element-07d8921 elementor-section-boxed elementor-section-height-default elementor-section-height-default\" data-eae-slider=\"11321\" data-id=\"07d8921\" data-element_type=\"section\" data-e-type=\"section\">\n\t\t\t\t\t\t<div class=\"elementor-container elementor-column-gap-default\">\n\t\t\t\t\t<div class=\"has_eae_slider elementor-column elementor-col-100 elementor-top-column elementor-element elementor-element-87ca312\" data-eae-slider=\"51929\" data-id=\"87ca312\" data-element_type=\"column\" data-e-type=\"column\">\n\t\t\t<div class=\"elementor-widget-wrap elementor-element-populated\">\n\t\t\t\t\t\t<div class=\"elementor-element elementor-element-f943db7 elementor-widget elementor-widget-heading\" data-id=\"f943db7\" data-element_type=\"widget\" data-e-type=\"widget\" data-widget_type=\"heading.default\">\n\t\t\t\t<div class=\"elementor-widget-container\">\n\t\t\t\t\t<h2 class=\"elementor-heading-title elementor-size-default\">Pol\u00edtica de reembolso y env\u00edo de MNBC<\/h2>\t\t\t\t<\/div>\n\t\t\t\t<\/div>\n\t\t\t\t<div class=\"elementor-element elementor-element-41e503e elementor-widget-divider--view-line elementor-widget elementor-widget-divider\" data-id=\"41e503e\" data-element_type=\"widget\" data-e-type=\"widget\" data-widget_type=\"divider.default\">\n\t\t\t\t<div class=\"elementor-widget-container\">\n\t\t\t\t\t\t\t<div class=\"elementor-divider\">\n\t\t\t<span class=\"elementor-divider-separator\">\n\t\t\t\t\t\t<\/span>\n\t\t<\/div>\n\t\t\t\t\t\t<\/div>\n\t\t\t\t<\/div>\n\t\t\t\t\t<\/div>\n\t\t<\/div>\n\t\t\t\t\t<\/div>\n\t\t<\/section>\n\t\t\t\t<section class=\"has_eae_slider elementor-section elementor-top-section elementor-element elementor-element-32c0571b elementor-section-boxed elementor-section-height-default elementor-section-height-default\" data-eae-slider=\"31071\" data-id=\"32c0571b\" data-element_type=\"section\" data-e-type=\"section\">\n\t\t\t\t\t\t<div class=\"elementor-container elementor-column-gap-default\">\n\t\t\t\t\t<div class=\"has_eae_slider elementor-column elementor-col-100 elementor-top-column elementor-element elementor-element-190a471\" data-eae-slider=\"28754\" data-id=\"190a471\" data-element_type=\"column\" data-e-type=\"column\">\n\t\t\t<div class=\"elementor-widget-wrap elementor-element-populated\">\n\t\t\t\t\t\t<div class=\"elementor-element elementor-element-44c2ebb1 elementor-widget elementor-widget-text-editor\" data-id=\"44c2ebb1\" data-element_type=\"widget\" data-e-type=\"widget\" data-widget_type=\"text-editor.default\">\n\t\t\t\t<div class=\"elementor-widget-container\">\n\t\t\t\t\t\t\t\t\t<h2><strong>POLITICA DI RIMBORSO<\/strong><\/h2>\n<p>Vogliamo che tu abbia un&#8217;esperienza positiva ogni volta che fai acquisti con noi.<\/p>\n<p>My NFC Business Card sar\u00e0 in grado di elaborare i rimborsi solo dopo una conferma di cancellazione valida.<\/p>\n<p>Le cancellazioni sono considerate valide solo dopo la conferma da parte di My NFC Business Card. <br \/>Ti verr\u00e0 inviata un&#8217;e-mail di conferma dell&#8217;annullamento dell&#8217;ordine, dopodich\u00e9 verr\u00e0 fornito un rimborso completo.<\/p>\n<h3><strong>MODELLI<\/strong>\u00a0<strong>MNBC <\/strong><strong><b>PERSONALIZZATI<\/b><\/strong><\/h3>\n<p>I nostri biglietti da visita digitali NFC personalizzati hanno diritto a rimborsi completi sulla base del fatto che MNBC\u00a0riceve una richiesta di cancellazione entro 48 ore dall&#8217;acquisto. Eventuali richieste di cancellazione ricevute dopo questo periodo non avranno diritto a un rimborso.<\/p>\n<p><span style=\"font-family: Roboto, sans-serif; font-size: 14px; font-style: normal; font-variant-ligatures: normal; font-variant-caps: normal; font-weight: 400;\">Nel caso sfortunato in cui il prodotto sia difettoso a causa di un malfunzionamento sar\u00e0 nostra cura verificarlo e inviarvi una nuovo biglietto d visita NFC digitale.<\/span><\/p>\n<p><img fetchpriority=\"high\" decoding=\"async\" class=\"aligncenter\" title=\"Spedizioni\" src=\"https:\/\/mynfcbusinesscard.com\/wp-content\/uploads\/2021\/11\/4.jpg\" alt=\"\" width=\"1000\" height=\"667\" \/><\/p>\n<div>\n<h3 style=\"font-variant-ligatures: normal; font-variant-caps: normal; font-family: Roboto, sans-serif; font-style: normal;\">POLITICA DI RISTAMPA<\/h3>\n<p>Se hai ricevuto un prodotto stampato di cui non sei soddisfatto, ti preghiamo di informarci via e-mail e fornire immagini del prodotto a <a href=\"mailto:support@mynfcbusinnescard.com\"><u>support@mynfcbusinnescard.com<\/u><\/a>\u00a0<br \/>Evidenzia ci\u00f2 che ritieni carente, in modo che possiamo consigliare e apportare modifiche ove necessario.<\/p>\n<p>In qualche occasione, potrebbe esserti chiesto di restituire il prodotto. Si prega di farlo solo quando MNBC lo ha richiesto.<\/p>\n<p>Per qualsiasi errore nella produzione o di spedizione (se ad es. hai ricevuto qualcosa di diverso) ; MNBC fornir\u00e0\u00a0una ristampa senza costi aggiuntivi per te.<\/p>\n<p>Non possiamo, tuttavia, essere ritenuti responsabili per errori del cliente.<\/p>\n<p>La soddisfazione del cliente \u00e8 la nostra priorit\u00e0.<\/p>\n<p>Nel caso in cui tu abbia ricevuto un prodotto difettoso, verr\u00e0 inviata una sostituzione senza costi aggiuntivi.<\/p>\n<p>MNBC si\u00a0impegna ad andare ben oltre per assicurarci che tu sia soddisfatto del tuo prodotto.<\/p>\n<p>Se ci sono problemi o dubbi con il tuo ordine MNBC, non esitare a inviare un&#8217;e-mail a support@mynfcbusinesscard.com in modo che possiamo risolverlo il pi\u00f9 rapidamente possibile.<strong>\u00a0<\/strong><\/p>\n<h3><strong>POLITICA DI SPEDIZIONE<\/strong><\/h3>\n<p>La spedizione \u00e8 gratuita in Italia per gli acquisti da e-commerce. I tempi di spedizione variano in base alle localit\u00e0 di destinazione e possono andare da 72 ore lavorative per ad un massimo di 7 giorni lavorativi per le zone piu remote. MNBC \u00e8 responsabile del tuo ordine dal posizionamento alla produzione e al confezionamento. Una volta che il tuo ordine \u00e8 stato consegnato al corriere, la nostra responsabilit\u00e0 cessa, per questa quando arriva la vostra spedizione dovete controllare il pacco gi\u00e0 dalle sue sembianze esterne, presenta urti o altri segni di scarsa cura nel trasporto?<\/p>\n<p>In questo caso gli articoli danneggiati durante la spedizione devono essere indirizzati al corriere stesso.<\/p>\n<p>Se il tuo ordine ci viene restituito a causa di una consegna non avvenuta, sar\u00e0 richiesta una fee di spedizione, pari al 110% delle spese di spedizione iniziali.<\/p>\n<p>Si prega di includere un numero di telefono con l&#8217;ordine in modo da poter essere facilmente contattati nel caso in cui vi sia un problema con la consegna.<\/p>\n<p><strong>NUMERI DI TRACCIAMENTO DELLA SPEDIZIONE<\/strong><\/p>\n<p>Poich\u00e9 MNBC crea i suoi prodotti per singolo ordine, i numeri di tracciamento della spedizione ( quando previsti dal servizio) non sono disponibili fino al completamento della produzione. Potrai essere in grado di tracciare il tuo ordine una volta affidata la merce al corriere che genera il codice di tracking.<\/p>\n<p><strong>TEMPI DI CONSEGNA<\/strong><\/p>\n<p>I nostri biglietti da vista digitali NFC vengono personalizzati e consegnati gratuitamente in Italia isole comprese in 48\/72 ore dalla conferma d&#8217;ordine.\u00a0<\/p>\n<p>Per l&#8217;Europa e resto del mondo assicuriamo una spedizione aerea entro 72 ore.<\/p>\n<p>Nel caso in cui non siamo in grado di completare la produzione entro il periodo di tempo specificato, ci accontenteremo del tempo aggiuntivo dedicato alla produzione con un metodo di spedizione pi\u00f9 veloce in modo che tu possa ancora ricevere il tuo ordine intorno alla data di consegna stimata.<\/p>\n<p>Tieni presente che non garantiamo le date di consegna, la data che ti viene fornita \u00e8 semplicemente una stima.<\/p>\n<p>In rare occasioni, in cui l&#8217;output di stampa potrebbe non soddisfare i nostri standard di controllo qualit\u00e0, non avremo altra scelta che ristampare il tuo ordine, causando ritardi.<\/p>\n<h3><strong>POLITICA DOGANALE PER GLI ORDINI INTERNAZIONALI<\/strong><\/h3>\n<p>Le politiche doganali variano ampiamente da paese a paese. MNBC non\u00a0ha il controllo su queste commissioni, n\u00e9 possiamo prevedere il costo esatto di queste commissioni.<\/p>\n<p>Pertanto, non siamo responsabili di informarti delle tariffe specifiche che potrebbero essere applicate; \u00e8 tua responsabilit\u00e0, come cliente e importatore, verificare quali sono i requisiti del tuo paese per tutte le tasse doganali, prima di effettuare l&#8217;ordine.<\/p>\n<p>Si prega inoltre di notare che quando sono richieste procedure di sdoganamento, ci\u00f2 pu\u00f2 causare ritardi oltre le nostre stime di consegna originali.<\/p>\n<\/div>\n\t\t\t\t\t\t\t\t<\/div>\n\t\t\t\t<\/div>\n\t\t\t\t\t<\/div>\n\t\t<\/div>\n\t\t\t\t\t<\/div>\n\t\t<\/section>\n\t\t\t\t<\/div>\n\t\t","protected":false},"excerpt":{"rendered":"<p>POLITICA DI RIMBORSO Vogliamo che tu abbia un&#8217;esperienza positiva ogni volta che fai acquisti con noi. My NFC Business Card sar\u00e0 in grado di elaborare i rimborsi solo dopo una conferma di cancellazione valida. Le cancellazioni sono considerate valide solo dopo la conferma da parte di My NFC Business Card. Ti verr\u00e0 inviata un&#8217;e-mail di [&hellip;]<\/p>\n","protected":false},"author":1,"featured_media":0,"parent":0,"menu_order":0,"comment_status":"closed","ping_status":"closed","template":"elementor_header_footer","meta":{"_acf_changed":false,"ocean_post_layout":"","ocean_both_sidebars_style":"","ocean_both_sidebars_content_width":0,"ocean_both_sidebars_sidebars_width":0,"ocean_sidebar":"0","ocean_second_sidebar":"0","ocean_disable_margins":"enable","ocean_add_body_class":"","ocean_shortcode_before_top_bar":"","ocean_shortcode_after_top_bar":"","ocean_shortcode_before_header":"","ocean_shortcode_after_header":"","ocean_has_shortcode":"","ocean_shortcode_after_title":"","ocean_shortcode_before_footer_widgets":"","ocean_shortcode_after_footer_widgets":"","ocean_shortcode_before_footer_bottom":"","ocean_shortcode_after_footer_bottom":"","ocean_display_top_bar":"off","ocean_display_header":"default","ocean_header_style":"","ocean_center_header_left_menu":"0","ocean_custom_header_template":"0","ocean_custom_logo":0,"ocean_custom_retina_logo":0,"ocean_custom_logo_max_width":0,"ocean_custom_logo_tablet_max_width":0,"ocean_custom_logo_mobile_max_width":0,"ocean_custom_logo_max_height":0,"ocean_custom_logo_tablet_max_height":0,"ocean_custom_logo_mobile_max_height":0,"ocean_header_custom_menu":"0","ocean_menu_typo_font_family":"0","ocean_menu_typo_font_subset":"","ocean_menu_typo_font_size":0,"ocean_menu_typo_font_size_tablet":0,"ocean_menu_typo_font_size_mobile":0,"ocean_menu_typo_font_size_unit":"px","ocean_menu_typo_font_weight":"","ocean_menu_typo_font_weight_tablet":"","ocean_menu_typo_font_weight_mobile":"","ocean_menu_typo_transform":"","ocean_menu_typo_transform_tablet":"","ocean_menu_typo_transform_mobile":"","ocean_menu_typo_line_height":0,"ocean_menu_typo_line_height_tablet":0,"ocean_menu_typo_line_height_mobile":0,"ocean_menu_typo_line_height_unit":"","ocean_menu_typo_spacing":0,"ocean_menu_typo_spacing_tablet":0,"ocean_menu_typo_spacing_mobile":0,"ocean_menu_typo_spacing_unit":"","ocean_menu_link_color":"","ocean_menu_link_color_hover":"","ocean_menu_link_color_active":"","ocean_menu_link_background":"","ocean_menu_link_hover_background":"","ocean_menu_link_active_background":"","ocean_menu_social_links_bg":"","ocean_menu_social_hover_links_bg":"","ocean_menu_social_links_color":"","ocean_menu_social_hover_links_color":"","ocean_disable_title":"on","ocean_disable_heading":"default","ocean_post_title":"","ocean_post_subheading":"","ocean_post_title_style":"","ocean_post_title_background_color":"","ocean_post_title_background":0,"ocean_post_title_bg_image_position":"","ocean_post_title_bg_image_attachment":"","ocean_post_title_bg_image_repeat":"","ocean_post_title_bg_image_size":"","ocean_post_title_height":0,"ocean_post_title_bg_overlay":0.5,"ocean_post_title_bg_overlay_color":"","ocean_disable_breadcrumbs":"default","ocean_breadcrumbs_color":"","ocean_breadcrumbs_separator_color":"","ocean_breadcrumbs_links_color":"","ocean_breadcrumbs_links_hover_color":"","ocean_display_footer_widgets":"off","ocean_display_footer_bottom":"default","ocean_custom_footer_template":"0","footnotes":""},"class_list":["post-8426","page","type-page","status-publish","hentry","entry","owp-thumbs-layout-horizontal","owp-btn-normal","owp-tabs-layout-horizontal","has-no-thumbnails","has-product-nav"],"acf":[],"_links":{"self":[{"href":"https:\/\/mynfcbusinesscard.com\/es\/wp-json\/wp\/v2\/pages\/8426","targetHints":{"allow":["GET"]}}],"collection":[{"href":"https:\/\/mynfcbusinesscard.com\/es\/wp-json\/wp\/v2\/pages"}],"about":[{"href":"https:\/\/mynfcbusinesscard.com\/es\/wp-json\/wp\/v2\/types\/page"}],"author":[{"embeddable":true,"href":"https:\/\/mynfcbusinesscard.com\/es\/wp-json\/wp\/v2\/users\/1"}],"replies":[{"embeddable":true,"href":"https:\/\/mynfcbusinesscard.com\/es\/wp-json\/wp\/v2\/comments?post=8426"}],"version-history":[{"count":10,"href":"https:\/\/mynfcbusinesscard.com\/es\/wp-json\/wp\/v2\/pages\/8426\/revisions"}],"predecessor-version":[{"id":50607,"href":"https:\/\/mynfcbusinesscard.com\/es\/wp-json\/wp\/v2\/pages\/8426\/revisions\/50607"}],"wp:attachment":[{"href":"https:\/\/mynfcbusinesscard.com\/es\/wp-json\/wp\/v2\/media?parent=8426"}],"curies":[{"name":"wp","href":"https:\/\/api.w.org\/{rel}","templated":true}]}}