{"id":6325,"date":"2021-10-18T18:50:38","date_gmt":"2021-10-18T16:50:38","guid":{"rendered":"https:\/\/mynfcbusinesscard.com\/product\/biglietti-da-visita-digitali-nfc-in-metallo\/"},"modified":"2024-07-03T16:15:05","modified_gmt":"2024-07-03T14:15:05","slug":"digitale-visitenkarte-aus-metall","status":"publish","type":"product","link":"https:\/\/mynfcbusinesscard.com\/de\/produkt\/digitale-visitenkarte-aus-metall\/","title":{"rendered":"Digitale Visitenkarte aus Metall"},"content":{"rendered":"<h1>Digitale Visitenkarte aus Metall mit Qr Code mit <a href=\"https:\/\/de.wikipedia.org\/wiki\/Near_Field_Communication\" target=\"_blank\" rel=\"noopener\">NFC <\/a>und Qr Code<\/h1>\n<p>Unsere Digitale Visitenkarte aus Metall mit Qr Code NFC stellt einen Durchbruch im Bereich der professionellen Vernetzung und des Umweltschutzes dar. Mit unserer innovativen und auf Nachhaltigkeit ausgerichteten Perspektive bieten wir eine intelligente L\u00f6sung, um Ihre Netzwerkeffizienz zu verbessern und zum Umweltschutz beizutragen.<\/p>\n<h2><strong>Warum sollten Sie sich f\u00fcr unsere Digitale Visitenkarte aus schwarzem Kunststoff entscheiden?<\/strong><\/h2>\n<ol>\n<li>\n<h3><strong>\u00d6kologisches Engagement und Nachhaltigkeit:<\/strong><\/h3>\n<\/li>\n<\/ol>\n<p>Unsere Digitale Visitenkarte aus Metall mit Qr Code mit Qr code und NFC is eine umweltfreundliche Wahl f\u00fcr Profis und Unternehmen, die ihren \u00f6kologischen Fu\u00dfabdruck reduzieren m\u00f6chten.<\/p>\n<ol start=\"2\">\n<li>\n<h3><strong>Zero Waste und Reduzierung der Umweltverschmutzung mit ein Digitale Visitenkarte aus Metall mit Qr Code<\/strong><strong>:<\/strong><\/h3>\n<\/li>\n<\/ol>\n<p>Unsere Digitale Visitenkarte aus Metall mit Qr Code mit Qr code und NFC macht den Druck von Tausenden von Papierkarten \u00fcberfl\u00fcssig, die oft ungenutzt bleiben oder verloren gehen. Mit einem einzigen physischen Exemplar und der NFC-Technologie k\u00f6nnen Sie Ihre Kontaktdaten effizient weitergeben, ohne st\u00e4ndig neue Karten drucken zu m\u00fcssen. Dies schont nicht nur die nat\u00fcrlichen Ressourcen, sondern tr\u00e4gt auch dazu bei, das Problem der Entsorgung herk\u00f6mmlicher Papiertickets zu verringern.<\/p>\n<ol start=\"3\">\n<li>\n<h3><strong>Benutzerfreundlichkeit und schnelles Teilen<\/strong><\/h3>\n<\/li>\n<\/ol>\n<p>Die NFC-Technologie macht es viel einfacher, Ihre Kontaktdaten zu teilen. Halten Sie einfach Ihre Visitenkarte in die N\u00e4he des Telefons Ihres Kontakts, und es erscheint automatisch ein Popup-Fenster auf dem Bildschirm, mit dem er Ihre Daten schnell und effektiv speichern kann. Diese moderne L\u00f6sung ist viel bequemer und effizienter als der traditionelle Austausch von Visitenkarten aus Papier.<\/p>\n<ol start=\"4\">\n<li>\n<h3><strong>Erweiterte Anpassung:<\/strong><\/h3>\n<\/li>\n<\/ol>\n<p>UnsereDigitale Visitenkarte aus Metall mit Qr Code mit Qr code und NFC bieten umfangreiche Individualisierungsm\u00f6glichkeiten. Die hochwertige Vollfarb-UV-Inkjet-Drucktechnologie erm\u00f6glicht es Ihnen, ein einzigartiges Design zu erstellen, w\u00e4hrend die Einbindung eines QR-Codes, der mit Ihrem Online-Profil verkn\u00fcpft ist, Ihre digitale Pr\u00e4senz verst\u00e4rkt. Laden Sie Ihr Firmenlogo hoch und erstellen Sie eine Digitale Visitenkarte aus Metall mit Qr Code mit QR code, die Ihre Corporate Identity vollst\u00e4ndig widerspiegelt.<\/p>\n<ol start=\"5\">\n<li>\n<h3><strong>Robustheit und Langlebigkeit:<\/strong><\/h3>\n<\/li>\n<\/ol>\n<p>Digitale Visitenkarten aus Metall mit Qr Code mit Qr code und NFC sind so konzipiert, dass sie dem t\u00e4glichen Verschlei\u00df standhalten. Ihre gute Flexibilit\u00e4t macht sie ideal f\u00fcr die sichere Aufbewahrung in einer Brieftasche oder einem Kartenetui. Die Qualit\u00e4t der Materialien gew\u00e4hrleistet, dass die digitale Visitenkarte ihre Unversehrtheit im Laufe der Zeit beibeh\u00e4lt.<\/p>\n<ol start=\"6\">\n<li>\n<h3><strong>Management-Plattform-Abonnement:<\/strong><\/h3>\n<\/li>\n<\/ol>\n<p>Unser Abo-Service sorgt daf\u00fcr, dass Ihre Digitale Visitenkarte aus Metall mit Qr Code mit Qr code und NFC jederzeit funktional und auf dem neuesten Stand der Technik bleibt. Da st\u00e4ndig neue Funktionen entwickelt werden, haben Sie Zugriff auf ein umfassendes Managementsystem, um Ihre Daten auf dem neuesten Stand zu halten und Ihr berufliches Netzwerk zu optimieren.<\/p>\n<ol start=\"7\">\n<li>\n<h3><strong>In der App. Erforderlich:<\/strong><\/h3>\n<\/li>\n<\/ol>\n<p>Unsere Digitale Visitenkarte aus Metall mit Qr Code ist mit der NFC technologie fast aller modernen Smartphones kompatibel, ohne dass zus\u00e4tzliche Anwendungen installiert werden m\u00fcssen. Bei \u00e4lteren Ger\u00e4ten, wie z.B. dem iPhone 7, kann es notwendig sein, NFC manuell zu aktivieren.<\/p>\n<p>Zusammenfassend l\u00e4sst sich sagen, dass die Digitale Visitenkarte aus Metall mit Qr Code mit Qr code und NFC nicht nur eine umweltfreundliche Wahl, sondern auch eine praktische und moderne L\u00f6sung f\u00fcr die Gesch\u00e4ftswelt ist. Durch die Kombination von fortschrittlicher Technologie und \u00f6kologischer Nachhaltigkeit repr\u00e4sentieren diese Visitenkarten die Zukunft des professionellen Networkings. Entscheiden Sie sich f\u00fcr MNBC, um etwas zu bewirken und zu einer nachhaltigeren Zukunft beizutragen, sowohl im gesch\u00e4ftlichen als auch im \u00f6kologischen Kontext, m\u00f6chten Sie mehr erfahren? Fahren Sie mit dem <a href=\"https:\/\/mynfcbusinesscard.com\/de\/faq\/\" target=\"_blank\" rel=\"noopener\">FAQ-Bereich<\/a> fort.<\/p>\n","protected":false},"excerpt":{"rendered":"<p>Ab 79,00 \u20ac inkl. Jahresgeb\u00fchr (12,00 \u20ac).<\/p>\n","protected":false},"featured_media":56407,"template":"","meta":{"_acf_changed":false,"ocean_post_layout":"full-width","ocean_both_sidebars_style":"","ocean_both_sidebars_content_width":0,"ocean_both_sidebars_sidebars_width":0,"ocean_sidebar":"0","ocean_second_sidebar":"0","ocean_disable_margins":"enable","ocean_add_body_class":"","ocean_shortcode_before_top_bar":"","ocean_shortcode_after_top_bar":"","ocean_shortcode_before_header":"","ocean_shortcode_after_header":"","ocean_has_shortcode":"","ocean_shortcode_after_title":"","ocean_shortcode_before_footer_widgets":"","ocean_shortcode_after_footer_widgets":"","ocean_shortcode_before_footer_bottom":"","ocean_shortcode_after_footer_bottom":"","ocean_display_top_bar":"off","ocean_display_header":"default","ocean_header_style":"","ocean_center_header_left_menu":"0","ocean_custom_header_template":"0","ocean_custom_logo":0,"ocean_custom_retina_logo":0,"ocean_custom_logo_max_width":0,"ocean_custom_logo_tablet_max_width":0,"ocean_custom_logo_mobile_max_width":0,"ocean_custom_logo_max_height":0,"ocean_custom_logo_tablet_max_height":0,"ocean_custom_logo_mobile_max_height":0,"ocean_header_custom_menu":"0","ocean_menu_typo_font_family":"0","ocean_menu_typo_font_subset":"","ocean_menu_typo_font_size":0,"ocean_menu_typo_font_size_tablet":0,"ocean_menu_typo_font_size_mobile":0,"ocean_menu_typo_font_size_unit":"px","ocean_menu_typo_font_weight":"","ocean_menu_typo_font_weight_tablet":"","ocean_menu_typo_font_weight_mobile":"","ocean_menu_typo_transform":"","ocean_menu_typo_transform_tablet":"","ocean_menu_typo_transform_mobile":"","ocean_menu_typo_line_height":0,"ocean_menu_typo_line_height_tablet":0,"ocean_menu_typo_line_height_mobile":0,"ocean_menu_typo_line_height_unit":"","ocean_menu_typo_spacing":0,"ocean_menu_typo_spacing_tablet":0,"ocean_menu_typo_spacing_mobile":0,"ocean_menu_typo_spacing_unit":"","ocean_menu_link_color":"","ocean_menu_link_color_hover":"","ocean_menu_link_color_active":"","ocean_menu_link_background":"","ocean_menu_link_hover_background":"","ocean_menu_link_active_background":"","ocean_menu_social_links_bg":"","ocean_menu_social_hover_links_bg":"","ocean_menu_social_links_color":"","ocean_menu_social_hover_links_color":"","ocean_disable_title":"on","ocean_disable_heading":"default","ocean_post_title":"","ocean_post_subheading":"","ocean_post_title_style":"","ocean_post_title_background_color":"","ocean_post_title_background":0,"ocean_post_title_bg_image_position":"","ocean_post_title_bg_image_attachment":"","ocean_post_title_bg_image_repeat":"","ocean_post_title_bg_image_size":"","ocean_post_title_height":0,"ocean_post_title_bg_overlay":0.5,"ocean_post_title_bg_overlay_color":"","ocean_disable_breadcrumbs":"default","ocean_breadcrumbs_color":"","ocean_breadcrumbs_separator_color":"","ocean_breadcrumbs_links_color":"","ocean_breadcrumbs_links_hover_color":"","ocean_display_footer_widgets":"default","ocean_display_footer_bottom":"default","ocean_custom_footer_template":"0"},"product_brand":[],"product_cat":[307,312],"product_tag":[83],"class_list":{"0":"post-6325","1":"product","2":"type-product","3":"status-publish","4":"has-post-thumbnail","6":"product_cat-metal-color-de","7":"product_cat-metal-engraved-de","8":"product_tag-acciaio-de","10":"entry","11":"has-media","13":"first","14":"instock","15":"taxable","16":"shipping-taxable","17":"purchasable","18":"product-type-variable-subscription","19":"has-product-nav","20":"col","21":"span_1_of_3","22":"owp-content-center","23":"owp-thumbs-layout-horizontal","24":"owp-btn-normal","25":"owp-tabs-layout-horizontal"},"acf":[],"_links":{"self":[{"href":"https:\/\/mynfcbusinesscard.com\/de\/wp-json\/wp\/v2\/product\/6325","targetHints":{"allow":["GET"]}}],"collection":[{"href":"https:\/\/mynfcbusinesscard.com\/de\/wp-json\/wp\/v2\/product"}],"about":[{"href":"https:\/\/mynfcbusinesscard.com\/de\/wp-json\/wp\/v2\/types\/product"}],"wp:featuredmedia":[{"embeddable":true,"href":"https:\/\/mynfcbusinesscard.com\/de\/wp-json\/wp\/v2\/media\/56407"}],"wp:attachment":[{"href":"https:\/\/mynfcbusinesscard.com\/de\/wp-json\/wp\/v2\/media?parent=6325"}],"wp:term":[{"taxonomy":"product_brand","embeddable":true,"href":"https:\/\/mynfcbusinesscard.com\/de\/wp-json\/wp\/v2\/product_brand?post=6325"},{"taxonomy":"product_cat","embeddable":true,"href":"https:\/\/mynfcbusinesscard.com\/de\/wp-json\/wp\/v2\/product_cat?post=6325"},{"taxonomy":"product_tag","embeddable":true,"href":"https:\/\/mynfcbusinesscard.com\/de\/wp-json\/wp\/v2\/product_tag?post=6325"}],"curies":[{"name":"wp","href":"https:\/\/api.w.org\/{rel}","templated":true}]}}