{"id":6404,"date":"2021-11-05T10:44:49","date_gmt":"2021-11-05T09:44:49","guid":{"rendered":"https:\/\/mynfcbusinesscard.com\/cookie-policy\/"},"modified":"2023-12-22T14:43:51","modified_gmt":"2023-12-22T13:43:51","slug":"cookie-richtlinie","status":"publish","type":"page","link":"https:\/\/mynfcbusinesscard.com\/de\/cookie-richtlinie\/","title":{"rendered":"Cookie richtlinie"},"content":{"rendered":"\t\t<div data-elementor-type=\"wp-page\" data-elementor-id=\"6404\" class=\"elementor elementor-6404 elementor-2101\" data-elementor-post-type=\"page\">\n\t\t\t\t\t\t<section class=\"has_eae_slider elementor-section elementor-top-section elementor-element elementor-element-07d8921 elementor-section-boxed elementor-section-height-default elementor-section-height-default\" data-eae-slider=\"44590\" data-id=\"07d8921\" data-element_type=\"section\" data-e-type=\"section\">\n\t\t\t\t\t\t<div class=\"elementor-container elementor-column-gap-default\">\n\t\t\t\t\t<div class=\"has_eae_slider elementor-column elementor-col-100 elementor-top-column elementor-element elementor-element-87ca312\" data-eae-slider=\"49369\" data-id=\"87ca312\" data-element_type=\"column\" data-e-type=\"column\">\n\t\t\t<div class=\"elementor-widget-wrap elementor-element-populated\">\n\t\t\t\t\t\t<div class=\"elementor-element elementor-element-f943db7 elementor-widget elementor-widget-heading\" data-id=\"f943db7\" data-element_type=\"widget\" data-e-type=\"widget\" data-widget_type=\"heading.default\">\n\t\t\t\t<div class=\"elementor-widget-container\">\n\t\t\t\t\t<h2 class=\"elementor-heading-title elementor-size-default\">Cookie richtlinie<\/h2>\t\t\t\t<\/div>\n\t\t\t\t<\/div>\n\t\t\t\t<div class=\"elementor-element elementor-element-41e503e elementor-widget-divider--view-line elementor-widget elementor-widget-divider\" data-id=\"41e503e\" data-element_type=\"widget\" data-e-type=\"widget\" data-widget_type=\"divider.default\">\n\t\t\t\t<div class=\"elementor-widget-container\">\n\t\t\t\t\t\t\t<div class=\"elementor-divider\">\n\t\t\t<span class=\"elementor-divider-separator\">\n\t\t\t\t\t\t<\/span>\n\t\t<\/div>\n\t\t\t\t\t\t<\/div>\n\t\t\t\t<\/div>\n\t\t\t\t\t<\/div>\n\t\t<\/div>\n\t\t\t\t\t<\/div>\n\t\t<\/section>\n\t\t\t\t<section class=\"has_eae_slider elementor-section elementor-top-section elementor-element elementor-element-4ebdca8 elementor-section-boxed elementor-section-height-default elementor-section-height-default\" data-eae-slider=\"49351\" data-id=\"4ebdca8\" data-element_type=\"section\" data-e-type=\"section\">\n\t\t\t\t\t\t<div class=\"elementor-container elementor-column-gap-default\">\n\t\t\t\t\t<div class=\"has_eae_slider elementor-column elementor-col-100 elementor-top-column elementor-element elementor-element-5cd6507\" data-eae-slider=\"33776\" data-id=\"5cd6507\" data-element_type=\"column\" data-e-type=\"column\">\n\t\t\t<div class=\"elementor-widget-wrap elementor-element-populated\">\n\t\t\t\t\t\t<div class=\"elementor-element elementor-element-ea84857 elementor-widget elementor-widget-text-editor\" data-id=\"ea84857\" data-element_type=\"widget\" data-e-type=\"widget\" data-widget_type=\"text-editor.default\">\n\t\t\t\t<div class=\"elementor-widget-container\">\n\t\t\t\t\t\t\t\t\t<h3>Informationen zu dieser Cookie-Richtlinie<\/h3>\n<div>\n\nDiese Cookie-Richtlinie erkl\u00e4rt, was Cookies sind und wie wir sie verwenden, welche Arten von Cookies wir verwenden oder welche Informationen wir mithilfe von Cookies sammeln und wie diese Informationen verwendet werden und wie Sie Cookie-Einstellungen steuern k\u00f6nnen. Weitere Informationen dar\u00fcber, wie wir Ihre personenbezogenen Daten verwenden, speichern und sch\u00fctzen, finden Sie in unserer Datenschutzrichtlinie. Sie k\u00f6nnen Ihre Zustimmung zu der Cookie-Erkl\u00e4rung auf unserer Website jederzeit \u00e4ndern oder widerrufen. Erfahren Sie in unserer Datenschutzerkl\u00e4rung mehr dar\u00fcber, wer wir sind, wie Sie uns kontaktieren k\u00f6nnen und wie wir personenbezogene Daten verarbeiten. Ihre Einwilligung gilt f\u00fcr die folgenden Domains: <a href=\"https:\/\/mynfcbusinesscard.com\/de\">mynfcbusinesscard.com\/de<\/a>\n<\/div>\n<h3>Was sind Cookies?<\/h3>\n<div>Cookies sind kleine Textdateien, die verwendet werden, um kleine Informationen zu speichern. Sie werden auf Ihrem Ger\u00e4t gespeichert, wenn die Website in Ihrem Browser geladen wird. Diese Cookies helfen uns, die Website ordnungsgem\u00e4\u00df funktionieren zu lassen, sie sicherer zu machen, eine bessere Benutzererfahrung zu bieten und zu verstehen, wie die Website funktioniert, und zu analysieren, was funktioniert und wo sie verbessert werden muss.<\/div>\n<h3>Wie verwenden wir Cookies?<\/h3>\n<div>Wie die meisten Online-Dienste verwendet unsere Website Cookies von Erstanbietern und Drittanbietern f\u00fcr eine Vielzahl von Zwecken. First-Party-Cookies sind meistens notwendig, damit die Website ordnungsgem\u00e4\u00df funktioniert, und sammeln keine personenbezogenen Daten. Die auf unserer Website verwendeten Cookies von Drittanbietern dienen haupts\u00e4chlich dazu, zu verstehen, wie die Website funktioniert, wie Sie mit unserer Website interagieren, unsere Dienste sicher zu halten, f\u00fcr Sie relevante Werbung bereitzustellen und Ihnen insgesamt einen besseren und verbesserten Benutzer zu bieten Erfahrung und hilft, Ihre zuk\u00fcnftigen Interaktionen mit unserer Website zu beschleunigen.<\/div>\n<h3>Welche Arten von Cookies verwenden wir?<\/h3>\n<div>Wesentlich: Einige Cookies sind unerl\u00e4sslich, um die volle Funktionalit\u00e4t unserer Website nutzen zu k\u00f6nnen. Sie erm\u00f6glichen es uns, Benutzersitzungen aufrechtzuerhalten und Sicherheitsbedrohungen zu verhindern. Sie sammeln oder speichern keine pers\u00f6nlichen Informationen. Diese Cookies erm\u00f6glichen es Ihnen beispielsweise, sich bei Ihrem Konto anzumelden und Produkte sicher in Ihren Warenkorb zu legen und zur Kasse zu gehen. Statistik: Diese Cookies speichern Informationen wie die Anzahl der Besucher der Website, die Anzahl der eindeutigen Besucher, welche Seiten der Website besucht wurden, die Herkunft des Besuchs usw. Diese Daten helfen uns, die Leistung der Website zu verstehen und zu analysieren und festzustellen, wo sie verbessert werden muss. Marketing: Unsere Website zeigt Werbung an. Diese Cookies werden verwendet, um die Werbung, die wir Ihnen zeigen, so zu personalisieren, dass sie f\u00fcr Sie aussagekr\u00e4ftig ist. Diese Cookies helfen uns auch, die Effizienz dieser Werbekampagnen zu verfolgen. Die in diesen Cookies gespeicherten Informationen k\u00f6nnen auch von Drittanbietern von Anzeigen verwendet werden, um Ihnen auch Anzeigen auf anderen Websites in Ihrem Browser anzuzeigen. Funktional: Dies sind die Cookies, die bestimmte nicht wesentliche Funktionen auf unserer Website unterst\u00fctzen. Zu diesen Funktionen geh\u00f6ren das Einbetten von Inhalten wie Videos oder das Teilen von Website-Inhalten auf Social-Media-Plattformen. Pr\u00e4ferenzen: Diese Cookies helfen uns, Ihre Einstellungen und Browsing-Pr\u00e4ferenzen wie Sprachpr\u00e4ferenzen zu speichern, damit Sie bei zuk\u00fcnftigen Besuchen der Website ein besseres und effizienteres Erlebnis haben. <div class=\"cky-audit-table-element\"><\/div><\/div>\n<h3>Wie kann ich die Cookie-Einstellungen steuern?<\/h3>\n<div>Wenn Sie Ihre Einstellungen sp\u00e4ter w\u00e4hrend Ihrer Browsersitzung \u00e4ndern m\u00f6chten, k\u00f6nnen Sie auf die Registerkarte klicken &#8222;<strong>Verwalten Sie Ihre Zustimmung<\/strong>.&#8220; auf dem Bildschirm. Dadurch wird der Zustimmungshinweis erneut angezeigt, mit dem Sie Ihre Einstellungen \u00e4ndern oder Ihre Zustimmung vollst\u00e4ndig widerrufen k\u00f6nnen. Dar\u00fcber hinaus bieten verschiedene Browser unterschiedliche Methoden zum Blockieren und L\u00f6schen der von Websites verwendeten Cookies. Sie k\u00f6nnen Ihre Browsereinstellungen \u00e4ndern, um Cookies zu blockieren \/ zu l\u00f6schen. Weitere Informationen zum Verwalten und L\u00f6schen von Cookies finden Sie auf wikipedia.org, www.allaboutcookies.org.<\/div>\t\t\t\t\t\t\t\t<\/div>\n\t\t\t\t<\/div>\n\t\t\t\t\t<\/div>\n\t\t<\/div>\n\t\t\t\t\t<\/div>\n\t\t<\/section>\n\t\t\t\t<\/div>\n\t\t","protected":false},"excerpt":{"rendered":"<p>Informationen zu dieser Cookie-Richtlinie Diese Cookie-Richtlinie erkl\u00e4rt, was Cookies sind und wie wir sie verwenden, welche Arten von Cookies wir verwenden oder welche Informationen wir mithilfe von Cookies sammeln und wie diese Informationen verwendet werden und wie Sie Cookie-Einstellungen steuern k\u00f6nnen. Weitere Informationen dar\u00fcber, wie wir Ihre personenbezogenen Daten verwenden, speichern und sch\u00fctzen, finden Sie [&hellip;]<\/p>\n","protected":false},"author":1,"featured_media":0,"parent":0,"menu_order":0,"comment_status":"closed","ping_status":"closed","template":"elementor_header_footer","meta":{"_acf_changed":false,"ocean_post_layout":"","ocean_both_sidebars_style":"","ocean_both_sidebars_content_width":0,"ocean_both_sidebars_sidebars_width":0,"ocean_sidebar":"0","ocean_second_sidebar":"0","ocean_disable_margins":"enable","ocean_add_body_class":"","ocean_shortcode_before_top_bar":"","ocean_shortcode_after_top_bar":"","ocean_shortcode_before_header":"","ocean_shortcode_after_header":"","ocean_has_shortcode":"","ocean_shortcode_after_title":"","ocean_shortcode_before_footer_widgets":"","ocean_shortcode_after_footer_widgets":"","ocean_shortcode_before_footer_bottom":"","ocean_shortcode_after_footer_bottom":"","ocean_display_top_bar":"off","ocean_display_header":"default","ocean_header_style":"","ocean_center_header_left_menu":"0","ocean_custom_header_template":"0","ocean_custom_logo":0,"ocean_custom_retina_logo":0,"ocean_custom_logo_max_width":0,"ocean_custom_logo_tablet_max_width":0,"ocean_custom_logo_mobile_max_width":0,"ocean_custom_logo_max_height":0,"ocean_custom_logo_tablet_max_height":0,"ocean_custom_logo_mobile_max_height":0,"ocean_header_custom_menu":"0","ocean_menu_typo_font_family":"0","ocean_menu_typo_font_subset":"","ocean_menu_typo_font_size":0,"ocean_menu_typo_font_size_tablet":0,"ocean_menu_typo_font_size_mobile":0,"ocean_menu_typo_font_size_unit":"px","ocean_menu_typo_font_weight":"","ocean_menu_typo_font_weight_tablet":"","ocean_menu_typo_font_weight_mobile":"","ocean_menu_typo_transform":"","ocean_menu_typo_transform_tablet":"","ocean_menu_typo_transform_mobile":"","ocean_menu_typo_line_height":0,"ocean_menu_typo_line_height_tablet":0,"ocean_menu_typo_line_height_mobile":0,"ocean_menu_typo_line_height_unit":"","ocean_menu_typo_spacing":0,"ocean_menu_typo_spacing_tablet":0,"ocean_menu_typo_spacing_mobile":0,"ocean_menu_typo_spacing_unit":"","ocean_menu_link_color":"","ocean_menu_link_color_hover":"","ocean_menu_link_color_active":"","ocean_menu_link_background":"","ocean_menu_link_hover_background":"","ocean_menu_link_active_background":"","ocean_menu_social_links_bg":"","ocean_menu_social_hover_links_bg":"","ocean_menu_social_links_color":"","ocean_menu_social_hover_links_color":"","ocean_disable_title":"on","ocean_disable_heading":"default","ocean_post_title":"","ocean_post_subheading":"","ocean_post_title_style":"","ocean_post_title_background_color":"","ocean_post_title_background":0,"ocean_post_title_bg_image_position":"","ocean_post_title_bg_image_attachment":"","ocean_post_title_bg_image_repeat":"","ocean_post_title_bg_image_size":"","ocean_post_title_height":0,"ocean_post_title_bg_overlay":0.5,"ocean_post_title_bg_overlay_color":"","ocean_disable_breadcrumbs":"default","ocean_breadcrumbs_color":"","ocean_breadcrumbs_separator_color":"","ocean_breadcrumbs_links_color":"","ocean_breadcrumbs_links_hover_color":"","ocean_display_footer_widgets":"off","ocean_display_footer_bottom":"default","ocean_custom_footer_template":"0","footnotes":""},"class_list":["post-6404","page","type-page","status-publish","hentry","entry","owp-thumbs-layout-horizontal","owp-btn-normal","owp-tabs-layout-horizontal","has-no-thumbnails","has-product-nav"],"acf":[],"_links":{"self":[{"href":"https:\/\/mynfcbusinesscard.com\/de\/wp-json\/wp\/v2\/pages\/6404","targetHints":{"allow":["GET"]}}],"collection":[{"href":"https:\/\/mynfcbusinesscard.com\/de\/wp-json\/wp\/v2\/pages"}],"about":[{"href":"https:\/\/mynfcbusinesscard.com\/de\/wp-json\/wp\/v2\/types\/page"}],"author":[{"embeddable":true,"href":"https:\/\/mynfcbusinesscard.com\/de\/wp-json\/wp\/v2\/users\/1"}],"replies":[{"embeddable":true,"href":"https:\/\/mynfcbusinesscard.com\/de\/wp-json\/wp\/v2\/comments?post=6404"}],"version-history":[{"count":13,"href":"https:\/\/mynfcbusinesscard.com\/de\/wp-json\/wp\/v2\/pages\/6404\/revisions"}],"predecessor-version":[{"id":54061,"href":"https:\/\/mynfcbusinesscard.com\/de\/wp-json\/wp\/v2\/pages\/6404\/revisions\/54061"}],"wp:attachment":[{"href":"https:\/\/mynfcbusinesscard.com\/de\/wp-json\/wp\/v2\/media?parent=6404"}],"curies":[{"name":"wp","href":"https:\/\/api.w.org\/{rel}","templated":true}]}}