{"id":6200,"date":"2021-11-16T16:01:50","date_gmt":"2021-11-16T15:01:50","guid":{"rendered":"https:\/\/mynfcbusinesscard.com\/chi-siamo\/"},"modified":"2023-02-09T15:38:20","modified_gmt":"2023-02-09T14:38:20","slug":"uber-uns","status":"publish","type":"page","link":"https:\/\/mynfcbusinesscard.com\/de\/uber-uns\/","title":{"rendered":"\u00dcber uns"},"content":{"rendered":"\t\t<div data-elementor-type=\"wp-page\" data-elementor-id=\"6200\" class=\"elementor elementor-6200 elementor-2608\" data-elementor-post-type=\"page\">\n\t\t\t\t\t\t<section class=\"has_eae_slider elementor-section elementor-top-section elementor-element elementor-element-1cf738b elementor-section-full_width elementor-section-height-min-height elementor-section-height-default elementor-section-items-middle\" data-eae-slider=\"96504\" data-id=\"1cf738b\" data-element_type=\"section\" data-e-type=\"section\" data-settings=\"{&quot;background_background&quot;:&quot;classic&quot;}\">\n\t\t\t\t\t\t<div class=\"elementor-container elementor-column-gap-default\">\n\t\t\t\t\t<div class=\"has_eae_slider elementor-column elementor-col-100 elementor-top-column elementor-element elementor-element-1111858\" data-eae-slider=\"15657\" data-id=\"1111858\" data-element_type=\"column\" data-e-type=\"column\">\n\t\t\t<div class=\"elementor-widget-wrap\">\n\t\t\t\t\t\t\t<\/div>\n\t\t<\/div>\n\t\t\t\t\t<\/div>\n\t\t<\/section>\n\t\t\t\t<section class=\"has_eae_slider elementor-section elementor-top-section elementor-element elementor-element-07d8921 elementor-section-boxed elementor-section-height-default elementor-section-height-default\" data-eae-slider=\"52385\" data-id=\"07d8921\" data-element_type=\"section\" data-e-type=\"section\">\n\t\t\t\t\t\t<div class=\"elementor-container elementor-column-gap-default\">\n\t\t\t\t\t<div class=\"has_eae_slider elementor-column elementor-col-100 elementor-top-column elementor-element elementor-element-87ca312\" data-eae-slider=\"30820\" data-id=\"87ca312\" data-element_type=\"column\" data-e-type=\"column\">\n\t\t\t<div class=\"elementor-widget-wrap elementor-element-populated\">\n\t\t\t\t\t\t<div class=\"elementor-element elementor-element-f943db7 elementor-widget elementor-widget-heading\" data-id=\"f943db7\" data-element_type=\"widget\" data-e-type=\"widget\" data-widget_type=\"heading.default\">\n\t\t\t\t<div class=\"elementor-widget-container\">\n\t\t\t\t\t<h2 class=\"elementor-heading-title elementor-size-default\">\u00dcber uns<\/h2>\t\t\t\t<\/div>\n\t\t\t\t<\/div>\n\t\t\t\t<div class=\"elementor-element elementor-element-41e503e elementor-widget-divider--view-line elementor-widget elementor-widget-divider\" data-id=\"41e503e\" data-element_type=\"widget\" data-e-type=\"widget\" data-widget_type=\"divider.default\">\n\t\t\t\t<div class=\"elementor-widget-container\">\n\t\t\t\t\t\t\t<div class=\"elementor-divider\">\n\t\t\t<span class=\"elementor-divider-separator\">\n\t\t\t\t\t\t<\/span>\n\t\t<\/div>\n\t\t\t\t\t\t<\/div>\n\t\t\t\t<\/div>\n\t\t\t\t\t<\/div>\n\t\t<\/div>\n\t\t\t\t\t<\/div>\n\t\t<\/section>\n\t\t\t\t<section class=\"has_eae_slider elementor-section elementor-top-section elementor-element elementor-element-4ebdca8 elementor-section-boxed elementor-section-height-default elementor-section-height-default\" data-eae-slider=\"55646\" data-id=\"4ebdca8\" data-element_type=\"section\" data-e-type=\"section\">\n\t\t\t\t\t\t<div class=\"elementor-container elementor-column-gap-default\">\n\t\t\t\t\t<div class=\"has_eae_slider elementor-column elementor-col-100 elementor-top-column elementor-element elementor-element-5cd6507\" data-eae-slider=\"94560\" data-id=\"5cd6507\" data-element_type=\"column\" data-e-type=\"column\">\n\t\t\t<div class=\"elementor-widget-wrap elementor-element-populated\">\n\t\t\t\t\t\t<div class=\"elementor-element elementor-element-38240c3 elementor-widget elementor-widget-text-editor\" data-id=\"38240c3\" data-element_type=\"widget\" data-e-type=\"widget\" data-widget_type=\"text-editor.default\">\n\t\t\t\t<div class=\"elementor-widget-container\">\n\t\t\t\t\t\t\t\t\t<p>My NFC Business Card ist ein rein italienisches Start-up, eine venetisch-friaulische Realit\u00e4t. <br \/>Das Projekt entstand dank der Unterst\u00fctzung von <a href=\"http:\/\/www.sviluppoprogetti.com\" target=\"_blank\" rel=\"noopener\">Sviluppo Progetti<\/a>, die an das Potenzial des Projekts &#8222;Meine NFC-Visitenkarte&#8220; glaubten das neue Panorama, das der sogenannte &#8222;Internet der Dinge&#8220;-Markt bietet.<\/p><h4>Intelligente Visitenkarten im Internet der Dinge<\/h4><p>Unser Team hat beschlossen, die NFC-Technologie f\u00fcr Webdienste zu entwickeln um ein Produkt mit einem h\u00f6heren Mehrwert als die Konkurrenz anzubieten, die in der Lage war, die anerkannte Qualit\u00e4t von <span style=\"font-size: 16px;\"> made in Italy in diesen neuen M\u00e4rkten zu bringen, die Dienstleistungen f\u00fcr den Verkauf aufteilen von &#8222;smart visitenkarte&#8220; online.<\/span><\/p><p><img fetchpriority=\"high\" decoding=\"async\" class=\"alignnone wp-image-6023 size-full\" src=\"https:\/\/mynfcbusinesscard.com\/wp-content\/uploads\/2022\/03\/4.jpg\" alt=\"\" width=\"1000\" height=\"667\" srcset=\"https:\/\/mynfcbusinesscard.com\/wp-content\/uploads\/2022\/03\/4.jpg 1000w, https:\/\/mynfcbusinesscard.com\/wp-content\/uploads\/2022\/03\/4-300x200.jpg 300w, https:\/\/mynfcbusinesscard.com\/wp-content\/uploads\/2022\/03\/4-768x512.jpg 768w, https:\/\/mynfcbusinesscard.com\/wp-content\/uploads\/2022\/03\/4-600x400.jpg 600w\" sizes=\"(max-width: 1000px) 100vw, 1000px\" \/><\/p><p><span style=\"schriftgr\u00f6\u00dfe: 16px;\">Unsere Visitenkarten entstehen aus a sorgf\u00e4ltige Analyse dessen, was der Markt heute bietet, wir haben die nfc-Visitenkarten der Hauptkonkurrenten getestet, wir haben die Schwachstellen verstanden, die in den zugeh\u00f6rigen Dienstleistungen und in der Qualit\u00e4t des Endprodukts liegen. Unsere Visitenkarten zeichnen sich durch leistungsstarke NFC-Tags aus, um unseren Kunden dank unserer <a href=\"https:\/\/mynfcbusinesscard.com\/#ScegliMyNFCBusinessCard\">kundenspezifischen Visitenkarten aus Bambus und Stahl<\/a> ein echtes &#8222;kontaktloses&#8220; Erlebnis zu garantieren mit Lasergravur.<br \/>W\u00e4hlen Sie das Material, das Sie bevorzugen, sind Sie eine Person, die mehr mit dem Gr\u00fcn verbunden ist? Bambus ist f\u00fcr Sie. <br \/><\/span><span style=\"font-size: 16px;\">Bevorzugen Sie die Pr\u00e4zision und Langlebigkeit von Stahl? Wir haben die besten Hybridkarten, um Ihre Kontakte zu verbreiten. <\/span><\/p><p>Unser Team besteht aus Programmierern, Grafikdesignern, Webmastern und Marketingmitarbeitern. Wir sind ein junges Team, das stolz die italienische Kultur repr\u00e4sentiert und stets bem\u00fcht ist, die h\u00f6chste Qualit\u00e4t der angebotenen Produkte und Dienstleistungen zu bieten .<\/p>\t\t\t\t\t\t\t\t<\/div>\n\t\t\t\t<\/div>\n\t\t\t\t\t<\/div>\n\t\t<\/div>\n\t\t\t\t\t<\/div>\n\t\t<\/section>\n\t\t\t\t<\/div>\n\t\t","protected":false},"excerpt":{"rendered":"<p>My NFC Business Card ist ein rein italienisches Start-up, eine venetisch-friaulische Realit\u00e4t. Das Projekt entstand dank der Unterst\u00fctzung von Sviluppo Progetti, die an das Potenzial des Projekts &#8222;Meine NFC-Visitenkarte&#8220; glaubten das neue Panorama, das der sogenannte &#8222;Internet der Dinge&#8220;-Markt bietet. Intelligente Visitenkarten im Internet der Dinge Unser Team hat beschlossen, die NFC-Technologie f\u00fcr Webdienste zu [&hellip;]<\/p>\n","protected":false},"author":1,"featured_media":0,"parent":0,"menu_order":0,"comment_status":"closed","ping_status":"closed","template":"elementor_header_footer","meta":{"_acf_changed":false,"ocean_post_layout":"","ocean_both_sidebars_style":"","ocean_both_sidebars_content_width":0,"ocean_both_sidebars_sidebars_width":0,"ocean_sidebar":"0","ocean_second_sidebar":"0","ocean_disable_margins":"enable","ocean_add_body_class":"","ocean_shortcode_before_top_bar":"","ocean_shortcode_after_top_bar":"","ocean_shortcode_before_header":"","ocean_shortcode_after_header":"","ocean_has_shortcode":"","ocean_shortcode_after_title":"","ocean_shortcode_before_footer_widgets":"","ocean_shortcode_after_footer_widgets":"","ocean_shortcode_before_footer_bottom":"","ocean_shortcode_after_footer_bottom":"","ocean_display_top_bar":"off","ocean_display_header":"default","ocean_header_style":"","ocean_center_header_left_menu":"0","ocean_custom_header_template":"0","ocean_custom_logo":0,"ocean_custom_retina_logo":0,"ocean_custom_logo_max_width":0,"ocean_custom_logo_tablet_max_width":0,"ocean_custom_logo_mobile_max_width":0,"ocean_custom_logo_max_height":0,"ocean_custom_logo_tablet_max_height":0,"ocean_custom_logo_mobile_max_height":0,"ocean_header_custom_menu":"0","ocean_menu_typo_font_family":"0","ocean_menu_typo_font_subset":"","ocean_menu_typo_font_size":0,"ocean_menu_typo_font_size_tablet":0,"ocean_menu_typo_font_size_mobile":0,"ocean_menu_typo_font_size_unit":"px","ocean_menu_typo_font_weight":"","ocean_menu_typo_font_weight_tablet":"","ocean_menu_typo_font_weight_mobile":"","ocean_menu_typo_transform":"","ocean_menu_typo_transform_tablet":"","ocean_menu_typo_transform_mobile":"","ocean_menu_typo_line_height":0,"ocean_menu_typo_line_height_tablet":0,"ocean_menu_typo_line_height_mobile":0,"ocean_menu_typo_line_height_unit":"","ocean_menu_typo_spacing":0,"ocean_menu_typo_spacing_tablet":0,"ocean_menu_typo_spacing_mobile":0,"ocean_menu_typo_spacing_unit":"","ocean_menu_link_color":"","ocean_menu_link_color_hover":"","ocean_menu_link_color_active":"","ocean_menu_link_background":"","ocean_menu_link_hover_background":"","ocean_menu_link_active_background":"","ocean_menu_social_links_bg":"","ocean_menu_social_hover_links_bg":"","ocean_menu_social_links_color":"","ocean_menu_social_hover_links_color":"","ocean_disable_title":"on","ocean_disable_heading":"default","ocean_post_title":"","ocean_post_subheading":"","ocean_post_title_style":"","ocean_post_title_background_color":"","ocean_post_title_background":0,"ocean_post_title_bg_image_position":"","ocean_post_title_bg_image_attachment":"","ocean_post_title_bg_image_repeat":"","ocean_post_title_bg_image_size":"","ocean_post_title_height":0,"ocean_post_title_bg_overlay":0.5,"ocean_post_title_bg_overlay_color":"","ocean_disable_breadcrumbs":"default","ocean_breadcrumbs_color":"","ocean_breadcrumbs_separator_color":"","ocean_breadcrumbs_links_color":"","ocean_breadcrumbs_links_hover_color":"","ocean_display_footer_widgets":"off","ocean_display_footer_bottom":"default","ocean_custom_footer_template":"0","footnotes":""},"class_list":["post-6200","page","type-page","status-publish","hentry","entry","owp-thumbs-layout-horizontal","owp-btn-normal","owp-tabs-layout-horizontal","has-no-thumbnails","has-product-nav"],"acf":[],"_links":{"self":[{"href":"https:\/\/mynfcbusinesscard.com\/de\/wp-json\/wp\/v2\/pages\/6200","targetHints":{"allow":["GET"]}}],"collection":[{"href":"https:\/\/mynfcbusinesscard.com\/de\/wp-json\/wp\/v2\/pages"}],"about":[{"href":"https:\/\/mynfcbusinesscard.com\/de\/wp-json\/wp\/v2\/types\/page"}],"author":[{"embeddable":true,"href":"https:\/\/mynfcbusinesscard.com\/de\/wp-json\/wp\/v2\/users\/1"}],"replies":[{"embeddable":true,"href":"https:\/\/mynfcbusinesscard.com\/de\/wp-json\/wp\/v2\/comments?post=6200"}],"version-history":[{"count":11,"href":"https:\/\/mynfcbusinesscard.com\/de\/wp-json\/wp\/v2\/pages\/6200\/revisions"}],"predecessor-version":[{"id":7195,"href":"https:\/\/mynfcbusinesscard.com\/de\/wp-json\/wp\/v2\/pages\/6200\/revisions\/7195"}],"wp:attachment":[{"href":"https:\/\/mynfcbusinesscard.com\/de\/wp-json\/wp\/v2\/media?parent=6200"}],"curies":[{"name":"wp","href":"https:\/\/api.w.org\/{rel}","templated":true}]}}