{"id":53609,"date":"2023-12-05T15:57:59","date_gmt":"2023-12-05T14:57:59","guid":{"rendered":"https:\/\/mynfcbusinesscard.com\/product\/digitale-visitenkarten\/"},"modified":"2024-06-26T14:27:43","modified_gmt":"2024-06-26T12:27:43","slug":"digitale-visitenkarten","status":"publish","type":"product","link":"https:\/\/mynfcbusinesscard.com\/at\/produkt\/digitale-visitenkarten\/","title":{"rendered":"Digitale Visitenkarten"},"content":{"rendered":"<h2><strong>Personalisierte Digitale Visitenkarte mit Qr Code: Ihre Kontaktinformationen mit einem Fingertipp<\/strong><\/h2>\n<p>Unsere digitale Visitenkarte ist die innovative L\u00f6sung, um sich oder Ihr Unternehmen modern und umweltfreundlich zu pr\u00e4sentieren. Kein Papier oder Plastik mehr, kein M\u00fcll mehr. Mit einem Klick auf eine Schaltfl\u00e4che greifen Sie auf eine Welt mit personalisierten Informationen zu, die zu Ihrem Stil passen.<\/p>\n<h3><strong>Hauptmerkmale der Digitalen Visitenkarte:<\/strong><\/h3>\n<ul>\n<li>\n<h4><strong>Benutzerdefinierter <a href=\"https:\/\/de.wikipedia.org\/wiki\/QR-Code\" target=\"_blank\" rel=\"noopener\">QR-Code<\/a>:<\/strong><\/h4>\n<\/li>\n<\/ul>\n<p>Zus\u00e4tzlich zum Link erhalten Sie einen eindeutigen QR-Code. Scannen Sie es einfach mit einem Smartphone und greifen Sie sofort auf Ihre pers\u00f6nliche Seite zu, was das Teilen noch schneller und bequemer macht.<\/p>\n<ul>\n<li>\n<h4><strong>Link-Redirect (leiten Sie den gew\u00fcnschten Weblink zu Ihrem Digitale Visitenkarten):<\/strong><\/h4>\n<\/li>\n<\/ul>\n<p>Ihre digitale Visitenkarte kann auch verwendet werden, um auf einen gew\u00fcnschten Weblink zu verweisen, ihn jederzeit f\u00fcr die Einf\u00fchrung eines Produkts oder einer Werbekampagne von einer Landingpage oder einem Video usw. usw. zu aktivieren und zu deaktivieren.<\/p>\n<ul>\n<li>\n<h4><strong>F\u00fcgen Sie Fotos in den Slider ein, betten Sie Links zu Videos von YouTube und Vimeo ein:<\/strong><\/h4>\n<\/li>\n<\/ul>\n<p>Verbinden Sie sich mit Ihrem Publikum \u00fcber Multimedia. F\u00fcgen Sie Fotos, Videos, Links zu Ihren sozialen Medien und vieles mehr hinzu, um Ihre Dienstleistungen dank des Digitale Visitenkarten auf innovative Weise bekannt zu machen.<\/p>\n<ul>\n<li>\n<h4><strong>Umweltfreundlich:<\/strong><\/h4>\n<\/li>\n<\/ul>\n<p>Mit dem Kauf unserer Digitale Visitenkarten tragen Sie zum Respekt vor den Umweltressourcen dieses Planeten bei. Reduzieren Sie Papierm\u00fcll und zeigen Sie Ihr Engagement f\u00fcr Nachhaltigkeit, indem Sie mit gutem Beispiel vorangehen f\u00fcr diejenigen, die noch keine Ver\u00e4nderung vornehmen wollen.<\/p>\n<ul>\n<li>\n<h4><strong>Einfaches Teilen:<\/strong><\/h4>\n<\/li>\n<\/ul>\n<p>Teilen Sie Ihr digitales Ticket mit einem einfachen Link per E-Mail, SMS, Instant Messaging wie WhatsApp und Telegram oder in sozialen Medien. Sie haben den Aufwand eliminiert, einen Stapel physischer Tickets mit sich zu f\u00fchren.<\/p>\n<ul>\n<li>\n<h4><strong>Nutzungsstatistiken:<\/strong><\/h4>\n<\/li>\n<\/ul>\n<p>Dank der Digitale Visitenkarten k\u00f6nnen Sie die Nutzungsstatistiken Ihrer digitalen Visitenkarte erhalten. Entdecken Sie die Leistung Ihres Vertriebsnetzes in Echtzeit und messen Sie die Effektivit\u00e4t Ihrer Promoter auf einer Messe, einem Exponat oder einer Veranstaltung. Verfolgen Sie, wie oft Sie im Adressbuch gespeichert wurden, in welchem Land, in welcher Stadt und in welcher Sprache die Interaktion stattgefunden hat.<\/p>\n<ul>\n<li>\n<h4><strong>Holen Sie sich Bewertungen von Google und Trustpilot<\/strong><\/h4>\n<\/li>\n<\/ul>\n<p>Unser Digitale Visitenkarten gibt Ihnen die M\u00f6glichkeit, schnell und einfach Bewertungen von Ihren Kunden zu erhalten, alles von Ihrer digitalen Karte aus mit zwei Fingertipps! Das ist ganz einfach: F\u00fcgen Sie Ihre Google- und Trustpilot-Links in Ihren digitalen Ticketbearbeitungsbereich ein, speichern Sie Ihre \u00c4nderungen und fertig! Guter Empfang f\u00fcr alle \ud83d\ude42<\/p>\n<ul>\n<li>\n<h4><strong>Eine dedizierte Management-Plattform f\u00fcr digitale Tickets ohne Verwendung einer APP:<\/strong><\/h4>\n<\/li>\n<\/ul>\n<p>Die Verwaltungsplattform Ihres digitalen Tickets ist die leistungsst\u00e4rkste auf dem Markt, verwalten Sie alle Informationen auf Ihrer pers\u00f6nlichen Seite. Einfaches Hinzuf\u00fcgen, Bearbeiten und Organisieren von Inhalten, um ein aktuelles und professionelles Profil mit den besten Funktionen f\u00fcr unsere Kunden zu erhalten.<\/p>\n<h3><strong>Wie funktioniert das Digitale Visitenkarte?<\/strong><\/h3>\n<ul>\n<li>\n<h4><strong>Digitaler Visitenkartekauf und erster Zugang zur Plattform:<\/strong><\/h4>\n<\/li>\n<\/ul>\n<p>Beim Kauf des Digitale Visitenkarten f\u00fcr 12 \u20ac\/Jahr erhalten Sie eine Best\u00e4tigungs-E-Mail und eine zweite E-Mail, um Ihren ersten Zugang zur Ticketverwaltungsplattform zu erhalten.<\/p>\n<ul>\n<li>\n<h4><strong>Passen Sie Ihre digitale Visitenkarte an:<\/strong><\/h4>\n<\/li>\n<\/ul>\n<p>Bearbeiten und organisieren Sie Ihre Kontaktinformationen einfach und intuitiv, ohne technische Kenntnisse, laden Sie Bilder, PDFs, Videos von YouTube und Vimeo intuitiv auch von Ihrem Android-Smartphone oder iPhone hoch.<\/p>\n<ul>\n<li>\n<h4><strong>Einfaches Teilen:<\/strong><\/h4>\n<\/li>\n<\/ul>\n<p>Teilen Sie Ihre digitale Visitenkarte oder teilen Sie das Bild des personalisierten QR-Codes, der mit Ihrer digitalen Karte verkn\u00fcpft ist.<\/p>\n<p>Die digitale Visitenkarte ist die nachhaltige L\u00f6sung f\u00fcr eine zunehmend vernetzte Welt. Pr\u00e4sentieren Sie sich dynamisch und umweltfreundlich. Sie mehr erfahren? Fahren Sie mit dem <a href=\"https:\/\/mynfcbusinesscard.com\/de\/faq\/\" target=\"_blank\" rel=\"noopener\">FAQ-Bereich<\/a> fort.<\/p>\n","protected":false},"excerpt":{"rendered":"<div class=\"gtx-body\">12,00 \u20ac einschlie\u00dflich Jahresgeb\u00fchr<\/div>\n","protected":false},"featured_media":53041,"template":"","meta":{"_acf_changed":false,"ocean_post_layout":"full-width","ocean_both_sidebars_style":"","ocean_both_sidebars_content_width":0,"ocean_both_sidebars_sidebars_width":0,"ocean_sidebar":"0","ocean_second_sidebar":"0","ocean_disable_margins":"enable","ocean_add_body_class":"","ocean_shortcode_before_top_bar":"","ocean_shortcode_after_top_bar":"","ocean_shortcode_before_header":"","ocean_shortcode_after_header":"","ocean_has_shortcode":"","ocean_shortcode_after_title":"","ocean_shortcode_before_footer_widgets":"","ocean_shortcode_after_footer_widgets":"","ocean_shortcode_before_footer_bottom":"","ocean_shortcode_after_footer_bottom":"","ocean_display_top_bar":"off","ocean_display_header":"default","ocean_header_style":"","ocean_center_header_left_menu":"0","ocean_custom_header_template":"0","ocean_custom_logo":0,"ocean_custom_retina_logo":0,"ocean_custom_logo_max_width":0,"ocean_custom_logo_tablet_max_width":0,"ocean_custom_logo_mobile_max_width":0,"ocean_custom_logo_max_height":0,"ocean_custom_logo_tablet_max_height":0,"ocean_custom_logo_mobile_max_height":0,"ocean_header_custom_menu":"0","ocean_menu_typo_font_family":"0","ocean_menu_typo_font_subset":"","ocean_menu_typo_font_size":0,"ocean_menu_typo_font_size_tablet":0,"ocean_menu_typo_font_size_mobile":0,"ocean_menu_typo_font_size_unit":"px","ocean_menu_typo_font_weight":"","ocean_menu_typo_font_weight_tablet":"","ocean_menu_typo_font_weight_mobile":"","ocean_menu_typo_transform":"","ocean_menu_typo_transform_tablet":"","ocean_menu_typo_transform_mobile":"","ocean_menu_typo_line_height":0,"ocean_menu_typo_line_height_tablet":0,"ocean_menu_typo_line_height_mobile":0,"ocean_menu_typo_line_height_unit":"","ocean_menu_typo_spacing":0,"ocean_menu_typo_spacing_tablet":0,"ocean_menu_typo_spacing_mobile":0,"ocean_menu_typo_spacing_unit":"","ocean_menu_link_color":"","ocean_menu_link_color_hover":"","ocean_menu_link_color_active":"","ocean_menu_link_background":"","ocean_menu_link_hover_background":"","ocean_menu_link_active_background":"","ocean_menu_social_links_bg":"","ocean_menu_social_hover_links_bg":"","ocean_menu_social_links_color":"","ocean_menu_social_hover_links_color":"","ocean_disable_title":"on","ocean_disable_heading":"default","ocean_post_title":"","ocean_post_subheading":"","ocean_post_title_style":"","ocean_post_title_background_color":"","ocean_post_title_background":0,"ocean_post_title_bg_image_position":"","ocean_post_title_bg_image_attachment":"","ocean_post_title_bg_image_repeat":"","ocean_post_title_bg_image_size":"","ocean_post_title_height":0,"ocean_post_title_bg_overlay":0.5,"ocean_post_title_bg_overlay_color":"","ocean_disable_breadcrumbs":"default","ocean_breadcrumbs_color":"","ocean_breadcrumbs_separator_color":"","ocean_breadcrumbs_links_color":"","ocean_breadcrumbs_links_hover_color":"","ocean_display_footer_widgets":"default","ocean_display_footer_bottom":"default","ocean_custom_footer_template":"0"},"product_brand":[],"product_cat":[319],"product_tag":[225],"class_list":{"0":"post-53609","1":"product","2":"type-product","3":"status-publish","4":"has-post-thumbnail","6":"product_cat-digital-card-at","7":"product_tag-digital-at","9":"entry","10":"has-media","12":"first","13":"instock","14":"virtual","15":"taxable","16":"purchasable","17":"product-type-subscription","18":"has-product-nav","19":"col","20":"span_1_of_3","21":"owp-content-center","22":"owp-thumbs-layout-horizontal","23":"owp-btn-normal","24":"owp-tabs-layout-horizontal","25":"has-no-thumbnails"},"acf":[],"_links":{"self":[{"href":"https:\/\/mynfcbusinesscard.com\/at\/wp-json\/wp\/v2\/product\/53609","targetHints":{"allow":["GET"]}}],"collection":[{"href":"https:\/\/mynfcbusinesscard.com\/at\/wp-json\/wp\/v2\/product"}],"about":[{"href":"https:\/\/mynfcbusinesscard.com\/at\/wp-json\/wp\/v2\/types\/product"}],"wp:featuredmedia":[{"embeddable":true,"href":"https:\/\/mynfcbusinesscard.com\/at\/wp-json\/wp\/v2\/media\/53041"}],"wp:attachment":[{"href":"https:\/\/mynfcbusinesscard.com\/at\/wp-json\/wp\/v2\/media?parent=53609"}],"wp:term":[{"taxonomy":"product_brand","embeddable":true,"href":"https:\/\/mynfcbusinesscard.com\/at\/wp-json\/wp\/v2\/product_brand?post=53609"},{"taxonomy":"product_cat","embeddable":true,"href":"https:\/\/mynfcbusinesscard.com\/at\/wp-json\/wp\/v2\/product_cat?post=53609"},{"taxonomy":"product_tag","embeddable":true,"href":"https:\/\/mynfcbusinesscard.com\/at\/wp-json\/wp\/v2\/product_tag?post=53609"}],"curies":[{"name":"wp","href":"https:\/\/api.w.org\/{rel}","templated":true}]}}