{"id":47573,"date":"2021-10-21T14:48:18","date_gmt":"2021-10-21T12:48:18","guid":{"rendered":"https:\/\/mynfcbusinesscard.com\/grundsaetze-fuer-kostenerstattung-und-versand-mnbc\/"},"modified":"2021-10-21T14:48:18","modified_gmt":"2021-10-21T12:48:18","slug":"grundsaetze-fuer-kostenerstattung-und-versand-mnbc","status":"publish","type":"page","link":"https:\/\/mynfcbusinesscard.com\/at\/grundsaetze-fuer-kostenerstattung-und-versand-mnbc\/","title":{"rendered":"Grunds\u00e4tze f\u00fcr kostenerstattung und versand MNBC"},"content":{"rendered":"\t\t<div data-elementor-type=\"wp-page\" data-elementor-id=\"47573\" class=\"elementor elementor-47573 elementor-101\" data-elementor-post-type=\"page\">\n\t\t\t\t\t\t<section class=\"has_eae_slider elementor-section elementor-top-section elementor-element elementor-element-07d8921 elementor-section-boxed elementor-section-height-default elementor-section-height-default\" data-eae-slider=\"33426\" data-id=\"07d8921\" data-element_type=\"section\" data-e-type=\"section\">\n\t\t\t\t\t\t<div class=\"elementor-container elementor-column-gap-default\">\n\t\t\t\t\t<div class=\"has_eae_slider elementor-column elementor-col-100 elementor-top-column elementor-element elementor-element-87ca312\" data-eae-slider=\"98869\" data-id=\"87ca312\" data-element_type=\"column\" data-e-type=\"column\">\n\t\t\t<div class=\"elementor-widget-wrap elementor-element-populated\">\n\t\t\t\t\t\t<div class=\"elementor-element elementor-element-f943db7 elementor-widget elementor-widget-heading\" data-id=\"f943db7\" data-element_type=\"widget\" data-e-type=\"widget\" data-widget_type=\"heading.default\">\n\t\t\t\t<div class=\"elementor-widget-container\">\n\t\t\t\t\t<h2 class=\"elementor-heading-title elementor-size-default\">Grunds\u00e4tze f\u00fcr kostenerstattung und versand MNBC<\/h2>\t\t\t\t<\/div>\n\t\t\t\t<\/div>\n\t\t\t\t<div class=\"elementor-element elementor-element-41e503e elementor-widget-divider--view-line elementor-widget elementor-widget-divider\" data-id=\"41e503e\" data-element_type=\"widget\" data-e-type=\"widget\" data-widget_type=\"divider.default\">\n\t\t\t\t<div class=\"elementor-widget-container\">\n\t\t\t\t\t\t\t<div class=\"elementor-divider\">\n\t\t\t<span class=\"elementor-divider-separator\">\n\t\t\t\t\t\t<\/span>\n\t\t<\/div>\n\t\t\t\t\t\t<\/div>\n\t\t\t\t<\/div>\n\t\t\t\t\t<\/div>\n\t\t<\/div>\n\t\t\t\t\t<\/div>\n\t\t<\/section>\n\t\t\t\t<section class=\"has_eae_slider elementor-section elementor-top-section elementor-element elementor-element-32c0571b elementor-section-boxed elementor-section-height-default elementor-section-height-default\" data-eae-slider=\"20100\" data-id=\"32c0571b\" data-element_type=\"section\" data-e-type=\"section\">\n\t\t\t\t\t\t<div class=\"elementor-container elementor-column-gap-default\">\n\t\t\t\t\t<div class=\"has_eae_slider elementor-column elementor-col-100 elementor-top-column elementor-element elementor-element-190a471\" data-eae-slider=\"45041\" data-id=\"190a471\" data-element_type=\"column\" data-e-type=\"column\">\n\t\t\t<div class=\"elementor-widget-wrap elementor-element-populated\">\n\t\t\t\t\t\t<div class=\"elementor-element elementor-element-44c2ebb1 elementor-widget elementor-widget-text-editor\" data-id=\"44c2ebb1\" data-element_type=\"widget\" data-e-type=\"widget\" data-widget_type=\"text-editor.default\">\n\t\t\t\t<div class=\"elementor-widget-container\">\n\t\t\t\t\t\t\t\t\t<h1 style=\"text-align: justify;\">ERSTATTUNG UND VERSANDPOLITIK<\/h1>\n<h3 style=\"text-align: justify;\">ERSTATTUNGSPOLITIK<\/h3>\n<p style=\"text-align: justify;\">Wir bei MNBC m\u00f6chten, dass Sie jedes Mal, wenn Sie bei uns einkaufen, eine positive Erfahrung machen.<\/p>\n<p style=\"text-align: justify;\">MNBC kann Erstattungen nur nach einer g\u00fcltigen Stornierungsbest\u00e4tigung vornehmen.<\/p>\n<p style=\"text-align: justify;\">Stornierungen werden erst nach Best\u00e4tigung durch MNBC als g\u00fcltig betrachtet. Sie erhalten eine E-Mail, in der die Stornierung Ihrer Bestellung best\u00e4tigt wird, woraufhin Sie eine vollst\u00e4ndige R\u00fcckerstattung erhalten.<\/p>\n<h3 style=\"text-align: justify;\">KUNDENSPEZIFISCHE MNBC-VORLAGEN<\/h3>\n<p style=\"text-align: justify;\">F\u00fcr unsere ma\u00dfgeschneiderten MNBC-Modelle besteht ein Anspruch auf volle R\u00fcckerstattung, wenn MNBC innerhalb von 48 Stunden nach dem Kauf eine Stornierungsanfrage erh\u00e4lt. Bei Stornierungen, die nach diesem Zeitraum eingehen, besteht kein Anspruch auf R\u00fcckerstattung.<\/p>\n<p style=\"text-align: justify;\">Sollte das Produkt aufgrund einer Fehlfunktion defekt sein, werden wir es \u00fcberpr\u00fcfen und Ihnen eine neue MNBC \u00a0Visitenkarte zusenden.<\/p>\n<p><img fetchpriority=\"high\" decoding=\"async\" class=\"aligncenter\" src=\"https:\/\/mynfcbusinesscard.com\/wp-content\/uploads\/2021\/11\/4.jpg\" alt=\"Spedizioni\" width=\"1000\" height=\"667\" \/><\/p>\n<div>\n<h3 style=\"text-align: justify;\">NACHDRUCKPOLITIK<\/h3>\n<p style=\"text-align: justify;\">Wenn Sie ein Druckerzeugnis erhalten haben, mit dem Sie nicht zufrieden sind, informieren Sie uns bitte per E-Mail und stellen Sie uns Bilder des Produkts zur Verf\u00fcgung: support@mynfcbusinnescard.com.<\/p>\n<p style=\"text-align: justify;\">Weisen Sie darauf hin, was Ihrer Meinung nach mangelhaft ist, damit wir Sie beraten und gegebenenfalls \u00c4nderungen vornehmen k\u00f6nnen.<\/p>\n<p style=\"text-align: justify;\">In einigen F\u00e4llen k\u00f6nnen Sie aufgefordert werden, das Produkt zur\u00fcckzugeben. Bitte tun Sie dies nur, wenn MNBC Sie darum gebeten hat.<\/p>\n<p style=\"text-align: justify;\">Bei Produktions- oder Versandfehlern (z.B. wenn Sie etwas anderes erhalten haben) wird MNBC ohne zus\u00e4tzliche Kosten f\u00fcr Sie einen Nachdruck erstellen.<\/p>\n<p style=\"text-align: justify;\">Wir k\u00f6nnen jedoch nicht f\u00fcr Kundenfehler verantwortlich gemacht werden.<\/p>\n<p style=\"text-align: justify;\">Kundenzufriedenheit ist unsere Priorit\u00e4t.<\/p>\n<p style=\"text-align: justify;\">Wenn Sie ein fehlerhaftes Produkt erhalten haben, wird Ihnen ohne zus\u00e4tzliche Kosten ein Ersatzprodukt zugesandt.<\/p>\n<p style=\"text-align: justify;\">MNBC geht weit dar\u00fcber hinaus, um sicherzustellen, dass Sie mit Ihrem Produkt zufrieden sind.<\/p>\n<p style=\"text-align: justify;\">Sollte es Probleme oder Bedenken mit Ihrer MNBC-Bestellung geben, wenden Sie sich bitte per E-Mail an support@mynfcbusinesscard.com, damit wir das Problem so schnell wie m\u00f6glich l\u00f6sen k\u00f6nnen.<\/p>\n<h4 style=\"text-align: justify;\">SCHIFFFAHRTSPOLITIK<\/h4>\n<p style=\"text-align: justify;\">Der Versand ist weltweit kostenlos. Die Versandzeiten variieren je nach Zielort und k\u00f6nnen zwischen 72 Arbeitsstunden und maximal 7 Arbeitstagen f\u00fcr entlegenere Gebiete liegen. MNBC ist f\u00fcr Ihre Bestellung von der Bestellung bis zur Produktion und Verpackung verantwortlich. Sobald Ihre Bestellung an den Kurier \u00fcbergeben wurde, endet unsere Verantwortung. Wenn Ihre Sendung eintrifft, m\u00fcssen Sie das Paket auf sein \u00e4u\u00dferes Erscheinungsbild hin \u00fcberpr\u00fcfen: Weist es Beulen oder andere Anzeichen von schlechter Pflege w\u00e4hrend des Transports auf?<\/p>\n<p style=\"text-align: justify;\">In diesem Fall m\u00fcssen die w\u00e4hrend des Transports besch\u00e4digten Artikel an das Transportunternehmen zur\u00fcckgegeben werden.<\/p>\n<p style=\"text-align: justify;\">Wenn Ihre Bestellung wegen Nichtlieferung an uns zur\u00fcckgeschickt wird, wird eine Versandgeb\u00fchr von 110% der urspr\u00fcnglichen Versandkosten berechnet.<\/p>\n<p style=\"text-align: justify;\">Bitte geben Sie bei Ihrer Bestellung eine Telefonnummer an, damit wir Sie im Falle eines Problems mit der Lieferung leicht erreichen k\u00f6nnen.<\/p>\n<h3 style=\"text-align: justify;\"><strong>SENDUNGSVERFOLGUNGSNUMMERN<\/strong><\/h3>\n<p style=\"text-align: justify;\">Da MNBC seine Produkte auftragsbezogen herstellt, sind die Nummern zur Sendungsverfolgung (sofern sie vom Dienst bereitgestellt werden) erst nach Abschluss der Produktion verf\u00fcgbar. Sie k\u00f6nnen Ihre Bestellung verfolgen, sobald die Ware an den Kurier \u00fcbergeben wurde, der die Tracking-Nummer erstellt.<\/p>\n<h3 style=\"text-align: justify;\"><strong>LIEFERZEITEN<\/strong><\/h3>\n<p style=\"text-align: justify;\">Unsere digitalen NFC-Visitenkarten werden individuell gestaltet und innerhalb von 48\/72 Stunden nach Auftragsbest\u00e4tigung in Italien und auf den Inseln kostenlos geliefert.<\/p>\n<p style=\"text-align: justify;\">F\u00fcr Europa und den Rest der Welt gew\u00e4hrleisten wir eine Luftfrachtzustellung innerhalb von 72 Stunden.<\/p>\n<p style=\"text-align: justify;\">Sollten wir nicht in der Lage sein, die Produktion innerhalb des angegebenen Zeitraums abzuschlie\u00dfen, werden wir die zus\u00e4tzliche Produktionszeit mit einer schnelleren Versandmethode \u00fcberbr\u00fccken, so dass Sie Ihre Bestellung trotzdem zum voraussichtlichen Liefertermin erhalten.<\/p>\n<p style=\"text-align: justify;\">Bitte beachten Sie, dass wir keine Liefertermine garantieren k\u00f6nnen, das angegebene Datum ist lediglich eine Sch\u00e4tzung.<\/p>\n<p style=\"text-align: justify;\">In seltenen F\u00e4llen, in denen die Druckausgabe nicht unseren Qualit\u00e4tskontrollstandards entspricht, haben wir keine andere Wahl, als Ihren Auftrag neu zu drucken, was zu Verz\u00f6gerungen f\u00fchrt.<\/p>\n<h3 style=\"text-align: justify;\">ZOLLPOLITIK F\u00dcR INTERNATIONALE BESTELLUNGEN<\/h3>\n<p style=\"text-align: justify;\">Die Zollpolitik ist von Land zu Land sehr unterschiedlich. MNBC hat keine Kontrolle \u00fcber diese Geb\u00fchren und kann auch nicht die genauen Kosten dieser Geb\u00fchren vorhersagen.<\/p>\n<p style=\"text-align: justify;\">Daher sind wir nicht daf\u00fcr verantwortlich, Sie \u00fcber die spezifischen Geb\u00fchren zu informieren, die anfallen k\u00f6nnen; es liegt in Ihrer Verantwortung als Kunde und Importeur, die Anforderungen Ihres Landes f\u00fcr alle Zollgeb\u00fchren zu \u00fcberpr\u00fcfen, bevor Sie Ihre Bestellung aufgeben.<\/p>\n<p style=\"text-align: justify;\">Bitte beachten Sie auch, dass es zu Verz\u00f6gerungen kommen kann, wenn Zollabfertigungsverfahren erforderlich sind, die \u00fcber unsere urspr\u00fcnglichen Liefersch\u00e4tzungen hinausgehen.<\/p>\n<\/div>\t\t\t\t\t\t\t\t<\/div>\n\t\t\t\t<\/div>\n\t\t\t\t\t<\/div>\n\t\t<\/div>\n\t\t\t\t\t<\/div>\n\t\t<\/section>\n\t\t\t\t<section class=\"has_eae_slider elementor-section elementor-top-section elementor-element elementor-element-342b932 elementor-section-boxed elementor-section-height-default elementor-section-height-default\" data-eae-slider=\"16618\" data-id=\"342b932\" data-element_type=\"section\" data-e-type=\"section\">\n\t\t\t\t\t\t<div class=\"elementor-container elementor-column-gap-default\">\n\t\t\t\t\t<div class=\"has_eae_slider elementor-column elementor-col-100 elementor-top-column elementor-element elementor-element-1d82457\" data-eae-slider=\"86277\" data-id=\"1d82457\" data-element_type=\"column\" data-e-type=\"column\">\n\t\t\t<div class=\"elementor-widget-wrap elementor-element-populated\">\n\t\t\t\t\t\t<div class=\"elementor-element elementor-element-5fdcdfe elementor-arrows-position-inside elementor-widget elementor-widget-image-carousel\" data-id=\"5fdcdfe\" data-element_type=\"widget\" data-e-type=\"widget\" data-settings=\"{&quot;slides_to_show&quot;:&quot;4&quot;,&quot;navigation&quot;:&quot;arrows&quot;,&quot;autoplay_speed&quot;:2000,&quot;image_spacing_custom&quot;:{&quot;unit&quot;:&quot;px&quot;,&quot;size&quot;:10,&quot;sizes&quot;:[]},&quot;slides_to_show_tablet&quot;:&quot;4&quot;,&quot;slides_to_show_mobile&quot;:&quot;2&quot;,&quot;autoplay&quot;:&quot;yes&quot;,&quot;pause_on_hover&quot;:&quot;yes&quot;,&quot;pause_on_interaction&quot;:&quot;yes&quot;,&quot;infinite&quot;:&quot;yes&quot;,&quot;speed&quot;:500,&quot;image_spacing_custom_tablet&quot;:{&quot;unit&quot;:&quot;px&quot;,&quot;size&quot;:&quot;&quot;,&quot;sizes&quot;:[]},&quot;image_spacing_custom_mobile&quot;:{&quot;unit&quot;:&quot;px&quot;,&quot;size&quot;:&quot;&quot;,&quot;sizes&quot;:[]}}\" data-widget_type=\"image-carousel.default\">\n\t\t\t\t<div class=\"elementor-widget-container\">\n\t\t\t\t\t\t\t<div class=\"elementor-image-carousel-wrapper swiper\" role=\"region\" aria-roledescription=\"carousel\" aria-label=\"Image Carousel\" dir=\"ltr\">\n\t\t\t<div class=\"elementor-image-carousel swiper-wrapper\" aria-live=\"off\">\n\t\t\t\t\t\t\t\t<div class=\"swiper-slide\" role=\"group\" aria-roledescription=\"slide\" aria-label=\"1 of 15\"><figure class=\"swiper-slide-inner\"><img decoding=\"async\" class=\"swiper-slide-image\" src=\"https:\/\/mynfcbusinesscard.com\/wp-content\/uploads\/2022\/04\/IMG_1266.jpg\" alt=\"biglietti da visita digitali NFC\" \/><\/figure><\/div><div class=\"swiper-slide\" role=\"group\" aria-roledescription=\"slide\" aria-label=\"2 of 15\"><figure class=\"swiper-slide-inner\"><img decoding=\"async\" class=\"swiper-slide-image\" src=\"https:\/\/mynfcbusinesscard.com\/wp-content\/uploads\/2022\/03\/IMG_9921.jpg\" alt=\"biglietti da visita digitali NFC - NEXLAM\" \/><\/figure><\/div><div class=\"swiper-slide\" role=\"group\" aria-roledescription=\"slide\" aria-label=\"3 of 15\"><figure class=\"swiper-slide-inner\"><img decoding=\"async\" class=\"swiper-slide-image\" src=\"https:\/\/mynfcbusinesscard.com\/wp-content\/uploads\/2022\/03\/IMG_8997.jpg\" alt=\"biglietti da visita digitali NFC - Don Pablo\" \/><\/figure><\/div><div class=\"swiper-slide\" role=\"group\" aria-roledescription=\"slide\" aria-label=\"4 of 15\"><figure class=\"swiper-slide-inner\"><img decoding=\"async\" class=\"swiper-slide-image\" src=\"https:\/\/mynfcbusinesscard.com\/wp-content\/uploads\/2022\/10\/IMG_5027.jpg\" alt=\"biglietti da visita digitali NFC - NEOS\" \/><\/figure><\/div><div class=\"swiper-slide\" role=\"group\" aria-roledescription=\"slide\" aria-label=\"5 of 15\"><figure class=\"swiper-slide-inner\"><img decoding=\"async\" class=\"swiper-slide-image\" src=\"https:\/\/mynfcbusinesscard.com\/wp-content\/uploads\/2022\/10\/Post-Mnbc-92.jpg\" alt=\"Post-Mnbc-92\" \/><\/figure><\/div><div class=\"swiper-slide\" role=\"group\" aria-roledescription=\"slide\" aria-label=\"6 of 15\"><figure class=\"swiper-slide-inner\"><img decoding=\"async\" class=\"swiper-slide-image\" src=\"https:\/\/mynfcbusinesscard.com\/wp-content\/uploads\/2022\/03\/photo1647876457-6.jpg\" alt=\"biglietti da visita digitali NFC - Companini Concept\" \/><\/figure><\/div><div class=\"swiper-slide\" role=\"group\" aria-roledescription=\"slide\" aria-label=\"7 of 15\"><figure class=\"swiper-slide-inner\"><img decoding=\"async\" class=\"swiper-slide-image\" src=\"https:\/\/mynfcbusinesscard.com\/wp-content\/uploads\/2022\/04\/IMG_0692.jpg\" alt=\"biglietti da visita digitali NFC - Bliss\" \/><\/figure><\/div><div class=\"swiper-slide\" role=\"group\" aria-roledescription=\"slide\" aria-label=\"8 of 15\"><figure class=\"swiper-slide-inner\"><img decoding=\"async\" class=\"swiper-slide-image\" src=\"https:\/\/mynfcbusinesscard.com\/wp-content\/uploads\/2022\/10\/Post-Mnbc-88.jpg\" alt=\"Post-Mnbc-88\" \/><\/figure><\/div><div class=\"swiper-slide\" role=\"group\" aria-roledescription=\"slide\" aria-label=\"9 of 15\"><figure class=\"swiper-slide-inner\"><img decoding=\"async\" class=\"swiper-slide-image\" src=\"https:\/\/mynfcbusinesscard.com\/wp-content\/uploads\/2022\/10\/Post-Mnbc-84.jpg\" alt=\"Post-Mnbc-84\" \/><\/figure><\/div><div class=\"swiper-slide\" role=\"group\" aria-roledescription=\"slide\" aria-label=\"10 of 15\"><figure class=\"swiper-slide-inner\"><img decoding=\"async\" class=\"swiper-slide-image\" src=\"https:\/\/mynfcbusinesscard.com\/wp-content\/uploads\/2022\/03\/IMG_9700.jpg\" alt=\"biglietti da visita digitali NFC in metallo acciaio - Italian Exhibition group\" \/><\/figure><\/div><div class=\"swiper-slide\" role=\"group\" aria-roledescription=\"slide\" aria-label=\"11 of 15\"><figure class=\"swiper-slide-inner\"><img decoding=\"async\" class=\"swiper-slide-image\" src=\"https:\/\/mynfcbusinesscard.com\/wp-content\/uploads\/2022\/03\/IMG_0202-1.jpg\" alt=\"biglietti da visita digitali NFC in legno di bamb\u00f9 Roberto Marconi\" \/><\/figure><\/div><div class=\"swiper-slide\" role=\"group\" aria-roledescription=\"slide\" aria-label=\"12 of 15\"><figure class=\"swiper-slide-inner\"><img decoding=\"async\" class=\"swiper-slide-image\" src=\"https:\/\/mynfcbusinesscard.com\/wp-content\/uploads\/2022\/10\/Story-MnBc-49.jpg\" alt=\"Story---MnBc-49\" \/><\/figure><\/div><div class=\"swiper-slide\" role=\"group\" aria-roledescription=\"slide\" aria-label=\"13 of 15\"><figure class=\"swiper-slide-inner\"><img decoding=\"async\" class=\"swiper-slide-image\" src=\"https:\/\/mynfcbusinesscard.com\/wp-content\/uploads\/2022\/10\/photo1661768447-Modifica.jpg\" alt=\"photo1661768447-Modifica\" \/><\/figure><\/div><div class=\"swiper-slide\" role=\"group\" aria-roledescription=\"slide\" aria-label=\"14 of 15\"><figure class=\"swiper-slide-inner\"><img decoding=\"async\" class=\"swiper-slide-image\" src=\"https:\/\/mynfcbusinesscard.com\/wp-content\/uploads\/2022\/10\/Post-Mnbc-87.jpg\" alt=\"Post-Mnbc-87\" \/><\/figure><\/div><div class=\"swiper-slide\" role=\"group\" aria-roledescription=\"slide\" aria-label=\"15 of 15\"><figure class=\"swiper-slide-inner\"><img decoding=\"async\" class=\"swiper-slide-image\" src=\"https:\/\/mynfcbusinesscard.com\/wp-content\/uploads\/2022\/10\/Post-Mnbc-79.jpg\" alt=\"Post-Mnbc-79\" \/><\/figure><\/div>\t\t\t<\/div>\n\t\t\t\t\t\t\t\t\t\t\t\t<div class=\"elementor-swiper-button elementor-swiper-button-prev\" role=\"button\" tabindex=\"0\">\n\t\t\t\t\t\t<i aria-hidden=\"true\" class=\"eicon-chevron-left\"><\/i>\t\t\t\t\t<\/div>\n\t\t\t\t\t<div class=\"elementor-swiper-button elementor-swiper-button-next\" role=\"button\" tabindex=\"0\">\n\t\t\t\t\t\t<i aria-hidden=\"true\" class=\"eicon-chevron-right\"><\/i>\t\t\t\t\t<\/div>\n\t\t\t\t\n\t\t\t\t\t\t\t\t\t<\/div>\n\t\t\t\t\t\t<\/div>\n\t\t\t\t<\/div>\n\t\t\t\t\t<\/div>\n\t\t<\/div>\n\t\t\t\t\t<\/div>\n\t\t<\/section>\n\t\t\t\t<\/div>\n\t\t","protected":false},"excerpt":{"rendered":"<p>ERSTATTUNG UND VERSANDPOLITIK ERSTATTUNGSPOLITIK Wir bei MNBC m\u00f6chten, dass Sie jedes Mal, wenn Sie bei uns einkaufen, eine positive Erfahrung machen. MNBC kann Erstattungen nur nach einer g\u00fcltigen Stornierungsbest\u00e4tigung vornehmen. Stornierungen werden erst nach Best\u00e4tigung durch MNBC als g\u00fcltig betrachtet. Sie erhalten eine E-Mail, in der die Stornierung Ihrer Bestellung best\u00e4tigt wird, woraufhin Sie eine [&hellip;]<\/p>\n","protected":false},"author":1,"featured_media":0,"parent":0,"menu_order":0,"comment_status":"closed","ping_status":"closed","template":"elementor_header_footer","meta":{"_acf_changed":false,"ocean_post_layout":"","ocean_both_sidebars_style":"","ocean_both_sidebars_content_width":0,"ocean_both_sidebars_sidebars_width":0,"ocean_sidebar":"0","ocean_second_sidebar":"0","ocean_disable_margins":"enable","ocean_add_body_class":"","ocean_shortcode_before_top_bar":"","ocean_shortcode_after_top_bar":"","ocean_shortcode_before_header":"","ocean_shortcode_after_header":"","ocean_has_shortcode":"","ocean_shortcode_after_title":"","ocean_shortcode_before_footer_widgets":"","ocean_shortcode_after_footer_widgets":"","ocean_shortcode_before_footer_bottom":"","ocean_shortcode_after_footer_bottom":"","ocean_display_top_bar":"off","ocean_display_header":"default","ocean_header_style":"","ocean_center_header_left_menu":"0","ocean_custom_header_template":"0","ocean_custom_logo":0,"ocean_custom_retina_logo":0,"ocean_custom_logo_max_width":0,"ocean_custom_logo_tablet_max_width":0,"ocean_custom_logo_mobile_max_width":0,"ocean_custom_logo_max_height":0,"ocean_custom_logo_tablet_max_height":0,"ocean_custom_logo_mobile_max_height":0,"ocean_header_custom_menu":"0","ocean_menu_typo_font_family":"0","ocean_menu_typo_font_subset":"","ocean_menu_typo_font_size":0,"ocean_menu_typo_font_size_tablet":0,"ocean_menu_typo_font_size_mobile":0,"ocean_menu_typo_font_size_unit":"px","ocean_menu_typo_font_weight":"","ocean_menu_typo_font_weight_tablet":"","ocean_menu_typo_font_weight_mobile":"","ocean_menu_typo_transform":"","ocean_menu_typo_transform_tablet":"","ocean_menu_typo_transform_mobile":"","ocean_menu_typo_line_height":0,"ocean_menu_typo_line_height_tablet":0,"ocean_menu_typo_line_height_mobile":0,"ocean_menu_typo_line_height_unit":"","ocean_menu_typo_spacing":0,"ocean_menu_typo_spacing_tablet":0,"ocean_menu_typo_spacing_mobile":0,"ocean_menu_typo_spacing_unit":"","ocean_menu_link_color":"","ocean_menu_link_color_hover":"","ocean_menu_link_color_active":"","ocean_menu_link_background":"","ocean_menu_link_hover_background":"","ocean_menu_link_active_background":"","ocean_menu_social_links_bg":"","ocean_menu_social_hover_links_bg":"","ocean_menu_social_links_color":"","ocean_menu_social_hover_links_color":"","ocean_disable_title":"on","ocean_disable_heading":"default","ocean_post_title":"","ocean_post_subheading":"","ocean_post_title_style":"","ocean_post_title_background_color":"","ocean_post_title_background":0,"ocean_post_title_bg_image_position":"","ocean_post_title_bg_image_attachment":"","ocean_post_title_bg_image_repeat":"","ocean_post_title_bg_image_size":"","ocean_post_title_height":0,"ocean_post_title_bg_overlay":0.5,"ocean_post_title_bg_overlay_color":"","ocean_disable_breadcrumbs":"default","ocean_breadcrumbs_color":"","ocean_breadcrumbs_separator_color":"","ocean_breadcrumbs_links_color":"","ocean_breadcrumbs_links_hover_color":"","ocean_display_footer_widgets":"off","ocean_display_footer_bottom":"default","ocean_custom_footer_template":"0","footnotes":""},"class_list":["post-47573","page","type-page","status-publish","hentry","entry","owp-thumbs-layout-horizontal","owp-btn-normal","owp-tabs-layout-horizontal","has-no-thumbnails","has-product-nav"],"acf":[],"_links":{"self":[{"href":"https:\/\/mynfcbusinesscard.com\/at\/wp-json\/wp\/v2\/pages\/47573","targetHints":{"allow":["GET"]}}],"collection":[{"href":"https:\/\/mynfcbusinesscard.com\/at\/wp-json\/wp\/v2\/pages"}],"about":[{"href":"https:\/\/mynfcbusinesscard.com\/at\/wp-json\/wp\/v2\/types\/page"}],"author":[{"embeddable":true,"href":"https:\/\/mynfcbusinesscard.com\/at\/wp-json\/wp\/v2\/users\/1"}],"replies":[{"embeddable":true,"href":"https:\/\/mynfcbusinesscard.com\/at\/wp-json\/wp\/v2\/comments?post=47573"}],"version-history":[{"count":0,"href":"https:\/\/mynfcbusinesscard.com\/at\/wp-json\/wp\/v2\/pages\/47573\/revisions"}],"wp:attachment":[{"href":"https:\/\/mynfcbusinesscard.com\/at\/wp-json\/wp\/v2\/media?parent=47573"}],"curies":[{"name":"wp","href":"https:\/\/api.w.org\/{rel}","templated":true}]}}