{"id":47569,"date":"2021-10-05T15:55:24","date_gmt":"2021-10-05T13:55:24","guid":{"rendered":"https:\/\/mynfcbusinesscard.com\/datenschutz-bestimmungen\/"},"modified":"2024-08-30T19:43:22","modified_gmt":"2024-08-30T17:43:22","slug":"datenschutzerklarung","status":"publish","type":"page","link":"https:\/\/mynfcbusinesscard.com\/at\/datenschutzerklarung\/","title":{"rendered":"Datenschutz bestimmungen"},"content":{"rendered":"\t\t<div data-elementor-type=\"wp-page\" data-elementor-id=\"47569\" class=\"elementor elementor-47569 elementor-3\" data-elementor-post-type=\"page\">\n\t\t\t\t\t\t<section class=\"has_eae_slider elementor-section elementor-top-section elementor-element elementor-element-a7f0751 elementor-section-boxed elementor-section-height-default elementor-section-height-default\" data-eae-slider=\"84404\" data-id=\"a7f0751\" data-element_type=\"section\" data-e-type=\"section\">\n\t\t\t\t\t\t<div class=\"elementor-container elementor-column-gap-default\">\n\t\t\t\t\t<div class=\"has_eae_slider elementor-column elementor-col-100 elementor-top-column elementor-element elementor-element-d44ef5a\" data-eae-slider=\"22523\" data-id=\"d44ef5a\" data-element_type=\"column\" data-e-type=\"column\">\n\t\t\t<div class=\"elementor-widget-wrap elementor-element-populated\">\n\t\t\t\t\t\t<div class=\"elementor-element elementor-element-4d3c9e7 elementor-widget elementor-widget-heading\" data-id=\"4d3c9e7\" data-element_type=\"widget\" data-e-type=\"widget\" data-widget_type=\"heading.default\">\n\t\t\t\t<div class=\"elementor-widget-container\">\n\t\t\t\t\t<h2 class=\"elementor-heading-title elementor-size-default\">Datenschutz bestimmungen<\/h2>\t\t\t\t<\/div>\n\t\t\t\t<\/div>\n\t\t\t\t<div class=\"elementor-element elementor-element-b672f25 elementor-widget-divider--view-line elementor-widget elementor-widget-divider\" data-id=\"b672f25\" data-element_type=\"widget\" data-e-type=\"widget\" data-widget_type=\"divider.default\">\n\t\t\t\t<div class=\"elementor-widget-container\">\n\t\t\t\t\t\t\t<div class=\"elementor-divider\">\n\t\t\t<span class=\"elementor-divider-separator\">\n\t\t\t\t\t\t<\/span>\n\t\t<\/div>\n\t\t\t\t\t\t<\/div>\n\t\t\t\t<\/div>\n\t\t\t\t\t<\/div>\n\t\t<\/div>\n\t\t\t\t\t<\/div>\n\t\t<\/section>\n\t\t\t\t<section class=\"has_eae_slider elementor-section elementor-top-section elementor-element elementor-element-61c72d6c elementor-section-boxed elementor-section-height-default elementor-section-height-default\" data-eae-slider=\"25245\" data-id=\"61c72d6c\" data-element_type=\"section\" data-e-type=\"section\">\n\t\t\t\t\t\t<div class=\"elementor-container elementor-column-gap-default\">\n\t\t\t\t\t<div class=\"has_eae_slider elementor-column elementor-col-100 elementor-top-column elementor-element elementor-element-3bf08f22\" data-eae-slider=\"70947\" data-id=\"3bf08f22\" data-element_type=\"column\" data-e-type=\"column\">\n\t\t\t<div class=\"elementor-widget-wrap elementor-element-populated\">\n\t\t\t\t\t\t<div class=\"elementor-element elementor-element-2ad44364 elementor-widget elementor-widget-text-editor\" data-id=\"2ad44364\" data-element_type=\"widget\" data-e-type=\"widget\" data-widget_type=\"text-editor.default\">\n\t\t\t\t<div class=\"elementor-widget-container\">\n\t\t\t\t\t\t\t\t\t<h2><span class=\"fs11lh1-5\">Datenschutzerkl\u00e4rung von www.mynfcbusinesscard.com<\/span><\/h2>\n<h3><b style=\"color: #f62da8; font-size: 18px;\"><span class=\"fs11lh1-5\">1. Einf\u00fchrung<\/span><\/b><\/h3>\n<div><span class=\"fs11lh1-5\">Willkommen bei www.mynfcbusinesscard.com. Ihre Privatsph\u00e4re ist uns sehr wichtig. Diese Datenschutzerkl\u00e4rung beschreibt, wie wir Ihre personenbezogenen Daten sammeln, verwenden und sch\u00fctzen, wenn Sie unsere Website und unsere abonnementbasierten E-Commerce-Dienste sowie die Plattform zur Verwaltung digitaler Visitenkarten nutzen.<\/span><\/div>\n<h3><b style=\"color: #f62da8; font-size: 18px;\"><span class=\"fs11lh1-5\">2. Marke<\/span><\/b><\/h3>\n<div><span class=\"fs11lh1-5\">Der alleinige Eigent\u00fcmer der Marke und anderer Unterscheidungsmerkmale ist Sviluppo Progetti SC. Diese Seite beschreibt die Verwaltung der Website in Bezug auf die Verarbeitung personenbezogener Daten von Nutzern, die sie besuchen. Diese Informationen werden auch gem\u00e4\u00df Artikel 13 des Gesetzesdekrets Nr. 196\/2003 &#8211; Kodex zum Schutz personenbezogener Daten &#8211; denjenigen zur Verf\u00fcgung gestellt, die mit den Webdiensten der Website interagieren, die elektronisch unter der Adresse zug\u00e4nglich sind: https:\/\/mynfcbusinesscard.com\/, entsprechend der Startseite der offiziellen Website der Firma Sviluppo Progetti SC, mit Sitz in Viale Tricesimo 246\/B \u2013 33100 Udine UD \u2013 E-Mail: support@mynfcbusinesscard.com. Diese Informationen werden nur f\u00fcr die Website https:\/\/mynfcbusinesscard.com bereitgestellt und k\u00f6nnen von den Nutzern auch \u00fcber Links eingesehen werden.<\/span><\/div>\n<div><span class=\"fs11lh1-5\">Die Informationen st\u00fctzen sich auch auf die Empfehlung Nr. 2\/2001, die die europ\u00e4ischen Datenschutzbeh\u00f6rden, die in der gem\u00e4\u00df Artikel 29 der Richtlinie Nr. 95\/46\/EG eingerichteten Gruppe versammelt sind, am 17. Mai 2001 angenommen haben, um bestimmte Mindestanforderungen f\u00fcr die Online-Erfassung personenbezogener Daten zu identifizieren, insbesondere die Methoden, den Zeitpunkt und die Art der Informationen, die die Verantwortlichen den Nutzern bei der Verbindung zu Webseiten bereitstellen m\u00fcssen, unabh\u00e4ngig von den Zwecken der Verbindung. Die Empfehlung und eine zusammenfassende Beschreibung ihrer Ziele sind auf anderen Seiten dieser Website zu finden.<\/span><\/div>\n<div><span class=\"fs11lh1-5\">Texte und Fotos d\u00fcrfen ohne die Zustimmung der Firma Sviluppo Progetti SC nicht verwendet werden.<\/span><\/div>\n<h3><b style=\"color: #f62da8; font-size: 18px;\"><span class=\"fs11lh1-5\">3. Datenverantwortlicher<\/span><\/b><\/h3>\n<div><span class=\"fs11lh1-5\">Der Datenverantwortliche ist Sviluppo Progetti SC, mit Sitz in Viale Tricesimo 246\/B 33100 Udine (UD), Umsatzsteuer-Identifikationsnummer 01326850938, erreichbar unter der E-Mail-Adresse: support@mynfcbusinesscard.com und telefonisch unter +39 0422 1628689.<\/span><\/div>\n<h3><b style=\"color: #f62da8; font-size: 18px;\"><span class=\"fs11lh1-5\">4. Arten der erhobenen Daten<\/span><\/b><\/h3>\n<div><span class=\"fs11lh1-5\">Wir sammeln und verarbeiten folgende personenbezogene Daten:<\/span><\/div>\n<ul>\n<li><span class=\"fs11lh1-5\">Identifikationsdaten: Name, Nachname, E-Mail-Adresse, Telefonnummer.<\/span><\/li>\n<li><span class=\"fs11lh1-5\">Zahlungsdaten: F\u00fcr die Zahlung erforderliche Informationen, wie Kreditkartendaten oder andere Zahlungsinformationen.<\/span><\/li>\n<li><span class=\"fs11lh1-5\">Browsing-Daten: IP-Adresse, Protokolldaten, Browser-Typ, besuchte Seiten und andere Browsing-Informationen.<\/span><\/li>\n<li><span class=\"fs11lh1-5\">Abonnementdaten: Informationen zu Ihren Abonnements und genutzten Diensten.<\/span><\/li>\n<li><span class=\"fs11lh1-5\">Daten der digitalen Visitenkarte: Vom Kunden in die digitale Visitenkarte eingegebene Informationen, wie Name, Berufsbezeichnung, Unternehmen, Kontakte und andere bereitgestellte Details. Dies kann auch PDF-Dokumente, Bilder und Links zu anderen Websites und Plattformen umfassen.<\/span><\/li>\n<li><span class=\"fs11lh1-5\">Daten des Chat-Supports: Transkripte von Chat-Support-Gespr\u00e4chen, einschlie\u00dflich der w\u00e4hrend der Interaktion bereitgestellten Details.<\/span><\/li>\n<\/ul>\n<h3><b style=\"color: #f62da8; font-size: 18px;\"><span class=\"fs11lh1-5\">5. Zweck der Verarbeitung<\/span><\/b><\/h3>\n<div><span class=\"fs11lh1-5\">Ihre personenbezogenen Daten werden zu folgenden Zwecken gesammelt und verarbeitet:<\/span><\/div>\n<ul>\n<li><span class=\"fs11lh1-5\">Bereitstellung von Dienstleistungen: Um Ihr Konto zu erstellen und zu verwalten, Ihre Bestellungen und Abonnements zu bearbeiten und unsere Dienstleistungen bereitzustellen.<\/span><\/li>\n<li><span class=\"fs11lh1-5\">Kundensupport: Um Ihre Anfragen zu beantworten und technischen Support, einschlie\u00dflich Chat-Support, zu bieten.<\/span><\/li>\n<li><span class=\"fs11lh1-5\">Serviceverbesserung: Um unsere Dienstleistungen und die Benutzererfahrung auf unserer Website zu verbessern.<\/span><\/li>\n<li><span class=\"fs11lh1-5\">Marketing: Um Ihnen kommerzielle und Werbemitteilungen zu senden, vorbehaltlich Ihrer Zustimmung.<\/span><\/li>\n<li><span class=\"fs11lh1-5\">Einhaltung gesetzlicher Vorschriften: Um rechtlichen Verpflichtungen nachzukommen und Streitigkeiten zu kl\u00e4ren.<\/span><\/li>\n<\/ul>\n<h3><b style=\"color: #f62da8; font-size: 18px;\"><span class=\"fs11lh1-5\">6. Rechtsgrundlage der Verarbeitung<\/span><\/b><\/h3>\n<div><span class=\"fs11lh1-5\">Wir verarbeiten Ihre personenbezogenen Daten auf der Grundlage der folgenden Rechtsgrundlagen:<\/span><\/div>\n<ul>\n<li><span class=\"fs11lh1-5\">Vertragserf\u00fcllung: Die Verarbeitung ist zur Erf\u00fcllung eines Vertrags, dessen Vertragspartei Sie sind, erforderlich.<\/span><\/li>\n<li><span class=\"fs11lh1-5\">Einwilligung: Sie haben Ihre Einwilligung zur Verarbeitung Ihrer Daten f\u00fcr bestimmte Zwecke gegeben.<\/span><\/li>\n<li><span class=\"fs11lh1-5\">Gesetzliche Verpflichtungen: Die Verarbeitung ist zur Erf\u00fcllung gesetzlicher Verpflichtungen erforderlich, denen wir unterliegen.<\/span><\/li>\n<li><span class=\"fs11lh1-5\">Berechtigtes Interesse: Die Verarbeitung ist zur Verfolgung unserer berechtigten Interessen erforderlich, sofern Ihre Grundrechte und Freiheiten nicht \u00fcberwiegen.<\/span><\/li>\n<\/ul>\n<h3><b style=\"color: #f62da8; font-size: 18px;\"><span class=\"fs11lh1-5\">7. Datenspeicherung<\/span><\/b><\/h3>\n<div><span class=\"fs11lh1-5\">Wir speichern Ihre personenbezogenen Daten nur so lange, wie es notwendig ist, um die Zwecke zu erf\u00fcllen, f\u00fcr die sie gesammelt wurden, und in jedem Fall nicht l\u00e4nger als die gesetzlich vorgeschriebenen Fristen.<\/span><\/div>\n<h3><b style=\"color: #f62da8; font-size: 18px;\"><span class=\"fs11lh1-5\">8. Datenweitergabe<\/span><\/b><\/h3>\n<div><span class=\"fs11lh1-5\">Ihre personenbezogenen Daten k\u00f6nnen weitergegeben werden an:<\/span><\/div>\n<ul>\n<li><span class=\"fs11lh1-5\">Serverplan: Dritte, die Dienstleistungen in unserem Auftrag erbringen, wie Zahlungsabwicklung, Website-Hosting, technischer Support und Chat-Unterst\u00fctzung.<\/span><\/li>\n<li><span class=\"fs11lh1-5\">Serverplan: Web-Hosting;<\/span><\/li>\n<li><span class=\"fs11lh1-5\">Tawk: WP-Plugin Chat;<\/span><\/li>\n<li><span class=\"fs11lh1-5\">Woocommerce: E-Commerce-Zahlungsplattform;<\/span><\/li>\n<li><span class=\"fs11lh1-5\">Google Analytics: E-Commerce-Statistiken;<\/span><\/li>\n<li><span class=\"fs11lh1-5\">Fachleute: Buchhalter und Steuerberater;<\/span><\/li>\n<li><span class=\"fs11lh1-5\">Zust\u00e4ndige Beh\u00f6rden: Wenn dies gesetzlich vorgeschrieben ist oder zum Schutz unserer Rechte.<\/span><\/li>\n<\/ul>\n<h3><b style=\"color: #f62da8; font-size: 18px;\"><span class=\"fs11lh1-5\">9. Daten\u00fcbertragung au\u00dferhalb der Europ\u00e4ischen Union<\/span><\/b><\/h3>\n<div><span class=\"fs11lh1-5\">Personenbezogene Daten k\u00f6nnen nur in L\u00e4nder au\u00dferhalb der Europ\u00e4ischen Union \u00fcbertragen werden, die ein angemessenes Datenschutzniveau gew\u00e4hrleisten oder mit geeigneten Schutzma\u00dfnahmen gem\u00e4\u00df den geltenden Gesetzen ausgestattet sind.<\/span><\/div>\n<h3><b style=\"color: #f62da8; font-size: 18px;\"><span class=\"fs11lh1-5\">10. Rechte der betroffenen Person<\/span><\/b><\/h3>\n<div><span class=\"fs11lh1-5\">Sie haben das Recht:<\/span><\/div>\n<ul>\n<li><span class=\"fs11lh1-5\">Auf Ihre personenbezogenen Daten zuzugreifen und eine Kopie davon anzufordern.<\/span><\/li>\n<li><span class=\"fs11lh1-5\">Die Berichtigung etwaiger Ungenauigkeiten in Ihren personenbezogenen Daten zu verlangen.<\/span><\/li>\n<li><span class=\"fs11lh1-5\">Die L\u00f6schung Ihrer personenbezogenen Daten unter bestimmten Bedingungen zu verlangen.<\/span><\/li>\n<li><span class=\"fs11lh1-5\">Der Verarbeitung Ihrer personenbezogenen Daten zu widersprechen.<\/span><\/li>\n<li><span class=\"fs11lh1-5\">Die Einschr\u00e4nkung der Verarbeitung unter bestimmten Bedingungen zu verlangen.<\/span><\/li>\n<li><span class=\"fs11lh1-5\">Die \u00dcbertragung Ihrer Daten an einen anderen Verantwortlichen zu verlangen.<\/span><\/li>\n<li><span class=\"fs11lh1-5\">Ihre Einwilligung jederzeit zu widerrufen, ohne die Rechtm\u00e4\u00dfigkeit der auf der Einwilligung vor ihrem Widerruf beruhenden Verarbeitung zu beeintr\u00e4chtigen.<\/span><\/li>\n<\/ul>\n<div><span class=\"fs11lh1-5\">Um Ihre Rechte auszu\u00fcben, k\u00f6nnen Sie uns unter der E-Mail-Adresse support@mynfcbusinesscard.com kontaktieren.<\/span><\/div>\n<h3><b style=\"color: #f62da8; font-size: 18px;\"><span class=\"fs11lh1-5\">11. Datensicherheit<\/span><\/b><\/h3>\n<div><span class=\"fs11lh1-5\">Wir ergreifen geeignete Sicherheitsma\u00dfnahmen, um Ihre personenbezogenen Daten vor unbefugtem Zugriff, Offenlegung, \u00c4nderung oder Zerst\u00f6rung zu sch\u00fctzen.<\/span><\/div>\n<h3><b style=\"color: #f62da8; font-size: 18px;\"><span class=\"fs11lh1-5\">12. \u00c4nderungen der Datenschutzerkl\u00e4rung<\/span><\/b><\/h3>\n<div><span class=\"fs11lh1-5\">Wir behalten uns das Recht vor, diese Datenschutzerkl\u00e4rung jederzeit zu \u00e4ndern. Die aktualisierte Version wird auf unserer Website ver\u00f6ffentlicht, und Sie werden \u00fcber wesentliche \u00c4nderungen informiert.<\/span><\/div>\n<h3><b style=\"color: #f62da8; font-size: 18px;\"><span class=\"fs11lh1-5\">13. Kontaktinformationen<\/span><\/b><\/h3>\n<div><span class=\"fs11lh1-5\">Wenn Sie Fragen oder Bedenken zu dieser Datenschutzerkl\u00e4rung oder zur Verarbeitung Ihrer personenbezogenen Daten haben, k\u00f6nnen Sie uns kontaktieren:<\/span><\/div>\n<div><b><span class=\"fs11lh1-5\">Sviluppo Progetti SC<\/span><\/b><br>\n<span class=\"fs11lh1-5\">Viale Tricesimo 246\/B 33100 Udine (UD)<\/span><br>\n<span class=\"fs11lh1-5\">Umsatzsteuer-Identifikationsnummer 01326850938<\/span><br>\n<span class=\"fs11lh1-5\">E-Mail: support@mynfcbusinesscard.com<\/span><br>\n<span class=\"fs11lh1-5\">Telefon: +39 0422 1628689<\/span><\/div>\t\t\t\t\t\t\t\t<\/div>\n\t\t\t\t<\/div>\n\t\t\t\t\t<\/div>\n\t\t<\/div>\n\t\t\t\t\t<\/div>\n\t\t<\/section>\n\t\t\t\t<\/div>\n\t\t","protected":false},"excerpt":{"rendered":"<p>Datenschutzerkl\u00e4rung von www.mynfcbusinesscard.com 1. Einf\u00fchrung Willkommen bei www.mynfcbusinesscard.com. Ihre Privatsph\u00e4re ist uns sehr wichtig. Diese Datenschutzerkl\u00e4rung beschreibt, wie wir Ihre personenbezogenen Daten sammeln, verwenden und sch\u00fctzen, wenn Sie unsere Website und unsere abonnementbasierten E-Commerce-Dienste sowie die Plattform zur Verwaltung digitaler Visitenkarten nutzen. 2. Marke Der alleinige Eigent\u00fcmer der Marke und anderer Unterscheidungsmerkmale ist Sviluppo Progetti [&hellip;]<\/p>\n","protected":false},"author":1,"featured_media":0,"parent":0,"menu_order":0,"comment_status":"closed","ping_status":"open","template":"elementor_header_footer","meta":{"_acf_changed":false,"ocean_post_layout":"","ocean_both_sidebars_style":"","ocean_both_sidebars_content_width":0,"ocean_both_sidebars_sidebars_width":0,"ocean_sidebar":"0","ocean_second_sidebar":"0","ocean_disable_margins":"enable","ocean_add_body_class":"","ocean_shortcode_before_top_bar":"","ocean_shortcode_after_top_bar":"","ocean_shortcode_before_header":"","ocean_shortcode_after_header":"","ocean_has_shortcode":"","ocean_shortcode_after_title":"","ocean_shortcode_before_footer_widgets":"","ocean_shortcode_after_footer_widgets":"","ocean_shortcode_before_footer_bottom":"","ocean_shortcode_after_footer_bottom":"","ocean_display_top_bar":"off","ocean_display_header":"default","ocean_header_style":"","ocean_center_header_left_menu":"0","ocean_custom_header_template":"0","ocean_custom_logo":0,"ocean_custom_retina_logo":0,"ocean_custom_logo_max_width":0,"ocean_custom_logo_tablet_max_width":0,"ocean_custom_logo_mobile_max_width":0,"ocean_custom_logo_max_height":0,"ocean_custom_logo_tablet_max_height":0,"ocean_custom_logo_mobile_max_height":0,"ocean_header_custom_menu":"0","ocean_menu_typo_font_family":"0","ocean_menu_typo_font_subset":"","ocean_menu_typo_font_size":0,"ocean_menu_typo_font_size_tablet":0,"ocean_menu_typo_font_size_mobile":0,"ocean_menu_typo_font_size_unit":"px","ocean_menu_typo_font_weight":"","ocean_menu_typo_font_weight_tablet":"","ocean_menu_typo_font_weight_mobile":"","ocean_menu_typo_transform":"","ocean_menu_typo_transform_tablet":"","ocean_menu_typo_transform_mobile":"","ocean_menu_typo_line_height":0,"ocean_menu_typo_line_height_tablet":0,"ocean_menu_typo_line_height_mobile":0,"ocean_menu_typo_line_height_unit":"","ocean_menu_typo_spacing":0,"ocean_menu_typo_spacing_tablet":0,"ocean_menu_typo_spacing_mobile":0,"ocean_menu_typo_spacing_unit":"","ocean_menu_link_color":"","ocean_menu_link_color_hover":"","ocean_menu_link_color_active":"","ocean_menu_link_background":"","ocean_menu_link_hover_background":"","ocean_menu_link_active_background":"","ocean_menu_social_links_bg":"","ocean_menu_social_hover_links_bg":"","ocean_menu_social_links_color":"","ocean_menu_social_hover_links_color":"","ocean_disable_title":"on","ocean_disable_heading":"default","ocean_post_title":"","ocean_post_subheading":"","ocean_post_title_style":"","ocean_post_title_background_color":"","ocean_post_title_background":0,"ocean_post_title_bg_image_position":"","ocean_post_title_bg_image_attachment":"","ocean_post_title_bg_image_repeat":"","ocean_post_title_bg_image_size":"","ocean_post_title_height":0,"ocean_post_title_bg_overlay":0.5,"ocean_post_title_bg_overlay_color":"","ocean_disable_breadcrumbs":"default","ocean_breadcrumbs_color":"","ocean_breadcrumbs_separator_color":"","ocean_breadcrumbs_links_color":"","ocean_breadcrumbs_links_hover_color":"","ocean_display_footer_widgets":"default","ocean_display_footer_bottom":"default","ocean_custom_footer_template":"0","footnotes":""},"class_list":["post-47569","page","type-page","status-publish","hentry","entry","owp-thumbs-layout-horizontal","owp-btn-normal","owp-tabs-layout-horizontal","has-no-thumbnails","has-product-nav"],"acf":[],"_links":{"self":[{"href":"https:\/\/mynfcbusinesscard.com\/at\/wp-json\/wp\/v2\/pages\/47569","targetHints":{"allow":["GET"]}}],"collection":[{"href":"https:\/\/mynfcbusinesscard.com\/at\/wp-json\/wp\/v2\/pages"}],"about":[{"href":"https:\/\/mynfcbusinesscard.com\/at\/wp-json\/wp\/v2\/types\/page"}],"author":[{"embeddable":true,"href":"https:\/\/mynfcbusinesscard.com\/at\/wp-json\/wp\/v2\/users\/1"}],"replies":[{"embeddable":true,"href":"https:\/\/mynfcbusinesscard.com\/at\/wp-json\/wp\/v2\/comments?post=47569"}],"version-history":[{"count":19,"href":"https:\/\/mynfcbusinesscard.com\/at\/wp-json\/wp\/v2\/pages\/47569\/revisions"}],"predecessor-version":[{"id":59477,"href":"https:\/\/mynfcbusinesscard.com\/at\/wp-json\/wp\/v2\/pages\/47569\/revisions\/59477"}],"wp:attachment":[{"href":"https:\/\/mynfcbusinesscard.com\/at\/wp-json\/wp\/v2\/media?parent=47569"}],"curies":[{"name":"wp","href":"https:\/\/api.w.org\/{rel}","templated":true}]}}